{"id":979,"date":"2021-11-16T06:52:10","date_gmt":"2021-11-16T06:52:10","guid":{"rendered":"https:\/\/impreza28.us-themes.com\/?page_id=979"},"modified":"2025-11-04T15:21:52","modified_gmt":"2025-11-04T14:21:52","slug":"seo-agency","status":"publish","type":"page","link":"https:\/\/alaptechnology.pl\/en\/","title":{"rendered":"Home"},"content":{"rendered":"<section class=\"l-section wpb_row hide_on_tablets hide_on_mobiles height_medium full_height valign_center with_img parallax_ver with_shape\"><div class=\"l-section-img\" role=\"img\" data-img-width=\"4064\" data-img-height=\"2286\" style=\"background-image: url(https:\/\/alaptechnology.pl\/wp-content\/uploads\/2025\/05\/glowne-1.png);background-position: bottom center;background-repeat: no-repeat;\"><\/div><div class=\"l-section-overlay\" style=\"background:rgba(0,0,0,0.65)\"><\/div><div class=\"l-section-shape type_curve pos_bottom\" style=\"height:15vmin;\"><svg xmlns=\"http:\/\/www.w3.org\/2000\/svg\" viewbox=\"0 0 64 8\" preserveaspectratio=\"none\" width=\"100%\" height=\"100%\">\r\n\t<path fill=\"currentColor\" d=\"M64 8 L64 0 Q32 15.8 0 0 L0 8 Z\"\/>\r\n<\/svg><\/div><div class=\"l-section-h i-cf\"><div class=\"g-cols vc_row via_grid cols_1 laptops-cols_inherit tablets-cols_1 mobiles-cols_1 valign_middle type_default stacking_default\" style=\"--gap:30px;\"><div class=\"wpb_column vc_column_container\"><div class=\"vc_column-inner\"><div class=\"w-separator size_huge\"><\/div><h1 class=\"w-text us_custom_500973ae custom-main-text has_text_color\"><span class=\"w-text-h\"><span class=\"w-text-value\">Zaawansowane rozwi\u0105zania od polskiego producenta i integratora maszyn<\/span><\/span><\/h1><div class=\"w-separator size_small\"><\/div><div class=\"w-separator size_small\"><\/div><div class=\"w-btn-wrapper align_center\"><a class=\"w-btn us-btn-style_1 us_custom_e5a14a1b\" href=\"#about-us\"><span class=\"w-btn-label\">Learn more<\/span><\/a><\/div><div class=\"w-separator size_small\"><\/div><\/div><\/div><\/div><\/div><\/section><section class=\"l-section wpb_row hide_on_default hide_on_laptops height_medium full_height valign_center with_img parallax_ver with_shape\"><div class=\"l-section-img\" role=\"img\" data-img-width=\"1000\" data-img-height=\"667\" style=\"background-image: url(https:\/\/alaptechnology.pl\/wp-content\/uploads\/2025\/01\/396-1.jpg);background-position: bottom center;background-repeat: no-repeat;\"><\/div><div class=\"l-section-overlay\" style=\"background:rgba(0,0,0,0.65)\"><\/div><div class=\"l-section-shape type_curve pos_bottom\" style=\"height:15vmin;\"><svg xmlns=\"http:\/\/www.w3.org\/2000\/svg\" viewbox=\"0 0 64 8\" preserveaspectratio=\"none\" width=\"100%\" height=\"100%\">\r\n\t<path fill=\"currentColor\" d=\"M64 8 L64 0 Q32 15.8 0 0 L0 8 Z\"\/>\r\n<\/svg><\/div><div class=\"l-section-h i-cf\"><div class=\"g-cols vc_row via_grid cols_1 laptops-cols_inherit tablets-cols_1 mobiles-cols_1 valign_middle type_default stacking_default\" style=\"--gap:30px;\"><div class=\"wpb_column vc_column_container\"><div class=\"vc_column-inner\"><div class=\"w-separator size_huge\"><\/div><div class=\"w-text us_custom_500973ae custom-main-text has_text_color\"><span class=\"w-text-h\"><span class=\"w-text-value\">Zaawansowane rozwi\u0105zania od polskiego producenta konstrukcji stalowych, kt\u00f3re nap\u0119dzaj\u0105 rozw\u00f3j Twojego biznesu<\/span><\/span><\/div><div class=\"w-separator size_small\"><\/div><div class=\"w-separator size_small\"><\/div><div class=\"w-btn-wrapper align_center\"><a class=\"w-btn us-btn-style_1 us_custom_e5a14a1b\" href=\"#about-us\"><span class=\"w-btn-label\">Learn more<\/span><\/a><\/div><div class=\"w-separator size_small\"><\/div><\/div><\/div><\/div><\/div><\/section><section class=\"l-section wpb_row us_custom_19737bc8 height_large\" id=\"about-us\"><div class=\"l-section-h i-cf\"><div class=\"g-cols vc_row via_grid cols_2 laptops-cols_inherit tablets-cols_inherit mobiles-cols_1 valign_top type_default stacking_default\" style=\"--gap:5vw;\"><div class=\"wpb_column vc_column_container\"><div class=\"vc_column-inner\"><div class=\"w-text us_custom_44da2e4b has_text_color\"><span class=\"w-text-h\"><span class=\"w-text-value\">Who are we?<\/span><\/span><\/div><div class=\"wpb_text_column us_custom_39592840\"><div class=\"wpb_wrapper\"><h2>Our mission<\/h2>\n<p>W ALAP Technology \u0142\u0105czymy nowoczesn\u0105 technologi\u0119 z do\u015bwiadczeniem, oferuj\u0105c innowacyjne rozwi\u0105zania dla przemys\u0142u. W roli producenta konstrukcji stalowych specjalizujemy si\u0119 w automatyzacji proces\u00f3w, projektowaniu maszyn i dostarczaniu zaawansowanych system\u00f3w produkcyjnych. Wspieramy naszych klient\u00f3w na ka\u017cdym etapie \u2013 od koncepcji po wdro\u017cenie, aby wsp\u00f3lnie budowa\u0107 przysz\u0142o\u015b\u0107 przemys\u0142u. Dowiedz si\u0119 wi\u0119cej o naszej pasji i mo\u017cliwo\u015bciach!<\/p>\n<\/div><\/div><div class=\"w-separator size_small\"><\/div><div class=\"w-btn-wrapper align_none\"><a class=\"w-btn us-btn-style_1\" target=\"_blank\" href=\"https:\/\/alaptechnology.pl\/en\/o-nas\/\"><span class=\"w-btn-label\">Learn more<\/span><\/a><\/div><div class=\"w-separator size_medium\"><\/div><\/div><\/div><div class=\"wpb_column vc_column_container\"><div class=\"vc_column-inner\"><div class=\"g-cols wpb_row via_grid cols_1 laptops-cols_inherit tablets-cols_1 mobiles-cols_1 valign_top type_default stacking_default\" style=\"--gap:30px;\"><div class=\"wpb_column vc_column_container\"><div class=\"vc_column-inner\"><div class=\"w-image us_custom_b3be410f has_height has_ratio align_none\"><div class=\"w-image-h\"><div style=\"padding-bottom:100%\"><\/div><img decoding=\"async\" width=\"683\" height=\"1024\" src=\"https:\/\/alaptechnology.pl\/wp-content\/uploads\/2025\/01\/cemrecan-yurtman-SALk3BwkP-I-unsplash-683x1024.jpg\" class=\"attachment-large size-large\" alt=\"Wysoka pomara\u0144czowa maszyna\" loading=\"lazy\" \/><\/div><\/div><\/div><\/div><\/div><div class=\"w-separator size_custom\" style=\"height:30px\"><\/div><\/div><\/div><\/div><\/div><\/section><section class=\"l-section wpb_row height_large\" id=\"section-14\"><div class=\"l-section-h i-cf\"><div class=\"g-cols vc_row via_grid cols_1 laptops-cols_inherit tablets-cols_inherit mobiles-cols_1 valign_top type_default stacking_default\"><div class=\"wpb_column vc_column_container\"><div class=\"vc_column-inner\"><h2 class=\"w-text us_custom_c8589ac4\"><span class=\"w-text-h\"><span class=\"w-text-value\">Comprehensive Logistics and Automation Solutions<\/span><\/span><\/h2><div class=\"w-separator size_large\"><\/div><div class=\"g-cols wpb_row via_grid cols_2-3 laptops-cols_inherit tablets-cols_inherit mobiles-cols_1 valign_middle type_default reversed stacking_default\" style=\"--gap:3.5vw;\"><div class=\"wpb_column vc_column_container\"><div class=\"vc_column-inner\"><div class=\"w-image us_custom_ccff3bd2 style_shadow-2 has_ratio align_none\"><div class=\"w-image-h\"><div style=\"padding-bottom:75%\"><\/div><div class=\"w-image-shadow\" style=\"background-image:url(https:\/\/alaptechnology.pl\/wp-content\/uploads\/2025\/05\/pal-1024x683.jpg);\"><\/div><img decoding=\"async\" width=\"1024\" height=\"683\" src=\"https:\/\/alaptechnology.pl\/wp-content\/uploads\/2025\/05\/pal-1024x683.jpg\" class=\"attachment-large size-large\" alt=\"paletyzacja\" loading=\"lazy\" \/><\/div><\/div><\/div><\/div><div class=\"wpb_column vc_column_container\"><div class=\"vc_column-inner\"><div class=\"wpb_text_column us_custom_38e07046\"><div class=\"wpb_wrapper\"><h3>Palletizing \/ Depalletizing<\/h3>\n<p>Spo\u015br\u00f3d producent\u00f3w maszyn jeste\u015bmy odpowiedzialni za zaawansowane rozwi\u0105zania dla przemys\u0142u w obr\u0119bie paletyzacji i depaletyzacji, kt\u00f3re obejmuj\u0105 pe\u0142ne systemy transportu i automatyzacji. W naszej ofercie znajduj\u0105 si\u0119 <strong>roller, chain and belt conveyors, turntables, automatic pallet feeders<\/strong>, as well <strong>positioners and stoppers<\/strong>In addition, we offer <strong>depalletizers<\/strong>that streamline internal logistics processes. Our solutions combine innovation with reliability, ensuring efficiency and precision in materials management.<\/p>\n<\/div><\/div><div class=\"w-separator size_small\"><\/div><div class=\"w-btn-wrapper align_left\"><a class=\"w-btn us-btn-style_1 us_custom_0728b4ce\" target=\"_blank\" href=\"https:\/\/alaptechnology.pl\/en\/paletyzacja\/\"><span class=\"w-btn-label\">Palletizing<\/span><\/a><\/div><\/div><\/div><\/div><div class=\"w-separator size_large\"><\/div><div class=\"g-cols wpb_row via_grid cols_3-2 laptops-cols_inherit tablets-cols_inherit mobiles-cols_1 valign_middle type_default stacking_default\" style=\"--gap:3.5vw;\"><div class=\"wpb_column vc_column_container us_custom_6aeaca70\"><div class=\"vc_column-inner\"><div class=\"wpb_text_column us_custom_6aeaca70\"><div class=\"wpb_wrapper\"><h3>Robotization<\/h3>\n<p>We offer advanced robotic solutions tailored to your production needs. We specialize in systems such as <strong>palletizing robots<\/strong>, which streamline logistics processes, and welding robots to ensure precision and efficiency in production. The offer also includes <strong>robot grippers<\/strong>, tailored to a variety of tasks, <strong>work bases<\/strong> dla stabilno\u015bci pracy oraz <strong>comprehensive welding objectives,<\/strong> kt\u00f3re zwi\u0119kszaj\u0105 efektywno\u015b\u0107 operacji. Dzi\u0119ki naszym technologiom i sprawdzonym \u015brodkom automatyki dla przemys\u0142u zyskasz wi\u0119ksz\u0105 wydajno\u015b\u0107 i niezawodno\u015b\u0107 swoich operacji.<\/p>\n<\/div><\/div><div class=\"w-separator size_small\"><\/div><div class=\"w-btn-wrapper align_left\"><a class=\"w-btn us-btn-style_1 us_custom_0728b4ce\" target=\"_blank\" href=\"https:\/\/alaptechnology.pl\/en\/robotyzacja\/\"><span class=\"w-btn-label\">Robotization<\/span><\/a><\/div><\/div><\/div><div class=\"wpb_column vc_column_container\"><div class=\"vc_column-inner\"><div class=\"w-image us_custom_ccff3bd2 style_shadow-2 has_ratio align_none\"><div class=\"w-image-h\"><div style=\"padding-bottom:75%\"><\/div><div class=\"w-image-shadow\" style=\"background-image:url(https:\/\/alaptechnology.pl\/wp-content\/uploads\/2025\/01\/133-1024x683.jpg);\"><\/div><img decoding=\"async\" width=\"1024\" height=\"683\" src=\"https:\/\/alaptechnology.pl\/wp-content\/uploads\/2025\/01\/133-1024x683.jpg\" class=\"attachment-large size-large\" alt=\"Czerwone roboty na montowni\" loading=\"lazy\" \/><\/div><\/div><\/div><\/div><\/div><div class=\"w-separator size_large\"><\/div><div class=\"g-cols wpb_row via_grid cols_2-3 laptops-cols_inherit tablets-cols_inherit mobiles-cols_1 valign_middle type_default reversed stacking_default\" style=\"--gap:3.5vw;\"><div class=\"wpb_column vc_column_container\"><div class=\"vc_column-inner\"><div class=\"w-image us_custom_ccff3bd2 style_shadow-2 has_ratio align_none\"><div class=\"w-image-h\"><div style=\"padding-bottom:75%\"><\/div><div class=\"w-image-shadow\" style=\"background-image:url(https:\/\/alaptechnology.pl\/wp-content\/uploads\/2025\/05\/Przemysl-spozywczy-1024x1024.jpg);\"><\/div><img decoding=\"async\" width=\"1024\" height=\"1024\" src=\"https:\/\/alaptechnology.pl\/wp-content\/uploads\/2025\/05\/Przemysl-spozywczy-1024x1024.jpg\" class=\"attachment-large size-large\" alt=\"Przemys\u0142 spo\u017cywczy\" loading=\"lazy\" \/><\/div><\/div><\/div><\/div><div class=\"wpb_column vc_column_container\"><div class=\"vc_column-inner\"><div class=\"wpb_text_column us_custom_38e07046\"><div class=\"wpb_wrapper\"><h3><span>Food industry<\/span><\/h3>\n<p>We provide comprehensive technological solutions for the food industry, including <strong>design and implementation of modern technological lines and their modernization<\/strong>. Jeste\u015bmy <strong>producentem konstrukcji stalowych i podest\u00f3w<\/strong>, kt\u00f3re zapewniaj\u0105 bezpiecze\u0144stwo i funkcjonalno\u015b\u0107 w zak\u0142adach. Oferujemy r\u00f3wnie\u017c wyposa\u017cenie technologiczne dopasowane do specyfiki bran\u017cy, <strong>conveyors<\/strong> for efficient transportation of products and <strong>industrial installations<\/strong>. Uzupe\u0142nieniem naszej oferty jest l<strong>ogistyka pojemnik\u00f3w i karton\u00f3w<\/strong>, pomagaj\u0105ca zoptymalizowa\u0107 procesy magazynowania i dystrybucji. Pomagamy na ka\u017cdym etapie realizacji projektu.<\/p>\n<\/div><\/div><div class=\"w-separator size_small\"><\/div><div class=\"w-btn-wrapper align_left\"><a class=\"w-btn us-btn-style_1 us_custom_0728b4ce\" target=\"_blank\" href=\"https:\/\/alaptechnology.pl\/en\/przemysl-spozywczy\/\"><span class=\"w-btn-label\">Food industry<\/span><\/a><\/div><\/div><\/div><\/div><div class=\"w-separator size_large\"><\/div><div class=\"g-cols wpb_row via_grid cols_3-2 laptops-cols_inherit tablets-cols_inherit mobiles-cols_1 valign_middle type_default stacking_default\" style=\"--gap:3.5vw;\"><div class=\"wpb_column vc_column_container us_custom_6aeaca70\"><div class=\"vc_column-inner\"><div class=\"wpb_text_column us_custom_6aeaca70\"><div class=\"wpb_wrapper\"><h3>Meat industry<\/h3>\n<p>We provide full support in the design and <strong>budowie linii ubojowych<\/strong> i rozbiorowych dla trzody, byd\u0142a i owiec, <strong>uwzgl\u0119dniaj\u0105c zar\u00f3wno cz\u0119\u015b\u0107 brudn\u0105<\/strong>, <strong>jak i czyst\u0105 procesu<\/strong>. Jako polski producent maszyn zajmujemy si\u0119 r\u00f3wnie\u017c<strong> liniami rozbiorowymi i odkastnianiem,<\/strong> dostarczaj\u0105c technologie zapewniaj\u0105ce precyzj\u0119 i higien\u0119 pracy. Oferujemy <strong>refrigerated warehouses with transport queues<\/strong> and <strong>waste vacuum transport systems<\/strong>, which help streamline logistics and maintain high sanitary standards. Our solutions are tailored to the individual needs of facilities, supporting efficiency and compliance.<\/p>\n<\/div><\/div><div class=\"w-separator size_small\"><\/div><div class=\"w-btn-wrapper align_left\"><a class=\"w-btn us-btn-style_1 us_custom_0728b4ce\" target=\"_blank\" href=\"https:\/\/alaptechnology.pl\/en\/przemysl-miesny\/\"><span class=\"w-btn-label\">Meat industry<\/span><\/a><\/div><\/div><\/div><div class=\"wpb_column vc_column_container\"><div class=\"vc_column-inner\"><div class=\"w-image us_custom_ccff3bd2 style_shadow-2 has_ratio align_none\"><div class=\"w-image-h\"><div style=\"padding-bottom:75%\"><\/div><div class=\"w-image-shadow\" style=\"background-image:url(https:\/\/alaptechnology.pl\/wp-content\/uploads\/2025\/05\/iStock-1140576892-1024x683.jpg);\"><\/div><img decoding=\"async\" width=\"1024\" height=\"683\" src=\"https:\/\/alaptechnology.pl\/wp-content\/uploads\/2025\/05\/iStock-1140576892-1024x683.jpg\" class=\"attachment-large size-large\" alt=\"Przemys\u0142 mi\u0119sny\" loading=\"lazy\" \/><\/div><\/div><\/div><\/div><\/div><div class=\"w-separator size_large\"><\/div><div class=\"g-cols wpb_row via_grid cols_2-3 laptops-cols_inherit tablets-cols_inherit mobiles-cols_1 valign_middle type_default reversed stacking_default\" style=\"--gap:3.5vw;\"><div class=\"wpb_column vc_column_container\"><div class=\"vc_column-inner\"><div class=\"w-image us_custom_ccff3bd2 style_shadow-2 has_ratio align_none\"><div class=\"w-image-h\"><div style=\"padding-bottom:75%\"><\/div><div class=\"w-image-shadow\" style=\"background-image:url(https:\/\/alaptechnology.pl\/wp-content\/uploads\/2025\/01\/mezczyzna-pracuje-w-fabryce-metali-przy-pomocy-specjalnych-narzedzi-spawa-kawalek-szyny_613910-17144-1024x683.jpg);\"><\/div><img decoding=\"async\" width=\"1024\" height=\"683\" src=\"https:\/\/alaptechnology.pl\/wp-content\/uploads\/2025\/01\/mezczyzna-pracuje-w-fabryce-metali-przy-pomocy-specjalnych-narzedzi-spawa-kawalek-szyny_613910-17144-1024x683.jpg\" class=\"attachment-large size-large\" alt=\"M\u0119\u017cczyzna spawaj\u0105cy metal w kostiumie\" loading=\"lazy\" \/><\/div><\/div><\/div><\/div><div class=\"wpb_column vc_column_container\"><div class=\"vc_column-inner\"><div class=\"wpb_text_column us_custom_38e07046\"><div class=\"wpb_wrapper\"><h3>Services<\/h3>\n<p>We specialize in complex industrial processes, such as precision <strong>stainless steel welding<\/strong>, including <strong>, including<\/strong>, which ensures exceptional accuracy and durability of connections. We also create <strong>prototypes of special machines and equipment<\/strong>. We offer comprehensive metalworking, including modern techniques tailored to individual needs. Complementing our offer is <strong>mechanical and electrical assembly<\/strong>y, kt\u00f3ry gwarantuje pe\u0142n\u0105 funkcjonalno\u015b\u0107 i niezawodno\u015b\u0107 ko\u0144cowych produkt\u00f3w. Us\u0142ugi od producenta linii produkcyjnych ALAP Technology s\u0105 skierowane do firm szukaj\u0105cych zaawansowanych technologicznie rozwi\u0105za\u0144 i wysokiej jako\u015bci wykonania.<\/p>\n<\/div><\/div><div class=\"w-separator size_small\"><\/div><div class=\"w-btn-wrapper align_left\"><a class=\"w-btn us-btn-style_1 us_custom_0728b4ce\" target=\"_blank\" href=\"https:\/\/alaptechnology.pl\/en\/uslugi\/\"><span class=\"w-btn-label\">Specialty Technologies<\/span><\/a><\/div><\/div><\/div><\/div><\/div><\/div><\/div><\/div><\/section><section class=\"l-section wpb_row us_custom_72fc42ef height_auto\"><div class=\"l-section-h i-cf\"><div class=\"g-cols vc_row via_grid cols_1 laptops-cols_inherit tablets-cols_inherit mobiles-cols_1 valign_top type_default stacking_default\"><div class=\"wpb_column vc_column_container\"><div class=\"vc_column-inner\"><h3 class=\"w-text us_custom_eb849559\"><span class=\"w-text-h\"><span class=\"w-text-value\">Why us?<\/span><\/span><\/h3><\/div><\/div><\/div><\/div><\/section><section class=\"l-section wpb_row us_custom_b2ce3f6b height_large\"><div class=\"l-section-h i-cf\"><div class=\"g-cols vc_row via_grid cols_2 laptops-cols_inherit tablets-cols_1 mobiles-cols_1 valign_middle type_default stacking_default\"><div class=\"wpb_column vc_column_container\"><div class=\"vc_column-inner\"><div class=\"g-cols wpb_row via_grid cols_2 laptops-cols_1 tablets-cols_inherit mobiles-cols_1 valign_top type_default stacking_default\" style=\"--gap:3rem;\"><div class=\"wpb_column vc_column_container\"><div class=\"vc_column-inner\"><div class=\"w-iconbox iconpos_left style_default color_primary align_left\"><div class=\"w-iconbox-icon\" style=\"font-size:2rem;\"><i class=\"fas fa-wrench\"><\/i><\/div><div class=\"w-iconbox-meta\"><h4 class=\"w-iconbox-title\">Innovation<\/h4><div class=\"w-iconbox-text\"><p>We are constantly introducing modern solutions to offer our customers the latest technologies and improvements.<\/p>\n<\/div><\/div><\/div><div class=\"w-separator size_medium\"><\/div><div class=\"w-iconbox iconpos_left style_default color_primary align_left\"><div class=\"w-iconbox-icon\" style=\"font-size:2rem;\"><i class=\"fas fa-user-check\"><\/i><\/div><div class=\"w-iconbox-meta\"><h4 class=\"w-iconbox-title\">A personalized approach<\/h4><div class=\"w-iconbox-text\"><p>We treat each project individually, taking care of the highest quality and meeting customer expectations.<\/p>\n<\/div><\/div><\/div><\/div><\/div><div class=\"wpb_column vc_column_container\"><div class=\"vc_column-inner\"><div class=\"w-iconbox iconpos_left style_default color_primary align_left\"><div class=\"w-iconbox-icon\" style=\"font-size:2rem;\"><i class=\"fas fa-bullseye\"><\/i><\/div><div class=\"w-iconbox-meta\"><h4 class=\"w-iconbox-title\">Effectiveness<\/h4><div class=\"w-iconbox-text\"><p>Find out how we work! We prioritize transparency, individuality, and effective communication for the best results.<\/p>\n<\/div><\/div><\/div><div class=\"w-separator size_medium\"><\/div><div class=\"w-iconbox iconpos_left style_default color_primary align_left\"><div class=\"w-iconbox-icon\" style=\"font-size:2rem;\"><i class=\"fas fa-cogs\"><\/i><\/div><div class=\"w-iconbox-meta\"><h4 class=\"w-iconbox-title\">Modern technologies<\/h4><div class=\"w-iconbox-text\"><p>We use innovative technologies that provide efficiency and a forward-thinking approach.<\/p>\n<\/div><\/div><\/div><\/div><\/div><\/div><\/div><\/div><div class=\"wpb_column vc_column_container us_custom_e85a62a8 has_bg_color\"><div class=\"vc_column-inner\"><p class=\"w-text us_custom_7c40677c has_text_color\"><span class=\"w-text-h\"><span class=\"w-text-value\">What does the cooperation look like?<\/span><\/span><\/p><div class=\"wpb_text_column us_custom_165d854a has_text_color\"><div class=\"wpb_wrapper\"><p>Find out how we work with our clients! We focus on transparency, individual approach and effective communication to achieve the best results together.<\/p>\n<\/div><\/div><div class=\"w-separator size_small\"><\/div><div class=\"w-btn-wrapper align_center\"><a class=\"w-btn us-btn-style_1 us_custom_e92d61f3\" target=\"_blank\" href=\"https:\/\/alaptechnology.pl\/en\/wspolpraca\/\"><span class=\"w-btn-label\">Collaboration<\/span><\/a><\/div><\/div><\/div><\/div><\/div><\/section><section class=\"l-section wpb_row us_custom_50cc7d67 height_medium\" id=\"section-21\"><div class=\"l-section-h i-cf\"><div class=\"g-cols vc_row via_grid cols_1 laptops-cols_inherit tablets-cols_inherit mobiles-cols_1 valign_top type_default stacking_default\" style=\"--gap:5rem;\"><div class=\"wpb_column vc_column_container us_custom_11984503 has_text_color has_bg_color\"><div class=\"vc_column-inner\"><div class=\"g-cols wpb_row via_grid cols_2 laptops-cols_inherit tablets-cols_inherit mobiles-cols_1 valign_middle type_default stacking_default\" style=\"--gap:0px;\"><div class=\"wpb_column vc_column_container us_custom_62280b32\"><div class=\"vc_column-inner\"><div class=\"wpb_text_column\"><div class=\"wpb_wrapper\"><h4>Projects<\/h4>\n<p>See how our solutions are changing industries - check out our implementations!<\/p>\n<\/div><\/div><div class=\"w-separator size_small\"><\/div><div class=\"w-btn-wrapper align_none\"><a class=\"w-btn us-btn-style_1 icon_atright\" href=\"https:\/\/alaptechnology.pl\/en\/nasze-realizacje\/\"><span class=\"w-btn-label\">Our realizations<\/span><i class=\"fas fa-arrow-right\"><\/i><\/a><\/div><\/div><\/div><div class=\"wpb_column vc_column_container us_custom_80fbe524\"><div class=\"vc_column-inner\"><div class=\"w-image us_custom_6d149020 has_ratio align_none\"><div class=\"w-image-h\"><div style=\"padding-bottom:66.6667%\"><\/div><img decoding=\"async\" width=\"1024\" height=\"683\" src=\"https:\/\/alaptechnology.pl\/wp-content\/uploads\/2025\/01\/4182-1024x683.jpg\" class=\"attachment-large size-large\" alt=\"M\u0119\u017cczyzna stoj\u0105cy przy maszynie\" loading=\"lazy\" \/><\/div><\/div><\/div><\/div><\/div><\/div><\/div><\/div><\/div><\/section><section class=\"l-section wpb_row height_auto width_full\" id=\"bcols\"><div class=\"l-section-h i-cf\"><div class=\"g-cols vc_row via_grid cols_3 laptops-cols_inherit tablets-cols_1 mobiles-cols_1 valign_middle type_default\" style=\"--gap:0rem;\"><div class=\"wpb_column vc_column_container us_custom_c13af3d5 has_text_color us_animate_this\"><div class=\"vc_column-overlay\" style=\"background:rgba(122,177,198,0.85)\"><\/div><div class=\"vc_column-inner\"><h3 class=\"w-text us_custom_628df395\"><span class=\"w-text-h\"><span class=\"w-text-value\">Collaboration<\/span><\/span><\/h3><p class=\"w-text\"><span class=\"w-text-h\"><span class=\"w-text-value\">Learn how we take projects step by step to achieve success together.<\/span><\/span><\/p><div class=\"w-btn-wrapper align_none\"><a class=\"w-btn us-btn-style_1\" target=\"_blank\" href=\"https:\/\/alaptechnology.pl\/en\/wspolpraca\/\"><span class=\"w-btn-label\">Let's start working together<\/span><\/a><\/div><\/div><\/div><div class=\"wpb_column vc_column_container us_custom_55c9e6f8 has_text_color us_animate_this\"><div class=\"vc_column-overlay\" style=\"background:rgba(84,143,171,0.85)\"><\/div><div class=\"vc_column-inner\"><h3 class=\"w-text us_custom_bde1d67f\"><span class=\"w-text-h\"><span class=\"w-text-value\">Contact us<\/span><\/span><\/h3><p class=\"w-text\"><span class=\"w-text-h\"><span class=\"w-text-value\">Do you have questions or need help? We are here to answer your needs!<\/span><\/span><\/p><div class=\"w-btn-wrapper align_none\"><a class=\"w-btn us-btn-style_1 us_custom_db352830\" target=\"_blank\" href=\"https:\/\/alaptechnology.pl\/en\/kontakt\/\"><span class=\"w-btn-label\">Contact<\/span><\/a><\/div><\/div><\/div><div class=\"wpb_column vc_column_container us_custom_cc2b80f9 has_text_color us_animate_this\"><div class=\"vc_column-overlay\" style=\"background:rgba(46,59,82,0.85)\"><\/div><div class=\"vc_column-inner\"><h3 class=\"w-text us_custom_bde1d67f\"><span class=\"w-text-h\"><span class=\"w-text-value\">Inspiration and knowledge<\/span><\/span><\/h3><p class=\"w-text\"><span class=\"w-text-h\"><span class=\"w-text-value\">Visit our blog and discover interesting articles that can inspire you.<\/span><\/span><\/p><div class=\"w-btn-wrapper align_none\"><a class=\"w-btn us-btn-style_1\" target=\"_blank\" href=\"https:\/\/alaptechnology.pl\/en\/blog\/\"><span class=\"w-btn-label\">View entries<\/span><\/a><\/div><\/div><\/div><\/div><\/div><\/section><section class=\"l-section wpb_row height_auto\"><div class=\"l-section-h i-cf\"><div class=\"g-cols vc_row via_grid cols_1 laptops-cols_inherit tablets-cols_inherit mobiles-cols_1 valign_top type_default stacking_default\"><div class=\"wpb_column vc_column_container\"><div class=\"vc_column-inner\"><\/div><\/div><\/div><\/div><\/section>","protected":false},"excerpt":{"rendered":"","protected":false},"author":1,"featured_media":0,"parent":0,"menu_order":0,"comment_status":"closed","ping_status":"closed","template":"","meta":{"footnotes":""},"class_list":["post-979","page","type-page","status-publish","hentry"],"aioseo_notices":[],"_links":{"self":[{"href":"https:\/\/alaptechnology.pl\/en\/wp-json\/wp\/v2\/pages\/979","targetHints":{"allow":["GET"]}}],"collection":[{"href":"https:\/\/alaptechnology.pl\/en\/wp-json\/wp\/v2\/pages"}],"about":[{"href":"https:\/\/alaptechnology.pl\/en\/wp-json\/wp\/v2\/types\/page"}],"author":[{"embeddable":true,"href":"https:\/\/alaptechnology.pl\/en\/wp-json\/wp\/v2\/users\/1"}],"replies":[{"embeddable":true,"href":"https:\/\/alaptechnology.pl\/en\/wp-json\/wp\/v2\/comments?post=979"}],"version-history":[{"count":341,"href":"https:\/\/alaptechnology.pl\/en\/wp-json\/wp\/v2\/pages\/979\/revisions"}],"predecessor-version":[{"id":4039,"href":"https:\/\/alaptechnology.pl\/en\/wp-json\/wp\/v2\/pages\/979\/revisions\/4039"}],"wp:attachment":[{"href":"https:\/\/alaptechnology.pl\/en\/wp-json\/wp\/v2\/media?parent=979"}],"curies":[{"name":"wp","href":"https:\/\/api.w.org\/{rel}","templated":true}]}}