{"id":4194,"date":"2026-01-28T12:32:27","date_gmt":"2026-01-28T11:32:27","guid":{"rendered":"https:\/\/alaptechnology.pl\/?page_id=4194"},"modified":"2026-01-28T12:36:09","modified_gmt":"2026-01-28T11:36:09","slug":"systemy-paletyzacji-i-pakowania","status":"publish","type":"page","link":"https:\/\/alaptechnology.pl\/en\/uslugi\/systemy-paletyzacji-i-pakowania\/","title":{"rendered":"Systemy paletyzacji i pakowania"},"content":{"rendered":"<section class=\"l-section wpb_row us_custom_103975eb height_large full_height valign_center color_footer-bottom\" id=\"section-03\"><div class=\"l-section-h i-cf\"><div class=\"g-cols vc_row via_grid cols_2-3 laptops-cols_inherit tablets-cols_1 mobiles-cols_1 valign_middle type_default stacking_default\" style=\"--gap:5vw;\"><div class=\"wpb_column vc_column_container\"><div class=\"vc_column-inner\"><div class=\"w-image us_custom_10d35ad7 has_height has_ratio align_none\"><div class=\"w-image-h\"><div style=\"padding-bottom:100%\"><\/div><img decoding=\"async\" width=\"767\" height=\"512\" src=\"https:\/\/alaptechnology.pl\/wp-content\/uploads\/2025\/03\/enorm-biofactory-palletizing-food-hygienic-35-1.avif\" class=\"attachment-large size-large\" alt=\"Niebieski robot przemys\u0142owy przenosz\u0105cy czarne pojemniki na ta\u015bmie\" loading=\"lazy\" \/><\/div><\/div><\/div><\/div><div class=\"wpb_column vc_column_container\"><div class=\"vc_column-inner\"><h1 class=\"w-text us_custom_8841920e\"><span class=\"w-text-h\"><span class=\"w-text-value\">Systemy do automatyzacji pakowania i paletyzacji<\/span><\/span><\/h1><div class=\"wpb_text_column us_custom_a5c88937\"><div class=\"wpb_wrapper\"><p>Wsp\u00f3\u0142czesne zak\u0142ady produkcyjne poszukuj\u0105 technologii usprawniaj\u0105cych transport wewn\u0119trzny oraz obs\u0142ug\u0119 gotowych wyrob\u00f3w. Automatyczne systemy pakowania odpowiadaj\u0105 na rosn\u0105ce wymagania bran\u017cy spo\u017cywczej, mi\u0119snej i logistycznej. Dostarczamy urz\u0105dzenia do szybszego uk\u0142adania produkt\u00f3w na paletach. Wykorzystanie przeno\u015bnik\u00f3w rolkowych, ta\u015bmowych i \u0142a\u0144cuchowych wraz z robotami manipulacyjnymi tworzy sp\u00f3jny uk\u0142ad transportowy dostosowany do wymog\u00f3w sanitarnych. Nowoczesne systemy pakowania przemys\u0142owego integruj\u0105 poszczeg\u00f3lne modu\u0142y i znacznie zwi\u0119kszaj\u0105 wydajno\u015b\u0107 razem z bezpiecze\u0144stwem.<\/p>\n<\/div><\/div><div class=\"w-separator size_medium\"><\/div><div class=\"w-btn-wrapper align_none\"><a class=\"w-btn us-btn-style_1\" href=\"#przenosniki_info\"><span class=\"w-btn-label\">Learn more<\/span><\/a><\/div><\/div><\/div><\/div><\/div><\/section><section class=\"l-section wpb_row us_custom_4fb9e5a3 height_medium\" id=\"przenosniki_info\"><div class=\"l-section-overlay\" style=\"background:linear-gradient(0deg,rgba(0,0,0,0.00),rgba(0,0,0,0.05))\"><\/div><div class=\"l-section-h i-cf\"><div class=\"g-cols vc_row via_grid cols_1-2 laptops-cols_inherit tablets-cols_inherit mobiles-cols_1 valign_top type_default reversed stacking_default\"><div class=\"wpb_column vc_column_container us_custom_83820375 has_bg_color\"><div class=\"vc_column-inner\"><div class=\"w-vwrapper align_none valign_top\"><h4 class=\"w-text us_custom_770fb908 has_text_color\"><span class=\"w-text-h\"><span class=\"w-text-value\">Do you need help?<\/span><\/span><\/h4><\/div><div class=\"w-separator size_small\"><\/div><div class=\"wpb_text_column us_custom_6d1f0140 has_text_color\"><div class=\"wpb_wrapper\"><p>Get in touch with us!<br \/>\nWe are ready to find the best solution for you.<\/p>\n<\/div><\/div><div class=\"w-separator size_small\"><\/div><div class=\"w-iconbox us_custom_d7166887 has_text_color iconpos_left style_default color_custom align_left no_text\"><a href=\"tel:+48575244770\" class=\"w-iconbox-link\" aria-label=\"+48 575 244 770\"><div class=\"w-iconbox-icon\" style=\"font-size:2rem;--icon-color:#ffffff;\"><i class=\"fas fa-phone\"><\/i><\/div><\/a><div class=\"w-iconbox-meta\"><a href=\"tel:+48575244770\" class=\"w-iconbox-link\" aria-label=\"+48 575 244 770\"><p class=\"w-iconbox-title\">+48 575 244 770<\/p><\/a><\/div><\/div><div class=\"w-iconbox us_custom_2b1ff3b7 has_text_color iconpos_left style_default color_custom align_left no_text\"><a href=\"mailto:info@alaptechnology.pl\" class=\"w-iconbox-link\" aria-label=\"info@alaptechnology.pl\"><div class=\"w-iconbox-icon\" style=\"font-size:2rem;--icon-color:#ffffff;\"><i class=\"fas fa-envelope\"><\/i><\/div><\/a><div class=\"w-iconbox-meta\"><a href=\"mailto:info@alaptechnology.pl\" class=\"w-iconbox-link\" aria-label=\"info@alaptechnology.pl\"><p class=\"w-iconbox-title\">info@alaptechnology.pl<\/p><\/a><\/div><\/div><div class=\"w-separator size_small\"><\/div><div class=\"w-hwrapper valign_top align_none\"><div class=\"w-btn-wrapper align_center\"><a class=\"w-btn us-btn-style_1 us_custom_f58a0cb9\" href=\"#\"><span class=\"w-btn-label\">Contact<\/span><\/a><\/div><\/div><\/div><\/div><div class=\"wpb_column vc_column_container\"><div class=\"vc_column-inner\"><div class=\"wpb_text_column us_custom_4076faf9 has_text_color\"><div class=\"wpb_wrapper\"><h2>Budowa system\u00f3w do transportu palet<\/h2>\n<p>Zajmujemy si\u0119 budow\u0105 system\u00f3w paletyzacji, w co wlicza si\u0119 r\u00f3wnie\u017c zaprojektowanie, monta\u017c i uruchomienie w zak\u0142adzie produkcyjnym. Budujemy je z modu\u0142\u00f3w dopasowanych do wymiar\u00f3w hali i charakterystyki transportowanych \u0142adunk\u00f3w. Projektujemy uk\u0142ady dla produkt\u00f3w o r\u00f3\u017cnych gabarytach i masie.<\/p>\n<p>Oferujemy automatyczne systemy do paletyzacji ze stali nierdzewnej dla zak\u0142ad\u00f3w spo\u017cywczyc, kt\u00f3re spe\u0142ni\u0105 og\u00f3lnie przyj\u0119te normy. Podczas przygotowa\u0144 wyposa\u017camy je w sterowanie monitoruj\u0105ce pozycj\u0119 \u0142adunk\u00f3w i koryguj\u0105ce odchylenia w czasie rzeczywistym. Modu\u0142owa konstrukcja naszych urz\u0105dze\u0144 u\u0142atwia p\u00f3\u017aniejsz\u0105 rozbudow\u0119 bez konieczno\u015bci wymiany ca\u0142ego uk\u0142adu. Zrobotyzowane systemy do palet dostosowujemy do wyt\u0119\u017conej eksploatacji w warunkach produkcyjnych.<\/p>\n<h2>Linie do pakowania mi\u0119sa dla przemys\u0142u przetw\u00f3rczego<\/h2>\n<p>Bran\u017ca mi\u0119sna musi spe\u0142nia\u0107 okre\u015blone regu\u0142y podczas transportu i obr\u00f3bki surowca. Linie do pakowania w zak\u0142adach mi\u0119snych budujemy ze stali nierdzewnej wytrzymuj\u0105cej kontakt ze \u015brodkami czyszcz\u0105cymi i mycie pod wysokim ci\u015bnieniem. Konstrukcje pracuj\u0105 w \u015brodowisku o podwy\u017cszonej wilgotno\u015bci i zmiennych temperaturach. Linie do porcjowania mi\u0119sa projektujemy z uwzgl\u0119dnieniem pracy w ch\u0142odniach. Montujemy elementy u\u0142atwiaj\u0105ce codzienne procedury czyszczenia i dezynfekcji wed\u0142ug standard\u00f3w HACCP. Wdro\u017cony system paletyzacji z gotowymi produktami mi\u0119snymi zapewnia p\u0142ynny przep\u0142yw mi\u0119dzy stanowiskami produkcyjnymi a stref\u0105 magazynow\u0105.<\/p>\n<\/div><\/div><\/div><\/div><\/div><\/div><\/section><section class=\"l-section wpb_row height_auto width_full\" id=\"bcols\"><div class=\"l-section-h i-cf\"><div class=\"g-cols vc_row via_grid cols_3 laptops-cols_inherit tablets-cols_1 mobiles-cols_1 valign_middle type_default\" style=\"--gap:0rem;\"><div class=\"wpb_column vc_column_container us_custom_c13af3d5 has_text_color us_animate_this\"><div class=\"vc_column-overlay\" style=\"background:rgba(122,177,198,0.85)\"><\/div><div class=\"vc_column-inner\"><h2 class=\"w-text us_custom_bde1d67f\"><span class=\"w-text-h\"><span class=\"w-text-value\">Collaboration<\/span><\/span><\/h2><p class=\"w-text\"><span class=\"w-text-h\"><span class=\"w-text-value\">Learn how we take projects step by step to achieve success together.<\/span><\/span><\/p><div class=\"w-btn-wrapper align_none\"><a class=\"w-btn us-btn-style_1\" target=\"_blank\" href=\"https:\/\/alaptechnology.pl\/en\/wspolpraca\/\"><span class=\"w-btn-label\">Let's start working together<\/span><\/a><\/div><\/div><\/div><div class=\"wpb_column vc_column_container us_custom_55c9e6f8 has_text_color us_animate_this\"><div class=\"vc_column-overlay\" style=\"background:rgba(84,143,171,0.85)\"><\/div><div class=\"vc_column-inner\"><h2 class=\"w-text us_custom_bde1d67f\"><span class=\"w-text-h\"><span class=\"w-text-value\">Contact us<\/span><\/span><\/h2><p class=\"w-text\"><span class=\"w-text-h\"><span class=\"w-text-value\">Do you have questions or need help? We are here to answer your needs!<\/span><\/span><\/p><div class=\"w-btn-wrapper align_none\"><a class=\"w-btn us-btn-style_1 us_custom_db352830\" target=\"_blank\" href=\"https:\/\/alaptechnology.pl\/en\/kontakt\/\"><span class=\"w-btn-label\">Contact<\/span><\/a><\/div><\/div><\/div><div class=\"wpb_column vc_column_container us_custom_cc2b80f9 has_text_color us_animate_this\"><div class=\"vc_column-overlay\" style=\"background:rgba(46,59,82,0.85)\"><\/div><div class=\"vc_column-inner\"><h2 class=\"w-text us_custom_bde1d67f\"><span class=\"w-text-h\"><span class=\"w-text-value\">Inspiration and knowledge<\/span><\/span><\/h2><p class=\"w-text\"><span class=\"w-text-h\"><span class=\"w-text-value\">Visit our blog and discover interesting articles that can inspire you.<\/span><\/span><\/p><div class=\"w-btn-wrapper align_none\"><a class=\"w-btn us-btn-style_1\" target=\"_blank\" href=\"https:\/\/alaptechnology.pl\/en\/blog\/\"><span class=\"w-btn-label\">View entries<\/span><\/a><\/div><\/div><\/div><\/div><\/div><\/section>","protected":false},"excerpt":{"rendered":"","protected":false},"author":1,"featured_media":0,"parent":1899,"menu_order":0,"comment_status":"closed","ping_status":"closed","template":"","meta":{"footnotes":""},"class_list":["post-4194","page","type-page","status-publish","hentry"],"aioseo_notices":[],"_links":{"self":[{"href":"https:\/\/alaptechnology.pl\/en\/wp-json\/wp\/v2\/pages\/4194","targetHints":{"allow":["GET"]}}],"collection":[{"href":"https:\/\/alaptechnology.pl\/en\/wp-json\/wp\/v2\/pages"}],"about":[{"href":"https:\/\/alaptechnology.pl\/en\/wp-json\/wp\/v2\/types\/page"}],"author":[{"embeddable":true,"href":"https:\/\/alaptechnology.pl\/en\/wp-json\/wp\/v2\/users\/1"}],"replies":[{"embeddable":true,"href":"https:\/\/alaptechnology.pl\/en\/wp-json\/wp\/v2\/comments?post=4194"}],"version-history":[{"count":3,"href":"https:\/\/alaptechnology.pl\/en\/wp-json\/wp\/v2\/pages\/4194\/revisions"}],"predecessor-version":[{"id":4197,"href":"https:\/\/alaptechnology.pl\/en\/wp-json\/wp\/v2\/pages\/4194\/revisions\/4197"}],"up":[{"embeddable":true,"href":"https:\/\/alaptechnology.pl\/en\/wp-json\/wp\/v2\/pages\/1899"}],"wp:attachment":[{"href":"https:\/\/alaptechnology.pl\/en\/wp-json\/wp\/v2\/media?parent=4194"}],"curies":[{"name":"wp","href":"https:\/\/api.w.org\/{rel}","templated":true}]}}