{"id":4025,"date":"2025-10-01T14:34:51","date_gmt":"2025-10-01T12:34:51","guid":{"rendered":"https:\/\/alaptechnology.pl\/?page_id=4025"},"modified":"2025-10-01T14:34:51","modified_gmt":"2025-10-01T12:34:51","slug":"przenosniki-paskowe","status":"publish","type":"page","link":"https:\/\/alaptechnology.pl\/en\/paletyzacja\/przenosniki-paskowe\/","title":{"rendered":"Przeno\u015bniki paskowe"},"content":{"rendered":"<section class=\"l-section wpb_row us_custom_103975eb height_large full_height valign_center color_footer-bottom\" id=\"section-03\"><div class=\"l-section-h i-cf\"><div class=\"g-cols vc_row via_grid cols_2-3 laptops-cols_inherit tablets-cols_1 mobiles-cols_1 valign_middle type_default stacking_default\" style=\"--gap:5vw;\"><div class=\"wpb_column vc_column_container\"><div class=\"vc_column-inner\"><div class=\"w-image us_custom_10d35ad7 has_height has_ratio align_none\"><div class=\"w-image-h\"><div style=\"padding-bottom:100%\"><\/div><img decoding=\"async\" width=\"1024\" height=\"768\" src=\"https:\/\/alaptechnology.pl\/wp-content\/uploads\/2025\/03\/Przenosnik-tasmowy-1024x768.jpg\" class=\"attachment-large size-large\" alt=\"ZIelony przeno\u015bnik ta\u015bmowy z bia\u0142\u0105 ram\u0105 i niebieskim silnikiem nap\u0119dowym\" loading=\"lazy\" \/><\/div><\/div><\/div><\/div><div class=\"wpb_column vc_column_container\"><div class=\"vc_column-inner\"><h1 class=\"w-text us_custom_dc4ef1af has_text_color\"><span class=\"w-text-h\"><span class=\"w-text-value\">Wydajne przeno\u015bniki paskowe w Twojej firmie \u2013 projektowane na wymiar<\/span><\/span><\/h1><div class=\"w-separator size_medium\"><\/div><div class=\"wpb_text_column us_custom_a5c88937\"><div class=\"wpb_wrapper\"><p>W \u015bwiecie logistyki i produkcji, p\u0142ynny przep\u0142yw towar\u00f3w jest kluczem do sukcesu. Przeno\u015bniki paskowe stanowi\u0105 niezast\u0105piony element nowoczesnych system\u00f3w transportu bliskiego, zaprojektowany z my\u015bl\u0105 o efektywnym przemieszczaniu r\u00f3\u017cnorodnych produkt\u00f3w \u2013 od lekkich karton\u00f3w, przez twarde pojemniki, a\u017c po niestandardowe \u0142adunki o nieregularnym kszta\u0142cie. Ich uniwersalno\u015b\u0107 pozwala na swobodne w\u0142\u0105czenie w ci\u0105gi technologiczne, zar\u00f3wno na prostych odcinkach, jak i w konfiguracjach k\u0105towych czy wznosz\u0105cych. Dzi\u0119ki temu staj\u0105 si\u0119 one fundamentem, na kt\u00f3rym mo\u017cna budowa\u0107 wydajne i niezawodne linie produkcyjne.<\/p>\n<\/div><\/div><div class=\"w-separator size_medium\"><\/div><div class=\"w-btn-wrapper align_none\"><a class=\"w-btn us-btn-style_1\" href=\"#przenosniki_info\"><span class=\"w-btn-label\">Learn more<\/span><\/a><\/div><\/div><\/div><\/div><\/div><\/section><section class=\"l-section wpb_row us_custom_4fb9e5a3 height_medium\" id=\"przenosniki_info\"><div class=\"l-section-overlay\" style=\"background:linear-gradient(0deg,rgba(0,0,0,0.00),rgba(0,0,0,0.05))\"><\/div><div class=\"l-section-h i-cf\"><div class=\"g-cols vc_row via_grid cols_1-2 laptops-cols_inherit tablets-cols_inherit mobiles-cols_1 valign_top type_default reversed stacking_default\"><div class=\"wpb_column vc_column_container us_custom_83820375 has_bg_color\"><div class=\"vc_column-inner\"><div class=\"w-vwrapper align_none valign_top\"><h3 class=\"w-text us_custom_770fb908 has_text_color\"><span class=\"w-text-h\"><span class=\"w-text-value\">Do you need help?<\/span><\/span><\/h3><\/div><div class=\"w-separator size_small\"><\/div><div class=\"wpb_text_column us_custom_6d1f0140 has_text_color\"><div class=\"wpb_wrapper\"><p>Get in touch with us!<br \/>\nWe are ready to find the best solution for you.<\/p>\n<\/div><\/div><div class=\"w-separator size_small\"><\/div><div class=\"w-iconbox us_custom_d7166887 has_text_color iconpos_left style_default color_custom align_left no_text\"><a href=\"tel:+48575244770\" class=\"w-iconbox-link\" aria-label=\"+48 575 244 770\"><div class=\"w-iconbox-icon\" style=\"font-size:2rem;--icon-color:#ffffff;\"><i class=\"fas fa-phone\"><\/i><\/div><\/a><div class=\"w-iconbox-meta\"><a href=\"tel:+48575244770\" class=\"w-iconbox-link\" aria-label=\"+48 575 244 770\"><p class=\"w-iconbox-title\">+48 575 244 770<\/p><\/a><\/div><\/div><div class=\"w-iconbox us_custom_2b1ff3b7 has_text_color iconpos_left style_default color_custom align_left no_text\"><a href=\"mailto:info@alaptechnology.pl\" class=\"w-iconbox-link\" aria-label=\"info@alaptechnology.pl\"><div class=\"w-iconbox-icon\" style=\"font-size:2rem;--icon-color:#ffffff;\"><i class=\"fas fa-envelope\"><\/i><\/div><\/a><div class=\"w-iconbox-meta\"><a href=\"mailto:info@alaptechnology.pl\" class=\"w-iconbox-link\" aria-label=\"info@alaptechnology.pl\"><p class=\"w-iconbox-title\">info@alaptechnology.pl<\/p><\/a><\/div><\/div><div class=\"w-separator size_small\"><\/div><div class=\"w-hwrapper valign_top align_none\"><div class=\"w-btn-wrapper align_center\"><a class=\"w-btn us-btn-style_1 us_custom_f58a0cb9\" href=\"#\"><span class=\"w-btn-label\">Contact<\/span><\/a><\/div><\/div><\/div><\/div><div class=\"wpb_column vc_column_container\"><div class=\"vc_column-inner\"><div class=\"wpb_text_column us_custom_4076faf9 has_text_color\"><div class=\"wpb_wrapper\"><h2>Indywidualna budowa przeno\u015bnik\u00f3w paskowych na miar\u0119<\/h2>\n<p>W ALAP Technology wiemy, \u017ce ka\u017cdy projekt jest unikalny. Dlatego podchodzimy do niego z precyzj\u0105, projektuj\u0105c przeno\u015bniki paskowe dopasowany do specyficznych wymaga\u0144 Twojego biznesu. Nasza budowa przeno\u015bnik\u00f3w paskowych opiera si\u0119 na solidnych materia\u0142ach, takich jak stal w\u0119glowa malowana proszkowo, stal nierdzewna, czy lekkie i wytrzyma\u0142e profile aluminiowe. Dob\u00f3r odpowiednich pas\u00f3w transportowych i konfiguracja nap\u0119du jest wynikiem szczeg\u00f3\u0142owej analizy, maj\u0105cej na celu zagwarantowanie nie tylko bezawaryjnej pracy, ale r\u00f3wnie\u017c optymalnego wykorzystania przestrzeni. Od podstawy z regulacj\u0105 wysoko\u015bci po dedykowane zabezpieczenia boczne \u2013 dbamy o ka\u017cdy detal.<\/p>\n<h2>Integracja, kt\u00f3ra gwarantuje sukces<\/h2>\n<p>Wsp\u00f3\u0142czesna automatyzacja to co\u015b wi\u0119cej ni\u017c suma pojedynczych urz\u0105dze\u0144 \u2013 to z\u0142o\u017cony system, w kt\u00f3rym ka\u017cdy komponent harmonijnie wsp\u00f3\u0142pracuje z pozosta\u0142ymi. Oferowany przez nas przeno\u015bnik paskowy projektowany jest z my\u015bl\u0105 o bezproblemowej integracji z Twoj\u0105 istniej\u0105c\u0105 infrastruktur\u0105, robotami, a tak\u017ce zaawansowanymi systemami paletyzacji. Dzi\u0119ki temu tworzymy sp\u00f3jne, w pe\u0142ni zautomatyzowane ci\u0105gi technologiczne, kt\u00f3re eliminuj\u0105 w\u0105skie gard\u0142a, zwi\u0119kszaj\u0105 przepustowo\u015b\u0107 i w efekcie znacz\u0105co poprawiaj\u0105 konkurencyjno\u015b\u0107 Twojego przedsi\u0119biorstwa na rynku. Zapraszamy do kontaktu w celu om\u00f3wienia potrzeb Twojej firmy!<\/p>\n<\/div><\/div><\/div><\/div><\/div><\/div><\/section><section class=\"l-section wpb_row height_small width_custom\" style=\"--site-content-width:900px;\" id=\"section-03\"><div class=\"l-section-h i-cf\"><div class=\"g-cols vc_row via_grid cols_1 laptops-cols_inherit tablets-cols_inherit mobiles-cols_1 valign_top type_default stacking_default\"><div class=\"wpb_column vc_column_container\"><div class=\"vc_column-inner\"><h2 class=\"w-text us_custom_eb849559\"><span class=\"w-text-h\"><span class=\"w-text-value\">Benefits<\/span><\/span><\/h2><div class=\"w-separator size_small\"><\/div><div class=\"g-cols wpb_row via_grid cols_3 laptops-cols_inherit tablets-cols_inherit mobiles-cols_1 valign_top type_default stacking_default\" style=\"--gap:4rem;\"><div class=\"wpb_column vc_column_container\"><div class=\"vc_column-inner\"><div class=\"w-iconbox us_custom_ca43fddb has_text_color iconpos_top style_circle color_primary align_center no_text\"><div class=\"w-iconbox-icon\" style=\"font-size:1rem;\"><i class=\"fas fa-check\"><\/i><\/div><div class=\"w-iconbox-meta\"><p class=\"w-iconbox-title\">Versatility of applications<\/p><\/div><\/div><\/div><\/div><div class=\"wpb_column vc_column_container\"><div class=\"vc_column-inner\"><div class=\"w-iconbox us_custom_c316f3a6 has_text_color iconpos_top style_circle color_primary align_center no_text\"><div class=\"w-iconbox-icon\" style=\"font-size:1rem;\"><i class=\"fas fa-check\"><\/i><\/div><div class=\"w-iconbox-meta\"><p class=\"w-iconbox-title\">Universality of applications<\/p><\/div><\/div><\/div><\/div><div class=\"wpb_column vc_column_container\"><div class=\"vc_column-inner\"><div class=\"w-iconbox us_custom_c316f3a6 has_text_color iconpos_top style_circle color_primary align_center no_text\"><div class=\"w-iconbox-icon\" style=\"font-size:1rem;\"><i class=\"fas fa-check\"><\/i><\/div><div class=\"w-iconbox-meta\"><p class=\"w-iconbox-title\">Easy operation and maintenance<\/p><\/div><\/div><\/div><\/div><\/div><div class=\"w-separator size_medium\"><\/div><\/div><\/div><\/div><\/div><\/section><section class=\"l-section wpb_row us_custom_2dbf7b3f height_small\"><div class=\"l-section-h i-cf\"><div class=\"g-cols vc_row via_grid cols_1 laptops-cols_inherit tablets-cols_inherit mobiles-cols_1 valign_top type_default stacking_default\"><div class=\"wpb_column vc_column_container\"><div class=\"vc_column-inner\"><h3 class=\"w-text us_custom_eb849559\"><span class=\"w-text-h\"><span class=\"w-text-value\">Example Projects:<\/span><\/span><\/h3><div class=\"w-grid type_carousel layout_2720 cols_3 ratio_1x1\" id=\"us_grid_1\" style=\"--gap:30px;\"><style>.layout_2720 .w-grid-item-h:before{padding-bottom:100%}.layout_2720 .w-grid-item-h{}.layout_2720 .usg_post_image_1{transition-duration:0.3s;transform-origin:50% 50%;transform:scale(1) translate(0%,0%)}.layout_2720 .w-grid-item-h:hover .usg_post_image_1{transform:scale(1) translate(0%,0%);opacity:0.75;border-color:rgba(0,0,0,0.75)!important}.layout_2720 .usg_post_image_1{position:absolute!important;left:0!important;top:0!important;bottom:0!important;right:0!important}<\/style><div class=\"w-grid-list owl-carousel valign_stretch dotstyle_circle navstyle_circle navpos_outside owl-responsive-2000 with_dots with_arrows\" style=\"--transition-duration:350ms;--arrows-size:1.5rem;\">\t<article class=\"w-grid-item post-3734 attachment type-attachment status-inherit hentry\" data-id=\"3734\">\r\n\t\t<div class=\"w-grid-item-h\">\r\n\t\t\t\t\t\t\t<a ref=\"magnificPopupGrid\" href=\"https:\/\/alaptechnology.pl\/wp-content\/uploads\/2025\/05\/016-05-03.png\" class=\"w-grid-item-anchor\" aria-label=\"Conveyor belts\"><\/a>\r\n\t\t\t\t\t\t<div class=\"w-post-elm post_image usg_post_image_1 stretched\"><img loading=\"lazy\" decoding=\"async\" width=\"1024\" height=\"493\" src=\"https:\/\/alaptechnology.pl\/wp-content\/uploads\/2025\/05\/016-05-03-1024x493.png\" class=\"attachment-large size-large\" alt=\"Przeno\u015bniki ta\u015bmowe\" srcset=\"https:\/\/alaptechnology.pl\/wp-content\/uploads\/2025\/05\/016-05-03-1024x493.png 1024w, https:\/\/alaptechnology.pl\/wp-content\/uploads\/2025\/05\/016-05-03-300x145.png 300w, https:\/\/alaptechnology.pl\/wp-content\/uploads\/2025\/05\/016-05-03-18x9.png 18w, https:\/\/alaptechnology.pl\/wp-content\/uploads\/2025\/05\/016-05-03.png 1760w\" sizes=\"auto, (max-width: 1024px) 100vw, 1024px\" \/><\/div>\t\t<\/div>\r\n\t\t\t<\/article>\r\n\t<article class=\"w-grid-item post-3735 attachment type-attachment status-inherit hentry\" data-id=\"3735\">\r\n\t\t<div class=\"w-grid-item-h\">\r\n\t\t\t\t\t\t\t<a ref=\"magnificPopupGrid\" href=\"https:\/\/alaptechnology.pl\/wp-content\/uploads\/2025\/05\/20250224_094501-removebg-preview.png\" class=\"w-grid-item-anchor\" aria-label=\"Conveyor belts\"><\/a>\r\n\t\t\t\t\t\t<div class=\"w-post-elm post_image usg_post_image_1 stretched\"><img loading=\"lazy\" decoding=\"async\" width=\"500\" height=\"500\" src=\"https:\/\/alaptechnology.pl\/wp-content\/uploads\/2025\/05\/20250224_094501-removebg-preview.png\" class=\"attachment-large size-large\" alt=\"Przeno\u015bniki ta\u015bmowe\" srcset=\"https:\/\/alaptechnology.pl\/wp-content\/uploads\/2025\/05\/20250224_094501-removebg-preview.png 500w, https:\/\/alaptechnology.pl\/wp-content\/uploads\/2025\/05\/20250224_094501-removebg-preview-300x300.png 300w, https:\/\/alaptechnology.pl\/wp-content\/uploads\/2025\/05\/20250224_094501-removebg-preview-150x150.png 150w, https:\/\/alaptechnology.pl\/wp-content\/uploads\/2025\/05\/20250224_094501-removebg-preview-12x12.png 12w\" sizes=\"auto, (max-width: 500px) 100vw, 500px\" \/><\/div>\t\t<\/div>\r\n\t\t\t<\/article>\r\n\t<article class=\"w-grid-item post-3736 attachment type-attachment status-inherit hentry\" data-id=\"3736\">\r\n\t\t<div class=\"w-grid-item-h\">\r\n\t\t\t\t\t\t\t<a ref=\"magnificPopupGrid\" href=\"https:\/\/alaptechnology.pl\/wp-content\/uploads\/2025\/05\/20250224_094511-removebg-preview.png\" class=\"w-grid-item-anchor\" aria-label=\"Conveyor belts\"><\/a>\r\n\t\t\t\t\t\t<div class=\"w-post-elm post_image usg_post_image_1 stretched\"><img loading=\"lazy\" decoding=\"async\" width=\"500\" height=\"500\" src=\"https:\/\/alaptechnology.pl\/wp-content\/uploads\/2025\/05\/20250224_094511-removebg-preview.png\" class=\"attachment-large size-large\" alt=\"Przeno\u015bniki ta\u015bmowe\" srcset=\"https:\/\/alaptechnology.pl\/wp-content\/uploads\/2025\/05\/20250224_094511-removebg-preview.png 500w, https:\/\/alaptechnology.pl\/wp-content\/uploads\/2025\/05\/20250224_094511-removebg-preview-300x300.png 300w, https:\/\/alaptechnology.pl\/wp-content\/uploads\/2025\/05\/20250224_094511-removebg-preview-150x150.png 150w, https:\/\/alaptechnology.pl\/wp-content\/uploads\/2025\/05\/20250224_094511-removebg-preview-12x12.png 12w\" sizes=\"auto, (max-width: 500px) 100vw, 500px\" \/><\/div>\t\t<\/div>\r\n\t\t\t<\/article>\r\n\t<article class=\"w-grid-item post-3737 attachment type-attachment status-inherit hentry\" data-id=\"3737\">\r\n\t\t<div class=\"w-grid-item-h\">\r\n\t\t\t\t\t\t\t<a ref=\"magnificPopupGrid\" href=\"https:\/\/alaptechnology.pl\/wp-content\/uploads\/2025\/05\/20250224_094526-removebg-preview.png\" class=\"w-grid-item-anchor\" aria-label=\"Conveyor belts\"><\/a>\r\n\t\t\t\t\t\t<div class=\"w-post-elm post_image usg_post_image_1 stretched\"><img loading=\"lazy\" decoding=\"async\" width=\"500\" height=\"500\" src=\"https:\/\/alaptechnology.pl\/wp-content\/uploads\/2025\/05\/20250224_094526-removebg-preview.png\" class=\"attachment-large size-large\" alt=\"Przeno\u015bniki ta\u015bmowe\" srcset=\"https:\/\/alaptechnology.pl\/wp-content\/uploads\/2025\/05\/20250224_094526-removebg-preview.png 500w, https:\/\/alaptechnology.pl\/wp-content\/uploads\/2025\/05\/20250224_094526-removebg-preview-300x300.png 300w, https:\/\/alaptechnology.pl\/wp-content\/uploads\/2025\/05\/20250224_094526-removebg-preview-150x150.png 150w, https:\/\/alaptechnology.pl\/wp-content\/uploads\/2025\/05\/20250224_094526-removebg-preview-12x12.png 12w\" sizes=\"auto, (max-width: 500px) 100vw, 500px\" \/><\/div>\t\t<\/div>\r\n\t\t\t<\/article>\r\n\t<article class=\"w-grid-item post-3738 attachment type-attachment status-inherit hentry\" data-id=\"3738\">\r\n\t\t<div class=\"w-grid-item-h\">\r\n\t\t\t\t\t\t\t<a ref=\"magnificPopupGrid\" href=\"https:\/\/alaptechnology.pl\/wp-content\/uploads\/2025\/05\/Przenosnik_tasmowy-removebg-preview.png\" class=\"w-grid-item-anchor\" aria-label=\"Przeno\u015bnik_ta\u015bmowy-removebg-preview\"><\/a>\r\n\t\t\t\t\t\t<div class=\"w-post-elm post_image usg_post_image_1 stretched\"><img loading=\"lazy\" decoding=\"async\" width=\"577\" height=\"433\" src=\"https:\/\/alaptechnology.pl\/wp-content\/uploads\/2025\/05\/Przenosnik_tasmowy-removebg-preview.png\" class=\"attachment-large size-large\" alt=\"\" srcset=\"https:\/\/alaptechnology.pl\/wp-content\/uploads\/2025\/05\/Przenosnik_tasmowy-removebg-preview.png 577w, https:\/\/alaptechnology.pl\/wp-content\/uploads\/2025\/05\/Przenosnik_tasmowy-removebg-preview-300x225.png 300w, https:\/\/alaptechnology.pl\/wp-content\/uploads\/2025\/05\/Przenosnik_tasmowy-removebg-preview-16x12.png 16w\" sizes=\"auto, (max-width: 577px) 100vw, 577px\" \/><\/div>\t\t<\/div>\r\n\t\t\t<\/article>\r\n<\/div>\t<div class=\"g-preloader type_1\">\r\n\t\t<div><\/div>\r\n\t<\/div>\r\n\t\t<div class=\"w-grid-json hidden\" onclick='return {&quot;action&quot;:&quot;us_ajax_grid&quot;,&quot;infinite_scroll&quot;:0,&quot;max_num_pages&quot;:1,&quot;pagination&quot;:&quot;none&quot;,&quot;template_vars&quot;:{&quot;columns&quot;:&quot;&quot;,&quot;exclude_items&quot;:&quot;none&quot;,&quot;img_size&quot;:&quot;default&quot;,&quot;ignore_items_size&quot;:0,&quot;items_layout&quot;:&quot;2720&quot;,&quot;items_offset&quot;:&quot;0px&quot;,&quot;load_animation&quot;:&quot;none&quot;,&quot;overriding_link&quot;:&quot;%7B%22type%22%3A%22popup_image%22%7D&quot;,&quot;post_id&quot;:0,&quot;query_args&quot;:{&quot;post_type&quot;:[&quot;attachment&quot;],&quot;post__in&quot;:[&quot;3734&quot;,&quot;3735&quot;,&quot;3736&quot;,&quot;3737&quot;,&quot;3738&quot;],&quot;post_status&quot;:&quot;inherit&quot;,&quot;post_mime_type&quot;:&quot;image&quot;,&quot;posts_per_page&quot;:&quot;5&quot;},&quot;orderby_query_args&quot;:{&quot;orderby&quot;:{&quot;post__in&quot;:&quot;ASC&quot;},&quot;order&quot;:&quot;ASC&quot;},&quot;type&quot;:&quot;carousel&quot;,&quot;us_grid_post_type&quot;:&quot;attachment&quot;,&quot;us_grid_ajax_index&quot;:1,&quot;us_grid_filter_query_string&quot;:null,&quot;us_grid_index&quot;:1,&quot;page_args&quot;:[]},&quot;carousel_settings&quot;:{&quot;aria_labels&quot;:{&quot;prev&quot;:&quot;Previous&quot;,&quot;next&quot;:&quot;Next&quot;},&quot;autoplayContinual&quot;:false,&quot;autoplayHoverPause&quot;:false,&quot;autoplayTimeout&quot;:3000,&quot;smartSpeed&quot;:350,&quot;margin&quot;:0,&quot;mouseDrag&quot;:true,&quot;rtl&quot;:false,&quot;slideBy&quot;:&quot;1&quot;,&quot;touchDrag&quot;:true,&quot;slideTransition&quot;:&quot;&quot;,&quot;responsive&quot;:{&quot;0&quot;:{&quot;autoHeight&quot;:false,&quot;autoplay&quot;:false,&quot;autoWidth&quot;:false,&quot;center&quot;:false,&quot;dots&quot;:true,&quot;items&quot;:1,&quot;loop&quot;:false,&quot;nav&quot;:true,&quot;stagePadding&quot;:0},&quot;601&quot;:{&quot;items&quot;:3,&quot;autoplay&quot;:true,&quot;center&quot;:false,&quot;dots&quot;:true,&quot;nav&quot;:true,&quot;autoHeight&quot;:false,&quot;autoWidth&quot;:false,&quot;loop&quot;:true,&quot;stagePadding&quot;:0}}}}'><\/div>\r\n\t<\/div><\/div><\/div><\/div><\/div><\/section><section class=\"l-section wpb_row us_custom_50cc7d67 height_medium\" id=\"section-21\"><div class=\"l-section-h i-cf\"><div class=\"g-cols vc_row via_grid cols_1 laptops-cols_inherit tablets-cols_inherit mobiles-cols_1 valign_top type_default stacking_default\" style=\"--gap:5rem;\"><div class=\"wpb_column vc_column_container us_custom_ceb30492 has_text_color has_bg_color\"><div class=\"vc_column-inner\"><div class=\"g-cols wpb_row via_grid cols_2 laptops-cols_inherit tablets-cols_inherit mobiles-cols_1 valign_middle type_default stacking_default\" style=\"--gap:0px;\"><div class=\"wpb_column vc_column_container us_custom_62280b32\"><div class=\"vc_column-inner\"><div class=\"wpb_text_column\"><div class=\"wpb_wrapper\"><h2>Projects<\/h2>\n<p>See how our solutions are changing industries - check out our implementations!<\/p>\n<\/div><\/div><div class=\"w-separator size_small\"><\/div><div class=\"w-btn-wrapper align_none\"><a class=\"w-btn us-btn-style_1 icon_atright\" target=\"_blank\" href=\"https:\/\/alaptechnology.pl\/en\/nasze-realizacje\/\"><span class=\"w-btn-label\">Our realizations<\/span><i class=\"fas fa-arrow-right\"><\/i><\/a><\/div><\/div><\/div><div class=\"wpb_column vc_column_container us_custom_80fbe524\"><div class=\"vc_column-inner\"><div class=\"w-image us_custom_6d149020 has_ratio align_none\"><div class=\"w-image-h\"><div style=\"padding-bottom:66.6667%\"><\/div><img decoding=\"async\" width=\"1024\" height=\"683\" src=\"https:\/\/alaptechnology.pl\/wp-content\/uploads\/2025\/01\/4182-1024x683.jpg\" class=\"attachment-large size-large\" alt=\"M\u0119\u017cczyzna stoj\u0105cy przy maszynie\" loading=\"lazy\" \/><\/div><\/div><\/div><\/div><\/div><\/div><\/div><\/div><\/div><\/section><section class=\"l-section wpb_row height_auto width_full\" id=\"bcols\"><div class=\"l-section-h i-cf\"><div class=\"g-cols vc_row via_grid cols_3 laptops-cols_inherit tablets-cols_1 mobiles-cols_1 valign_middle type_default\" style=\"--gap:0rem;\"><div class=\"wpb_column vc_column_container us_custom_c13af3d5 has_text_color us_animate_this\"><div class=\"vc_column-overlay\" style=\"background:rgba(122,177,198,0.85)\"><\/div><div class=\"vc_column-inner\"><h2 class=\"w-text us_custom_bde1d67f\"><span class=\"w-text-h\"><span class=\"w-text-value\">Collaboration<\/span><\/span><\/h2><p class=\"w-text\"><span class=\"w-text-h\"><span class=\"w-text-value\">Learn how we take projects step by step to achieve success together.<\/span><\/span><\/p><div class=\"w-btn-wrapper align_none\"><a class=\"w-btn us-btn-style_1\" target=\"_blank\" href=\"https:\/\/alaptechnology.pl\/en\/wspolpraca\/\"><span class=\"w-btn-label\">Let's start working together<\/span><\/a><\/div><\/div><\/div><div class=\"wpb_column vc_column_container us_custom_55c9e6f8 has_text_color us_animate_this\"><div class=\"vc_column-overlay\" style=\"background:rgba(84,143,171,0.85)\"><\/div><div class=\"vc_column-inner\"><h2 class=\"w-text us_custom_bde1d67f\"><span class=\"w-text-h\"><span class=\"w-text-value\">Contact us<\/span><\/span><\/h2><p class=\"w-text\"><span class=\"w-text-h\"><span class=\"w-text-value\">Do you have questions or need help? We are here to answer your needs!<\/span><\/span><\/p><div class=\"w-btn-wrapper align_none\"><a class=\"w-btn us-btn-style_1 us_custom_db352830\" target=\"_blank\" href=\"https:\/\/alaptechnology.pl\/en\/kontakt\/\"><span class=\"w-btn-label\">Contact<\/span><\/a><\/div><\/div><\/div><div class=\"wpb_column vc_column_container us_custom_cc2b80f9 has_text_color us_animate_this\"><div class=\"vc_column-overlay\" style=\"background:rgba(46,59,82,0.85)\"><\/div><div class=\"vc_column-inner\"><h2 class=\"w-text us_custom_bde1d67f\"><span class=\"w-text-h\"><span class=\"w-text-value\">Inspiration and knowledge<\/span><\/span><\/h2><p class=\"w-text\"><span class=\"w-text-h\"><span class=\"w-text-value\">Visit our blog and discover interesting articles that can inspire you.<\/span><\/span><\/p><div class=\"w-btn-wrapper align_none\"><a class=\"w-btn us-btn-style_1\" target=\"_blank\" href=\"https:\/\/alaptechnology.pl\/en\/blog\/\"><span class=\"w-btn-label\">View entries<\/span><\/a><\/div><\/div><\/div><\/div><\/div><\/section>","protected":false},"excerpt":{"rendered":"","protected":false},"author":1,"featured_media":0,"parent":1887,"menu_order":0,"comment_status":"closed","ping_status":"closed","template":"","meta":{"footnotes":""},"class_list":["post-4025","page","type-page","status-publish","hentry"],"aioseo_notices":[],"_links":{"self":[{"href":"https:\/\/alaptechnology.pl\/en\/wp-json\/wp\/v2\/pages\/4025","targetHints":{"allow":["GET"]}}],"collection":[{"href":"https:\/\/alaptechnology.pl\/en\/wp-json\/wp\/v2\/pages"}],"about":[{"href":"https:\/\/alaptechnology.pl\/en\/wp-json\/wp\/v2\/types\/page"}],"author":[{"embeddable":true,"href":"https:\/\/alaptechnology.pl\/en\/wp-json\/wp\/v2\/users\/1"}],"replies":[{"embeddable":true,"href":"https:\/\/alaptechnology.pl\/en\/wp-json\/wp\/v2\/comments?post=4025"}],"version-history":[{"count":3,"href":"https:\/\/alaptechnology.pl\/en\/wp-json\/wp\/v2\/pages\/4025\/revisions"}],"predecessor-version":[{"id":4029,"href":"https:\/\/alaptechnology.pl\/en\/wp-json\/wp\/v2\/pages\/4025\/revisions\/4029"}],"up":[{"embeddable":true,"href":"https:\/\/alaptechnology.pl\/en\/wp-json\/wp\/v2\/pages\/1887"}],"wp:attachment":[{"href":"https:\/\/alaptechnology.pl\/en\/wp-json\/wp\/v2\/media?parent=4025"}],"curies":[{"name":"wp","href":"https:\/\/api.w.org\/{rel}","templated":true}]}}