{"id":3083,"date":"2025-01-12T19:04:46","date_gmt":"2025-01-12T18:04:46","guid":{"rendered":"https:\/\/alaptechnology.pl\/?page_id=3083"},"modified":"2025-10-01T14:01:44","modified_gmt":"2025-10-01T12:01:44","slug":"montaz","status":"publish","type":"page","link":"https:\/\/alaptechnology.pl\/en\/uslugi\/montaz\/","title":{"rendered":"Mechanical and electrical assembly"},"content":{"rendered":"<section class=\"l-section wpb_row us_custom_103975eb height_large full_height valign_center color_footer-bottom\" id=\"section-03\"><div class=\"l-section-h i-cf\"><div class=\"g-cols vc_row via_grid cols_2-3 laptops-cols_inherit tablets-cols_1 mobiles-cols_1 valign_middle type_default stacking_default\" style=\"--gap:5vw;\"><div class=\"wpb_column vc_column_container\"><div class=\"vc_column-inner\"><div class=\"w-image us_custom_10d35ad7 has_height has_ratio align_none\"><div class=\"w-image-h\"><div style=\"padding-bottom:100%\"><\/div><img decoding=\"async\" width=\"1024\" height=\"1024\" src=\"https:\/\/alaptechnology.pl\/wp-content\/uploads\/2025\/01\/Focused-Mechanic-at-Work-1024x1024.jpeg\" class=\"attachment-large size-large\" alt=\"Mechanik w niebieskim kombinezonie naprawiaj\u0105cy maszyne\" loading=\"lazy\" \/><\/div><\/div><\/div><\/div><div class=\"wpb_column vc_column_container\"><div class=\"vc_column-inner\"><h1 class=\"w-text us_custom_8841920e\"><span class=\"w-text-h\"><span class=\"w-text-value\">Mechanical and electrical assembly<\/span><\/span><\/h1><div class=\"wpb_text_column us_custom_a5c88937\"><div class=\"wpb_wrapper\"><p>Monta\u017c mechaniczny i elektryczny to kluczowy element realizacji projekt\u00f3w przemys\u0142owych, zapewniaj\u0105cy prawid\u0142owe funkcjonowanie maszyn, urz\u0105dze\u0144 oraz system\u00f3w. Nasza firma oferuje kompleksowy monta\u017c, kt\u00f3ry obejmuje zar\u00f3wno elementy mechaniczne, jak i elektryczne, dostosowane do specyficznych wymaga\u0144. Dzi\u0119ki zespo\u0142owi wykwalifikowanych technik\u00f3w oraz nowoczesnym narz\u0119dziom zapewniamy solidno\u015b\u0107, precyzj\u0119 i niezawodno\u015b\u0107 montowanych system\u00f3w.<\/p>\n<p>Our mechanical and electrical assembly services cover the full range of activities, from component preparation, assembly, commissioning, to testing and servicing of systems. We carry out each project in accordance with the customer's requirements, ensuring timeliness and high quality workmanship.<\/p>\n<\/div><\/div><div class=\"w-separator size_medium\"><\/div><div class=\"w-btn-wrapper align_none\"><a class=\"w-btn us-btn-style_1\" href=\"#przenosniki_info\"><span class=\"w-btn-label\">Learn more<\/span><\/a><\/div><\/div><\/div><\/div><\/div><\/section><section class=\"l-section wpb_row us_custom_4fb9e5a3 height_medium\" id=\"przenosniki_info\"><div class=\"l-section-overlay\" style=\"background:linear-gradient(0deg,rgba(0,0,0,0.00),rgba(0,0,0,0.05))\"><\/div><div class=\"l-section-h i-cf\"><div class=\"g-cols vc_row via_grid cols_1-2 laptops-cols_inherit tablets-cols_inherit mobiles-cols_1 valign_top type_default reversed stacking_default\"><div class=\"wpb_column vc_column_container us_custom_83820375 has_bg_color\"><div class=\"vc_column-inner\"><div class=\"w-vwrapper align_none valign_top\"><h4 class=\"w-text us_custom_770fb908 has_text_color\"><span class=\"w-text-h\"><span class=\"w-text-value\">Do you need help?<\/span><\/span><\/h4><\/div><div class=\"w-separator size_small\"><\/div><div class=\"wpb_text_column us_custom_6d1f0140 has_text_color\"><div class=\"wpb_wrapper\"><p>Get in touch with us!<br \/>We are ready to find the best solution for you.<\/p>\n<\/div><\/div><div class=\"w-separator size_small\"><\/div><div class=\"w-iconbox us_custom_d7166887 has_text_color iconpos_left style_default color_custom align_left no_text\"><a href=\"tel:+48575244770\" class=\"w-iconbox-link\" aria-label=\"+48 575 244 770\"><div class=\"w-iconbox-icon\" style=\"font-size:2rem;--icon-color:#ffffff;\"><i class=\"fas fa-phone\"><\/i><\/div><\/a><div class=\"w-iconbox-meta\"><a href=\"tel:+48575244770\" class=\"w-iconbox-link\" aria-label=\"+48 575 244 770\"><p class=\"w-iconbox-title\">+48 575 244 770<\/p><\/a><\/div><\/div><div class=\"w-iconbox us_custom_2b1ff3b7 has_text_color iconpos_left style_default color_custom align_left no_text\"><a href=\"mailto:info@alaptechnology.pl\" class=\"w-iconbox-link\" aria-label=\"info@alaptechnology.pl\"><div class=\"w-iconbox-icon\" style=\"font-size:2rem;--icon-color:#ffffff;\"><i class=\"fas fa-envelope\"><\/i><\/div><\/a><div class=\"w-iconbox-meta\"><a href=\"mailto:info@alaptechnology.pl\" class=\"w-iconbox-link\" aria-label=\"info@alaptechnology.pl\"><p class=\"w-iconbox-title\">info@alaptechnology.pl<\/p><\/a><\/div><\/div><div class=\"w-separator size_small\"><\/div><div class=\"w-hwrapper valign_top align_none\"><div class=\"w-btn-wrapper align_center\"><a class=\"w-btn us-btn-style_1 us_custom_f58a0cb9\" href=\"#\"><span class=\"w-btn-label\">Contact<\/span><\/a><\/div><\/div><\/div><\/div><div class=\"wpb_column vc_column_container\"><div class=\"vc_column-inner\"><div class=\"wpb_text_column us_custom_4076faf9 has_text_color\"><div class=\"wpb_wrapper\"><h2>Zakres us\u0142ug monta\u017cu mechanicznego i elektrycznego<\/h2>\n<ol style=\"list-style-type: disc;\">\n<li><strong>Mechanical assembly:<\/strong>\n<ul style=\"list-style-type: lower-alpha;\">\n<li><strong>Assembly of machinery and equipment:<\/strong><br \/>\nWe perform assembly of machines, production lines, conveyors and other mechanical equipment. Precise assembly, installation of components and structures ensures their stability, durability and optimal functionality.<\/li>\n<li><strong>Assembly of steel structures:<\/strong><br \/>\nWe carry out the assembly of steel structures, such as machine frames, working platforms or support systems, using modern tools to ensure fast and flawless assembly.<\/li>\n<li><strong>Customization:<\/strong><br \/>\nEach installation project is customized to meet individual needs. Thanks to our flexibility, we carry out orders including both standard and non-standard solutions.<\/li>\n<\/ul>\n<\/li>\n<li><strong>Electrical assembly:<\/strong>\n<ul style=\"list-style-type: lower-alpha;\">\n<li><strong>Electrical installations:<\/strong><br \/>\nWe offer comprehensive installation of electrical systems in machinery and equipment, including wiring, connections, installation of control panels and electrical equipment. We also do modernization of existing installations and expansion of systems.<\/li>\n<li><strong>Installation of automation systems:<\/strong><br \/>\nWe carry out the installation of automation systems, such as connecting sensors, controllers, HMI panels, electric drives and production management systems. We provide full integration with existing systems.<\/li>\n<li><strong>Connecting devices to the power supply:<\/strong><br \/>\nOur team performs the connection of electrical equipment to power sources, ensuring proper protection and optimal energy efficiency.<\/li>\n<\/ul>\n<\/li>\n<li><strong>Testing and commissioning of systems:<\/strong>\n<ul style=\"list-style-type: lower-alpha;\">\n<li>After completion of mechanical and electrical installation, we carry out functional tests of equipment and systems, verifying correct operation, electrical and mechanical parameters and safety review.<\/li>\n<li>We are involved in commissioning systems and conducting production tests to make sure the equipment works as designed.<\/li>\n<\/ul>\n<\/li>\n<li><strong>Service and maintenance:<\/strong>\n<ul style=\"list-style-type: lower-alpha;\">\n<li>We offer post-installation service and maintenance, including regular inspection, maintenance and repair of equipment. With these services, we ensure long-term and trouble-free operation of machines and minimize downtime.<\/li>\n<\/ul>\n<\/li>\n<\/ol>\n<div style=\"text-align: center; margin-top: 50px;margin-bottom:25px;\">\n<a href=\"\/en\/kontakt\/\" class=\"cta-button\"><br \/>\n    <i class=\"fas fa-phone\"><\/i><br \/>\n    <span>Contact us<\/span><br \/>\n<\/a><\/div>\n<h2>Od projektu do pe\u0142nej sprawno\u015bci<\/h2>\n<p>D\u0105\u017cymy do tego, aby ka\u017cdy projekt monta\u017cowy by\u0142 realizowany z najwy\u017csz\u0105 staranno\u015bci\u0105 ju\u017c od etapu planowania. Obejmuje to zar\u00f3wno przygotowanie szczeg\u00f3\u0142owej dokumentacji technicznej, jak i logistyk\u0119 zwi\u0105zan\u0105 z transportem, przeniesieniem i ustawieniem maszyn. Nasz monta\u017c mechaniczny uwzgl\u0119dnia specyfik\u0119 bran\u017cy i warunki panuj\u0105ce w zak\u0142adzie, co jest niezwykle wa\u017cne dla optymalnego wykorzystania przestrzeni. Dba\u0142o\u015b\u0107 o ka\u017cdy, nawet najdrobniejszy szczeg\u00f3\u0142 na tym etapie \u2013 przek\u0142ada si\u0119 na p\u00f3\u017aniejsz\u0105 p\u0142ynno\u015b\u0107 i efektywno\u015b\u0107 wdro\u017conych proces\u00f3w.<\/p>\n<h2>Nowoczesne podej\u015bcie do instalacji elektrycznych<\/h2>\n<p>Nasze przemys\u0142owe instalacje elektryczne s\u0105 projektowane z my\u015bl\u0105 o efektywno\u015bci energetycznej i maksymalnym bezpiecze\u0144stwie. Wykorzystujemy sprawdzone rozwi\u0105zania, kt\u00f3re spe\u0142niaj\u0105 najnowsze normy bran\u017cowe. Dotyczy to zar\u00f3wno nowych, jak i modernizowanych system\u00f3w, gdzie istotne jest wprowadzenie inteligentnych rozwi\u0105za\u0144 z zakresu automatyki. Usprawniamy istniej\u0105ce instalacje, aby by\u0142y gotowe na rozbudow\u0119 o dodatkowe modu\u0142y i technologie, zapewniaj\u0105c klientom przysz\u0142o\u015bciowe i skalowalne rozwi\u0105zania.<\/p>\n<\/div><\/div><\/div><\/div><\/div><\/div><\/section><section class=\"l-section wpb_row height_small width_custom\" style=\"--site-content-width:900px;\" id=\"section-03\"><div class=\"l-section-h i-cf\"><div class=\"g-cols vc_row via_grid cols_1 laptops-cols_inherit tablets-cols_inherit mobiles-cols_1 valign_top type_default stacking_default\"><div class=\"wpb_column vc_column_container\"><div class=\"vc_column-inner\"><h2 class=\"w-text us_custom_eb849559\"><span class=\"w-text-h\"><span class=\"w-text-value\">Benefits<\/span><\/span><\/h2><div class=\"w-separator size_small\"><\/div><div class=\"g-cols wpb_row via_grid cols_3 laptops-cols_inherit tablets-cols_inherit mobiles-cols_1 valign_top type_default stacking_default\" style=\"--gap:4rem;\"><div class=\"wpb_column vc_column_container\"><div class=\"vc_column-inner\"><div class=\"w-iconbox us_custom_ca43fddb has_text_color iconpos_top style_circle color_primary align_center no_text\"><div class=\"w-iconbox-icon\" style=\"font-size:1rem;\"><i class=\"fas fa-check\"><\/i><\/div><div class=\"w-iconbox-meta\"><p class=\"w-iconbox-title\">Professional and fast commissioning of equipment<\/p><\/div><\/div><\/div><\/div><div class=\"wpb_column vc_column_container\"><div class=\"vc_column-inner\"><div class=\"w-iconbox us_custom_c316f3a6 has_text_color iconpos_top style_circle color_primary align_center no_text\"><div class=\"w-iconbox-icon\" style=\"font-size:1rem;\"><i class=\"fas fa-check\"><\/i><\/div><div class=\"w-iconbox-meta\"><p class=\"w-iconbox-title\">Reduce the risk of installation errors<\/p><\/div><\/div><\/div><\/div><div class=\"wpb_column vc_column_container\"><div class=\"vc_column-inner\"><div class=\"w-iconbox us_custom_c316f3a6 has_text_color iconpos_top style_circle color_primary align_center no_text\"><div class=\"w-iconbox-icon\" style=\"font-size:1rem;\"><i class=\"fas fa-check\"><\/i><\/div><div class=\"w-iconbox-meta\"><p class=\"w-iconbox-title\">Possibility of comprehensive implementation of projects.<\/p><\/div><\/div><\/div><\/div><\/div><div class=\"w-separator size_medium\"><\/div><\/div><\/div><\/div><\/div><\/section><section class=\"l-section wpb_row us_custom_2dbf7b3f height_small\"><div class=\"l-section-h i-cf\"><div class=\"g-cols vc_row via_grid cols_1 laptops-cols_inherit tablets-cols_inherit mobiles-cols_1 valign_top type_default stacking_default\"><div class=\"wpb_column vc_column_container\"><div class=\"vc_column-inner\"><h3 class=\"w-text us_custom_eb849559\"><span class=\"w-text-h\"><span class=\"w-text-value\">Example Projects:<\/span><\/span><\/h3><div class=\"w-grid type_carousel layout_2720 cols_3 ratio_1x1\" id=\"us_grid_1\" style=\"--gap:30px;\"><style>.layout_2720 .w-grid-item-h:before{padding-bottom:100%}.layout_2720 .w-grid-item-h{}.layout_2720 .usg_post_image_1{transition-duration:0.3s;transform-origin:50% 50%;transform:scale(1) translate(0%,0%)}.layout_2720 .w-grid-item-h:hover .usg_post_image_1{transform:scale(1) translate(0%,0%);opacity:0.75;border-color:rgba(0,0,0,0.75)!important}.layout_2720 .usg_post_image_1{position:absolute!important;left:0!important;top:0!important;bottom:0!important;right:0!important}<\/style><div class=\"w-grid-list owl-carousel valign_stretch dotstyle_circle navstyle_circle navpos_outside owl-responsive-2000 with_dots with_arrows\" style=\"--transition-duration:350ms;--arrows-size:1.5rem;\">\t<article class=\"w-grid-item post-3618 attachment type-attachment status-inherit hentry\" data-id=\"3618\">\r\n\t\t<div class=\"w-grid-item-h\">\r\n\t\t\t\t\t\t\t<a ref=\"magnificPopupGrid\" href=\"https:\/\/alaptechnology.pl\/wp-content\/uploads\/2025\/03\/20240802_102746-scaled.jpg\" class=\"w-grid-item-anchor\" aria-label=\"Pracownicy Alap w hali produkcyjnej przy maszynie przemyslowej\"><\/a>\r\n\t\t\t\t\t\t<div class=\"w-post-elm post_image usg_post_image_1 stretched\"><img loading=\"lazy\" decoding=\"async\" width=\"768\" height=\"1024\" src=\"https:\/\/alaptechnology.pl\/wp-content\/uploads\/2025\/03\/20240802_102746-768x1024.jpg\" class=\"attachment-large size-large\" alt=\"Pracownicy Alap w hali produkcyjnej przy maszynie przemyslowej\" srcset=\"https:\/\/alaptechnology.pl\/wp-content\/uploads\/2025\/03\/20240802_102746-768x1024.jpg 768w, https:\/\/alaptechnology.pl\/wp-content\/uploads\/2025\/03\/20240802_102746-225x300.jpg 225w, https:\/\/alaptechnology.pl\/wp-content\/uploads\/2025\/03\/20240802_102746-9x12.jpg 9w, https:\/\/alaptechnology.pl\/wp-content\/uploads\/2025\/03\/20240802_102746-scaled.jpg 1920w\" sizes=\"auto, (max-width: 768px) 100vw, 768px\" \/><\/div>\t\t<\/div>\r\n\t\t\t<\/article>\r\n\t<article class=\"w-grid-item post-3617 attachment type-attachment status-inherit hentry\" data-id=\"3617\">\r\n\t\t<div class=\"w-grid-item-h\">\r\n\t\t\t\t\t\t\t<a ref=\"magnificPopupGrid\" href=\"https:\/\/alaptechnology.pl\/wp-content\/uploads\/2025\/03\/20240727_071929-scaled.jpg\" class=\"w-grid-item-anchor\" aria-label=\"Przemys\u0142owe rury i wymiennik ciep\u0142a w hali produkcyjnej\"><\/a>\r\n\t\t\t\t\t\t<div class=\"w-post-elm post_image usg_post_image_1 stretched\"><img loading=\"lazy\" decoding=\"async\" width=\"768\" height=\"1024\" src=\"https:\/\/alaptechnology.pl\/wp-content\/uploads\/2025\/03\/20240727_071929-768x1024.jpg\" class=\"attachment-large size-large\" alt=\"Przemys\u0142owe rury i wymiennik ciep\u0142a w hali produkcyjnej\" srcset=\"https:\/\/alaptechnology.pl\/wp-content\/uploads\/2025\/03\/20240727_071929-768x1024.jpg 768w, https:\/\/alaptechnology.pl\/wp-content\/uploads\/2025\/03\/20240727_071929-225x300.jpg 225w, https:\/\/alaptechnology.pl\/wp-content\/uploads\/2025\/03\/20240727_071929-9x12.jpg 9w, https:\/\/alaptechnology.pl\/wp-content\/uploads\/2025\/03\/20240727_071929-scaled.jpg 1920w\" sizes=\"auto, (max-width: 768px) 100vw, 768px\" \/><\/div>\t\t<\/div>\r\n\t\t\t<\/article>\r\n\t<article class=\"w-grid-item post-3616 attachment type-attachment status-inherit hentry\" data-id=\"3616\">\r\n\t\t<div class=\"w-grid-item-h\">\r\n\t\t\t\t\t\t\t<a ref=\"magnificPopupGrid\" href=\"https:\/\/alaptechnology.pl\/wp-content\/uploads\/2025\/03\/20240708_082705-scaled.jpg\" class=\"w-grid-item-anchor\" aria-label=\"Pracownicy Alap w hali produkcyjnej przy maszynie przemyslowej\"><\/a>\r\n\t\t\t\t\t\t<div class=\"w-post-elm post_image usg_post_image_1 stretched\"><img loading=\"lazy\" decoding=\"async\" width=\"768\" height=\"1024\" src=\"https:\/\/alaptechnology.pl\/wp-content\/uploads\/2025\/03\/20240708_082705-768x1024.jpg\" class=\"attachment-large size-large\" alt=\"Pracownicy Alap w hali produkcyjnej przy maszynie przemyslowej\" srcset=\"https:\/\/alaptechnology.pl\/wp-content\/uploads\/2025\/03\/20240708_082705-768x1024.jpg 768w, https:\/\/alaptechnology.pl\/wp-content\/uploads\/2025\/03\/20240708_082705-225x300.jpg 225w, https:\/\/alaptechnology.pl\/wp-content\/uploads\/2025\/03\/20240708_082705-9x12.jpg 9w, https:\/\/alaptechnology.pl\/wp-content\/uploads\/2025\/03\/20240708_082705-scaled.jpg 1920w\" sizes=\"auto, (max-width: 768px) 100vw, 768px\" \/><\/div>\t\t<\/div>\r\n\t\t\t<\/article>\r\n\t<article class=\"w-grid-item post-3615 attachment type-attachment status-inherit hentry\" data-id=\"3615\">\r\n\t\t<div class=\"w-grid-item-h\">\r\n\t\t\t\t\t\t\t<a ref=\"magnificPopupGrid\" href=\"https:\/\/alaptechnology.pl\/wp-content\/uploads\/2025\/03\/20240706_094718-scaled.jpg\" class=\"w-grid-item-anchor\" aria-label=\"Pracownicy Alap ko\u0142o hali produkcyjnej\"><\/a>\r\n\t\t\t\t\t\t<div class=\"w-post-elm post_image usg_post_image_1 stretched\"><img loading=\"lazy\" decoding=\"async\" width=\"768\" height=\"1024\" src=\"https:\/\/alaptechnology.pl\/wp-content\/uploads\/2025\/03\/20240706_094718-768x1024.jpg\" class=\"attachment-large size-large\" alt=\"Pracownicy Alap ko\u0142o hali produkcyjnej\" srcset=\"https:\/\/alaptechnology.pl\/wp-content\/uploads\/2025\/03\/20240706_094718-768x1024.jpg 768w, https:\/\/alaptechnology.pl\/wp-content\/uploads\/2025\/03\/20240706_094718-225x300.jpg 225w, https:\/\/alaptechnology.pl\/wp-content\/uploads\/2025\/03\/20240706_094718-9x12.jpg 9w, https:\/\/alaptechnology.pl\/wp-content\/uploads\/2025\/03\/20240706_094718-scaled.jpg 1920w\" sizes=\"auto, (max-width: 768px) 100vw, 768px\" \/><\/div>\t\t<\/div>\r\n\t\t\t<\/article>\r\n<\/div>\t<div class=\"g-preloader type_1\">\r\n\t\t<div><\/div>\r\n\t<\/div>\r\n\t\t<div class=\"w-grid-json hidden\" onclick='return {&quot;action&quot;:&quot;us_ajax_grid&quot;,&quot;infinite_scroll&quot;:0,&quot;max_num_pages&quot;:1,&quot;pagination&quot;:&quot;none&quot;,&quot;template_vars&quot;:{&quot;columns&quot;:&quot;&quot;,&quot;exclude_items&quot;:&quot;none&quot;,&quot;img_size&quot;:&quot;default&quot;,&quot;ignore_items_size&quot;:0,&quot;items_layout&quot;:&quot;2720&quot;,&quot;items_offset&quot;:&quot;0px&quot;,&quot;load_animation&quot;:&quot;none&quot;,&quot;overriding_link&quot;:&quot;%7B%22type%22%3A%22popup_image%22%7D&quot;,&quot;post_id&quot;:0,&quot;query_args&quot;:{&quot;post_type&quot;:[&quot;attachment&quot;],&quot;post__in&quot;:[&quot;3615&quot;,&quot;3616&quot;,&quot;3617&quot;,&quot;3618&quot;],&quot;post_status&quot;:&quot;inherit&quot;,&quot;post_mime_type&quot;:&quot;image&quot;,&quot;posts_per_page&quot;:&quot;9&quot;},&quot;orderby_query_args&quot;:{&quot;orderby&quot;:{&quot;date&quot;:&quot;DESC&quot;}},&quot;type&quot;:&quot;carousel&quot;,&quot;us_grid_post_type&quot;:&quot;attachment&quot;,&quot;us_grid_ajax_index&quot;:1,&quot;us_grid_filter_query_string&quot;:null,&quot;us_grid_index&quot;:1,&quot;page_args&quot;:[]},&quot;carousel_settings&quot;:{&quot;aria_labels&quot;:{&quot;prev&quot;:&quot;Previous&quot;,&quot;next&quot;:&quot;Next&quot;},&quot;autoplayContinual&quot;:false,&quot;autoplayHoverPause&quot;:false,&quot;autoplayTimeout&quot;:3000,&quot;smartSpeed&quot;:350,&quot;margin&quot;:0,&quot;mouseDrag&quot;:true,&quot;rtl&quot;:false,&quot;slideBy&quot;:&quot;1&quot;,&quot;touchDrag&quot;:true,&quot;slideTransition&quot;:&quot;&quot;,&quot;responsive&quot;:{&quot;0&quot;:{&quot;autoHeight&quot;:false,&quot;autoplay&quot;:false,&quot;autoWidth&quot;:false,&quot;center&quot;:false,&quot;dots&quot;:true,&quot;items&quot;:1,&quot;loop&quot;:false,&quot;nav&quot;:true,&quot;stagePadding&quot;:0},&quot;601&quot;:{&quot;items&quot;:3,&quot;autoplay&quot;:true,&quot;center&quot;:false,&quot;dots&quot;:true,&quot;nav&quot;:true,&quot;autoHeight&quot;:false,&quot;autoWidth&quot;:false,&quot;loop&quot;:true,&quot;stagePadding&quot;:0}}}}'><\/div>\r\n\t<\/div><\/div><\/div><\/div><\/div><\/section><section class=\"l-section wpb_row us_custom_50cc7d67 height_medium\" id=\"section-21\"><div class=\"l-section-h i-cf\"><div class=\"g-cols vc_row via_grid cols_1 laptops-cols_inherit tablets-cols_inherit mobiles-cols_1 valign_top type_default stacking_default\" style=\"--gap:5rem;\"><div class=\"wpb_column vc_column_container us_custom_ceb30492 has_text_color has_bg_color\"><div class=\"vc_column-inner\"><div class=\"g-cols wpb_row via_grid cols_2 laptops-cols_inherit tablets-cols_inherit mobiles-cols_1 valign_middle type_default stacking_default\" style=\"--gap:0px;\"><div class=\"wpb_column vc_column_container us_custom_62280b32\"><div class=\"vc_column-inner\"><div class=\"wpb_text_column\"><div class=\"wpb_wrapper\"><h2>Projects<\/h2>\n<p>See how our solutions are changing industries - check out our implementations!<\/p>\n<\/div><\/div><div class=\"w-separator size_small\"><\/div><div class=\"w-btn-wrapper align_none\"><a class=\"w-btn us-btn-style_1 icon_atright\" target=\"_blank\" href=\"https:\/\/alaptechnology.pl\/en\/nasze-realizacje\/\"><span class=\"w-btn-label\">Our realizations<\/span><i class=\"fas fa-arrow-right\"><\/i><\/a><\/div><\/div><\/div><div class=\"wpb_column vc_column_container us_custom_80fbe524\"><div class=\"vc_column-inner\"><div class=\"w-image us_custom_6d149020 has_ratio align_none\"><div class=\"w-image-h\"><div style=\"padding-bottom:66.6667%\"><\/div><img decoding=\"async\" width=\"1024\" height=\"683\" src=\"https:\/\/alaptechnology.pl\/wp-content\/uploads\/2025\/01\/4182-1024x683.jpg\" class=\"attachment-large size-large\" alt=\"M\u0119\u017cczyzna stoj\u0105cy przy maszynie\" loading=\"lazy\" \/><\/div><\/div><\/div><\/div><\/div><\/div><\/div><\/div><\/div><\/section><section class=\"l-section wpb_row height_auto width_full\" id=\"bcols\"><div class=\"l-section-h i-cf\"><div class=\"g-cols vc_row via_grid cols_3 laptops-cols_inherit tablets-cols_1 mobiles-cols_1 valign_middle type_default\" style=\"--gap:0rem;\"><div class=\"wpb_column vc_column_container us_custom_c13af3d5 has_text_color us_animate_this\"><div class=\"vc_column-overlay\" style=\"background:rgba(122,177,198,0.85)\"><\/div><div class=\"vc_column-inner\"><h2 class=\"w-text us_custom_bde1d67f\"><span class=\"w-text-h\"><span class=\"w-text-value\">Collaboration<\/span><\/span><\/h2><p class=\"w-text\"><span class=\"w-text-h\"><span class=\"w-text-value\">Learn how we take projects step by step to achieve success together.<\/span><\/span><\/p><div class=\"w-btn-wrapper align_none\"><a class=\"w-btn us-btn-style_1\" target=\"_blank\" href=\"https:\/\/alaptechnology.pl\/en\/wspolpraca\/\"><span class=\"w-btn-label\">Let's start working together<\/span><\/a><\/div><\/div><\/div><div class=\"wpb_column vc_column_container us_custom_55c9e6f8 has_text_color us_animate_this\"><div class=\"vc_column-overlay\" style=\"background:rgba(84,143,171,0.85)\"><\/div><div class=\"vc_column-inner\"><h2 class=\"w-text us_custom_bde1d67f\"><span class=\"w-text-h\"><span class=\"w-text-value\">Contact us<\/span><\/span><\/h2><p class=\"w-text\"><span class=\"w-text-h\"><span class=\"w-text-value\">Do you have questions or need help? We are here to answer your needs!<\/span><\/span><\/p><div class=\"w-btn-wrapper align_none\"><a class=\"w-btn us-btn-style_1 us_custom_db352830\" target=\"_blank\" href=\"https:\/\/alaptechnology.pl\/en\/kontakt\/\"><span class=\"w-btn-label\">Contact<\/span><\/a><\/div><\/div><\/div><div class=\"wpb_column vc_column_container us_custom_cc2b80f9 has_text_color us_animate_this\"><div class=\"vc_column-overlay\" style=\"background:rgba(46,59,82,0.85)\"><\/div><div class=\"vc_column-inner\"><h2 class=\"w-text us_custom_bde1d67f\"><span class=\"w-text-h\"><span class=\"w-text-value\">Inspiration and knowledge<\/span><\/span><\/h2><p class=\"w-text\"><span class=\"w-text-h\"><span class=\"w-text-value\">Visit our blog and discover interesting articles that can inspire you.<\/span><\/span><\/p><div class=\"w-btn-wrapper align_none\"><a class=\"w-btn us-btn-style_1\" target=\"_blank\" href=\"https:\/\/alaptechnology.pl\/en\/blog\/\"><span class=\"w-btn-label\">View entries<\/span><\/a><\/div><\/div><\/div><\/div><\/div><\/section>","protected":false},"excerpt":{"rendered":"","protected":false},"author":1,"featured_media":0,"parent":1899,"menu_order":0,"comment_status":"closed","ping_status":"closed","template":"","meta":{"footnotes":""},"class_list":["post-3083","page","type-page","status-publish","hentry"],"aioseo_notices":[],"_links":{"self":[{"href":"https:\/\/alaptechnology.pl\/en\/wp-json\/wp\/v2\/pages\/3083","targetHints":{"allow":["GET"]}}],"collection":[{"href":"https:\/\/alaptechnology.pl\/en\/wp-json\/wp\/v2\/pages"}],"about":[{"href":"https:\/\/alaptechnology.pl\/en\/wp-json\/wp\/v2\/types\/page"}],"author":[{"embeddable":true,"href":"https:\/\/alaptechnology.pl\/en\/wp-json\/wp\/v2\/users\/1"}],"replies":[{"embeddable":true,"href":"https:\/\/alaptechnology.pl\/en\/wp-json\/wp\/v2\/comments?post=3083"}],"version-history":[{"count":9,"href":"https:\/\/alaptechnology.pl\/en\/wp-json\/wp\/v2\/pages\/3083\/revisions"}],"predecessor-version":[{"id":4021,"href":"https:\/\/alaptechnology.pl\/en\/wp-json\/wp\/v2\/pages\/3083\/revisions\/4021"}],"up":[{"embeddable":true,"href":"https:\/\/alaptechnology.pl\/en\/wp-json\/wp\/v2\/pages\/1899"}],"wp:attachment":[{"href":"https:\/\/alaptechnology.pl\/en\/wp-json\/wp\/v2\/media?parent=3083"}],"curies":[{"name":"wp","href":"https:\/\/api.w.org\/{rel}","templated":true}]}}