{"id":3073,"date":"2025-01-12T18:55:47","date_gmt":"2025-01-12T17:55:47","guid":{"rendered":"https:\/\/alaptechnology.pl\/?page_id=3073"},"modified":"2025-09-17T12:39:40","modified_gmt":"2025-09-17T10:39:40","slug":"spawanie-stali-nierdzewnej","status":"publish","type":"page","link":"https:\/\/alaptechnology.pl\/en\/uslugi\/spawanie-stali-nierdzewnej\/","title":{"rendered":"Welding of stainless steel"},"content":{"rendered":"<section class=\"l-section wpb_row us_custom_103975eb height_large full_height valign_center color_footer-bottom\" id=\"section-03\"><div class=\"l-section-h i-cf\"><div class=\"g-cols vc_row via_grid cols_2-3 laptops-cols_inherit tablets-cols_1 mobiles-cols_1 valign_middle type_default stacking_default\" style=\"--gap:5vw;\"><div class=\"wpb_column vc_column_container\"><div class=\"vc_column-inner\"><div class=\"w-image us_custom_10d35ad7 has_height has_ratio align_none\"><div class=\"w-image-h\"><div style=\"padding-bottom:100%\"><\/div><img decoding=\"async\" width=\"907\" height=\"1024\" src=\"https:\/\/alaptechnology.pl\/wp-content\/uploads\/2025\/01\/welding-67640_1280-907x1024.jpg\" class=\"attachment-large size-large\" alt=\"M\u0119\u017cczyzna spawaj\u0105cy w pe\u0142nym kostiumie ochronnym\" loading=\"lazy\" \/><\/div><\/div><\/div><\/div><div class=\"wpb_column vc_column_container\"><div class=\"vc_column-inner\"><h1 class=\"w-text us_custom_44f61a15 has_text_color\"><span class=\"w-text-h\"><span class=\"w-text-value\">Spawanie i obr\u00f3bka stali<\/span><\/span><\/h1><div class=\"wpb_text_column us_custom_a5c88937\"><div class=\"wpb_wrapper\"><p>Welding stainless steel in industry requires not only the right knowledge and skills, but also the use of state-of-the-art technology. Our company offers professional welding services dedicated to the industrial sector, providing durable, safe and precise joining of stainless steel components. We are engaged in welding both large structures and smaller components.<\/p>\n<\/div><\/div><div class=\"w-separator size_medium\"><\/div><div class=\"w-btn-wrapper align_none\"><a class=\"w-btn us-btn-style_1\" href=\"#przenosniki_info\"><span class=\"w-btn-label\">Learn more<\/span><\/a><\/div><\/div><\/div><\/div><\/div><\/section><section class=\"l-section wpb_row us_custom_4fb9e5a3 height_medium\" id=\"przenosniki_info\"><div class=\"l-section-overlay\" style=\"background:linear-gradient(0deg,rgba(0,0,0,0.00),rgba(0,0,0,0.05))\"><\/div><div class=\"l-section-h i-cf\"><div class=\"g-cols vc_row via_grid cols_1-2 laptops-cols_inherit tablets-cols_inherit mobiles-cols_1 valign_top type_default reversed stacking_default\"><div class=\"wpb_column vc_column_container us_custom_83820375 has_bg_color\"><div class=\"vc_column-inner\"><div class=\"w-vwrapper align_none valign_top\"><h4 class=\"w-text us_custom_770fb908 has_text_color\"><span class=\"w-text-h\"><span class=\"w-text-value\">Do you need help?<\/span><\/span><\/h4><\/div><div class=\"w-separator size_small\"><\/div><div class=\"wpb_text_column us_custom_6d1f0140 has_text_color\"><div class=\"wpb_wrapper\"><p>Get in touch with us!<br \/>\nWe are ready to find the best solution for you.<\/p>\n<\/div><\/div><div class=\"w-separator size_small\"><\/div><div class=\"w-iconbox us_custom_d7166887 has_text_color iconpos_left style_default color_custom align_left no_text\"><a href=\"tel:+48575244770\" class=\"w-iconbox-link\" aria-label=\"+48 575 244 770\"><div class=\"w-iconbox-icon\" style=\"font-size:2rem;--icon-color:#ffffff;\"><i class=\"fas fa-phone\"><\/i><\/div><\/a><div class=\"w-iconbox-meta\"><a href=\"tel:+48575244770\" class=\"w-iconbox-link\" aria-label=\"+48 575 244 770\"><p class=\"w-iconbox-title\">+48 575 244 770<\/p><\/a><\/div><\/div><div class=\"w-iconbox us_custom_2b1ff3b7 has_text_color iconpos_left style_default color_custom align_left no_text\"><a href=\"mailto:info@alaptechnology.pl\" class=\"w-iconbox-link\" aria-label=\"info@alaptechnology.pl\"><div class=\"w-iconbox-icon\" style=\"font-size:2rem;--icon-color:#ffffff;\"><i class=\"fas fa-envelope\"><\/i><\/div><\/a><div class=\"w-iconbox-meta\"><a href=\"mailto:info@alaptechnology.pl\" class=\"w-iconbox-link\" aria-label=\"info@alaptechnology.pl\"><p class=\"w-iconbox-title\">info@alaptechnology.pl<\/p><\/a><\/div><\/div><div class=\"w-separator size_small\"><\/div><div class=\"w-hwrapper valign_top align_none\"><div class=\"w-btn-wrapper align_center\"><a class=\"w-btn us-btn-style_1 us_custom_f58a0cb9\" href=\"#\"><span class=\"w-btn-label\">Contact<\/span><\/a><\/div><\/div><\/div><\/div><div class=\"wpb_column vc_column_container\"><div class=\"vc_column-inner\"><div class=\"wpb_text_column us_custom_4076faf9 has_text_color\"><div class=\"wpb_wrapper\"><p>Nasze us\u0142ugi spawalnicze w przemy\u015ble s\u0105 realizowane przy u\u017cyciu najbardziej zaawansowanych metod spawania, co zapewnia wysok\u0105 jako\u015b\u0107, niezawodno\u015b\u0107 i estetyk\u0119 spoin. Stal nierdzewna, znana ze swojej odporno\u015bci na korozj\u0119, wysok\u0105 wytrzyma\u0142o\u015b\u0107 oraz trwa\u0142o\u015b\u0107 jest materia\u0142em idealnym do zastosowa\u0144 przemys\u0142owych, gdzie liczy si\u0119 zar\u00f3wno bezpiecze\u0144stwo, jak i d\u0142ugowieczno\u015b\u0107 element\u00f3w.<\/p>\n<h2 data-start=\"65\" data-end=\"122\">Range of stainless steel welding services in industry<\/h2>\n<p>Oferujemy us\u0142ugi spawalnicze oraz obr\u00f3bk\u0119 stali nierdzewnej po spawaniu, w tym spawanie specjalistyczne laserowe stali.<\/p>\n<h2>TIG (Tungsten Inert Gas) welding.<\/h2>\n<p data-start=\"172\" data-end=\"520\">This method, which is used to weld thin-walled stainless steel parts, is particularly useful in the manufacture of precision components used in industrial equipment. TIG provides clean, aesthetically pleasing and strong welds that have excellent resistance to high temperatures and chemicals.<\/p>\n<h4 data-start=\"522\" data-end=\"587\">MIG\/MAG (Metal Inert Gas\/Metal Active Gas) welding.<\/h4>\n<p data-start=\"588\" data-end=\"885\">MIG\/MAG is a high-performance welding method, particularly suitable for welding thick steel parts. With this method, we can quickly join larger surfaces, ensuring robustness and resistance to mechanical stress, which is crucial in the manufacturing and energy industries.<\/p>\n<h4 data-start=\"887\" data-end=\"933\">Metal electrode welding (MMA)<\/h4>\n<p data-start=\"934\" data-end=\"1242\">This method is ideal for working in harsh environments where access to the material to be welded is limited. MMA welding makes it possible to join stainless steel parts of various thicknesses and is mainly used in the petrochemical industry, construction and industrial machinery and equipment manufacturing.<\/p>\n<h4 data-start=\"1244\" data-end=\"1268\">Laser welding<\/h4>\n<p data-start=\"1269\" data-end=\"1752\">Nowoczesna technologia spawania laserowego pozwala na precyzyjne \u0142\u0105czenie element\u00f3w ze stali nierdzewnej z minimalnym wp\u0142ywem na struktur\u0119 materia\u0142u. Nowoczesne spawanie laserowe charakteryzuje si\u0119 bardzo wysok\u0105 dok\u0142adno\u015bci\u0105, ma\u0142\u0105 stref\u0105 wp\u0142ywu ciep\u0142a oraz mo\u017cliwo\u015bci\u0105 spawania nawet bardzo cienkich element\u00f3w. Jest idealnym rozwi\u0105zaniem w produkcji komponent\u00f3w wymagaj\u0105cych wyj\u0105tkowej estetyki i trwa\u0142o\u015bci, stosowanych m.in. w przemy\u015ble medycznym, elektronicznym i motoryzacyjnym.<\/p>\n<h4 data-start=\"1754\" data-end=\"1792\">Shielded atmosphere welding<\/h4>\n<p data-start=\"1793\" data-end=\"2053\">For parts requiring special resistance to oxidation, we offer welding in a protective atmosphere. This technology ensures high quality welds, eliminating the risk of corrosion and improving the durability of joined materials in harsh industrial environments.<\/p>\n<h4 data-start=\"2055\" data-end=\"2103\">Pretreatment and material preparation<\/h4>\n<p data-start=\"2104\" data-end=\"2366\">Before welding, we perform professional pre-treatment of stainless steel, including cutting, bending and grinding. This ensures the accuracy of the welds and the quality of the finished parts, which will fully meet industry standards.<\/p>\n<\/div><\/div><\/div><\/div><\/div><\/div><\/section><section class=\"l-section wpb_row height_small width_custom\" style=\"--site-content-width:900px;\" id=\"section-03\"><div class=\"l-section-h i-cf\"><div class=\"g-cols vc_row via_grid cols_1 laptops-cols_inherit tablets-cols_inherit mobiles-cols_1 valign_top type_default stacking_default\"><div class=\"wpb_column vc_column_container\"><div class=\"vc_column-inner\"><h2 class=\"w-text us_custom_eb849559\"><span class=\"w-text-h\"><span class=\"w-text-value\">Benefits<\/span><\/span><\/h2><div class=\"w-separator size_small\"><\/div><div class=\"g-cols wpb_row via_grid cols_3 laptops-cols_inherit tablets-cols_inherit mobiles-cols_1 valign_top type_default stacking_default\" style=\"--gap:4rem;\"><div class=\"wpb_column vc_column_container\"><div class=\"vc_column-inner\"><div class=\"w-iconbox us_custom_ca43fddb has_text_color iconpos_top style_circle color_primary align_center no_text\"><div class=\"w-iconbox-icon\" style=\"font-size:1rem;\"><i class=\"fas fa-check\"><\/i><\/div><div class=\"w-iconbox-meta\"><p class=\"w-iconbox-title\">Durable and aesthetically pleasing connections<\/p><\/div><\/div><\/div><\/div><div class=\"wpb_column vc_column_container\"><div class=\"vc_column-inner\"><div class=\"w-iconbox us_custom_c316f3a6 has_text_color iconpos_top style_circle color_primary align_center no_text\"><div class=\"w-iconbox-icon\" style=\"font-size:1rem;\"><i class=\"fas fa-check\"><\/i><\/div><div class=\"w-iconbox-meta\"><p class=\"w-iconbox-title\">Compliance with industry standards<\/p><\/div><\/div><\/div><\/div><div class=\"wpb_column vc_column_container\"><div class=\"vc_column-inner\"><div class=\"w-iconbox us_custom_c316f3a6 has_text_color iconpos_top style_circle color_primary align_center no_text\"><div class=\"w-iconbox-icon\" style=\"font-size:1rem;\"><i class=\"fas fa-check\"><\/i><\/div><div class=\"w-iconbox-meta\"><p class=\"w-iconbox-title\">Ability to implement custom projects<\/p><\/div><\/div><\/div><\/div><\/div><div class=\"w-separator size_medium\"><\/div><\/div><\/div><\/div><\/div><\/section><section class=\"l-section wpb_row us_custom_2dbf7b3f height_small\"><div class=\"l-section-h i-cf\"><div class=\"g-cols vc_row via_grid cols_1 laptops-cols_inherit tablets-cols_inherit mobiles-cols_1 valign_top type_default stacking_default\"><div class=\"wpb_column vc_column_container\"><div class=\"vc_column-inner\"><h3 class=\"w-text us_custom_eb849559\"><span class=\"w-text-h\"><span class=\"w-text-value\">Example Projects:<\/span><\/span><\/h3><div class=\"w-grid type_carousel layout_2720 cols_3 ratio_1x1\" id=\"us_grid_1\" style=\"--gap:30px;\"><style>.layout_2720 .w-grid-item-h:before{padding-bottom:100%}.layout_2720 .w-grid-item-h{}.layout_2720 .usg_post_image_1{transition-duration:0.3s;transform-origin:50% 50%;transform:scale(1) translate(0%,0%)}.layout_2720 .w-grid-item-h:hover .usg_post_image_1{transform:scale(1) translate(0%,0%);opacity:0.75;border-color:rgba(0,0,0,0.75)!important}.layout_2720 .usg_post_image_1{position:absolute!important;left:0!important;top:0!important;bottom:0!important;right:0!important}<\/style><div class=\"w-grid-list owl-carousel valign_stretch dotstyle_circle navstyle_circle navpos_outside owl-responsive-2000 with_dots with_arrows\" style=\"--transition-duration:350ms;--arrows-size:1.5rem;\">\t<article class=\"w-grid-item post-3595 attachment type-attachment status-inherit hentry\" data-id=\"3595\">\r\n\t\t<div class=\"w-grid-item-h\">\r\n\t\t\t\t\t\t\t<a ref=\"magnificPopupGrid\" href=\"https:\/\/alaptechnology.pl\/wp-content\/uploads\/2025\/03\/20231220_144315-scaled.jpg\" class=\"w-grid-item-anchor\" aria-label=\"Metalowa cz\u0119\u015b\u0107 przemys\u0142owa z g\u0142adk\u0105 powierzchni\u0105\"><\/a>\r\n\t\t\t\t\t\t<div class=\"w-post-elm post_image usg_post_image_1 stretched\"><img loading=\"lazy\" decoding=\"async\" width=\"1024\" height=\"768\" src=\"https:\/\/alaptechnology.pl\/wp-content\/uploads\/2025\/03\/20231220_144315-1024x768.jpg\" class=\"attachment-large size-large\" alt=\"Metalowa cz\u0119\u015b\u0107 przemys\u0142owa z g\u0142adk\u0105 powierzchni\u0105\" srcset=\"https:\/\/alaptechnology.pl\/wp-content\/uploads\/2025\/03\/20231220_144315-1024x768.jpg 1024w, https:\/\/alaptechnology.pl\/wp-content\/uploads\/2025\/03\/20231220_144315-300x225.jpg 300w, https:\/\/alaptechnology.pl\/wp-content\/uploads\/2025\/03\/20231220_144315-16x12.jpg 16w\" sizes=\"auto, (max-width: 1024px) 100vw, 1024px\" \/><\/div>\t\t<\/div>\r\n\t\t\t<\/article>\r\n\t<article class=\"w-grid-item post-3594 attachment type-attachment status-inherit hentry\" data-id=\"3594\">\r\n\t\t<div class=\"w-grid-item-h\">\r\n\t\t\t\t\t\t\t<a ref=\"magnificPopupGrid\" href=\"https:\/\/alaptechnology.pl\/wp-content\/uploads\/2025\/03\/1.jpg\" class=\"w-grid-item-anchor\" aria-label=\"Metalowa cz\u0119\u015b\u0107 przemys\u0142owa z g\u0142adk\u0105 powierzchni\u0105 i precyzyjnym spawem\"><\/a>\r\n\t\t\t\t\t\t<div class=\"w-post-elm post_image usg_post_image_1 stretched\"><img loading=\"lazy\" decoding=\"async\" width=\"768\" height=\"1024\" src=\"https:\/\/alaptechnology.pl\/wp-content\/uploads\/2025\/03\/1-768x1024.jpg\" class=\"attachment-large size-large\" alt=\"Metalowa cz\u0119\u015b\u0107 przemys\u0142owa z g\u0142adk\u0105 powierzchni\u0105 i precyzyjnym spawem\" srcset=\"https:\/\/alaptechnology.pl\/wp-content\/uploads\/2025\/03\/1-768x1024.jpg 768w, https:\/\/alaptechnology.pl\/wp-content\/uploads\/2025\/03\/1-225x300.jpg 225w, https:\/\/alaptechnology.pl\/wp-content\/uploads\/2025\/03\/1-9x12.jpg 9w, https:\/\/alaptechnology.pl\/wp-content\/uploads\/2025\/03\/1.jpg 1500w\" sizes=\"auto, (max-width: 768px) 100vw, 768px\" \/><\/div>\t\t<\/div>\r\n\t\t\t<\/article>\r\n<\/div>\t<div class=\"g-preloader type_1\">\r\n\t\t<div><\/div>\r\n\t<\/div>\r\n\t\t<div class=\"w-grid-json hidden\" onclick='return {&quot;action&quot;:&quot;us_ajax_grid&quot;,&quot;infinite_scroll&quot;:0,&quot;max_num_pages&quot;:1,&quot;pagination&quot;:&quot;none&quot;,&quot;template_vars&quot;:{&quot;columns&quot;:&quot;&quot;,&quot;exclude_items&quot;:&quot;none&quot;,&quot;img_size&quot;:&quot;default&quot;,&quot;ignore_items_size&quot;:0,&quot;items_layout&quot;:&quot;2720&quot;,&quot;items_offset&quot;:&quot;0px&quot;,&quot;load_animation&quot;:&quot;none&quot;,&quot;overriding_link&quot;:&quot;%7B%22type%22%3A%22popup_image%22%7D&quot;,&quot;post_id&quot;:0,&quot;query_args&quot;:{&quot;post_type&quot;:[&quot;attachment&quot;],&quot;post__in&quot;:[&quot;3594&quot;,&quot;3595&quot;],&quot;post_status&quot;:&quot;inherit&quot;,&quot;post_mime_type&quot;:&quot;image&quot;,&quot;posts_per_page&quot;:&quot;9&quot;},&quot;orderby_query_args&quot;:{&quot;orderby&quot;:{&quot;date&quot;:&quot;DESC&quot;}},&quot;type&quot;:&quot;carousel&quot;,&quot;us_grid_post_type&quot;:&quot;attachment&quot;,&quot;us_grid_ajax_index&quot;:1,&quot;us_grid_filter_query_string&quot;:null,&quot;us_grid_index&quot;:1,&quot;page_args&quot;:[]},&quot;carousel_settings&quot;:{&quot;aria_labels&quot;:{&quot;prev&quot;:&quot;Previous&quot;,&quot;next&quot;:&quot;Next&quot;},&quot;autoplayContinual&quot;:false,&quot;autoplayHoverPause&quot;:false,&quot;autoplayTimeout&quot;:3000,&quot;smartSpeed&quot;:350,&quot;margin&quot;:0,&quot;mouseDrag&quot;:true,&quot;rtl&quot;:false,&quot;slideBy&quot;:&quot;1&quot;,&quot;touchDrag&quot;:true,&quot;slideTransition&quot;:&quot;&quot;,&quot;responsive&quot;:{&quot;0&quot;:{&quot;autoHeight&quot;:false,&quot;autoplay&quot;:false,&quot;autoWidth&quot;:false,&quot;center&quot;:false,&quot;dots&quot;:true,&quot;items&quot;:1,&quot;loop&quot;:false,&quot;nav&quot;:true,&quot;stagePadding&quot;:0},&quot;601&quot;:{&quot;items&quot;:3,&quot;autoplay&quot;:true,&quot;center&quot;:false,&quot;dots&quot;:true,&quot;nav&quot;:true,&quot;autoHeight&quot;:false,&quot;autoWidth&quot;:false,&quot;loop&quot;:false,&quot;stagePadding&quot;:0}}}}'><\/div>\r\n\t<\/div><\/div><\/div><\/div><\/div><\/section><section class=\"l-section wpb_row us_custom_50cc7d67 height_medium\" id=\"section-21\"><div class=\"l-section-h i-cf\"><div class=\"g-cols vc_row via_grid cols_1 laptops-cols_inherit tablets-cols_inherit mobiles-cols_1 valign_top type_default stacking_default\" style=\"--gap:5rem;\"><div class=\"wpb_column vc_column_container us_custom_ceb30492 has_text_color has_bg_color\"><div class=\"vc_column-inner\"><div class=\"g-cols wpb_row via_grid cols_2 laptops-cols_inherit tablets-cols_inherit mobiles-cols_1 valign_middle type_default stacking_default\" style=\"--gap:0px;\"><div class=\"wpb_column vc_column_container us_custom_62280b32\"><div class=\"vc_column-inner\"><div class=\"wpb_text_column\"><div class=\"wpb_wrapper\"><h2>Projects<\/h2>\n<p>See how our solutions are changing industries - check out our implementations!<\/p>\n<\/div><\/div><div class=\"w-separator size_small\"><\/div><div class=\"w-btn-wrapper align_none\"><a class=\"w-btn us-btn-style_1 icon_atright\" target=\"_blank\" href=\"https:\/\/alaptechnology.pl\/en\/nasze-realizacje\/\"><span class=\"w-btn-label\">Our realizations<\/span><i class=\"fas fa-arrow-right\"><\/i><\/a><\/div><\/div><\/div><div class=\"wpb_column vc_column_container us_custom_80fbe524\"><div class=\"vc_column-inner\"><div class=\"w-image us_custom_6d149020 has_ratio align_none\"><div class=\"w-image-h\"><div style=\"padding-bottom:66.6667%\"><\/div><img decoding=\"async\" width=\"1024\" height=\"683\" src=\"https:\/\/alaptechnology.pl\/wp-content\/uploads\/2025\/01\/4182-1024x683.jpg\" class=\"attachment-large size-large\" alt=\"M\u0119\u017cczyzna stoj\u0105cy przy maszynie\" loading=\"lazy\" \/><\/div><\/div><\/div><\/div><\/div><\/div><\/div><\/div><\/div><\/section><section class=\"l-section wpb_row height_auto width_full\" id=\"bcols\"><div class=\"l-section-h i-cf\"><div class=\"g-cols vc_row via_grid cols_3 laptops-cols_inherit tablets-cols_1 mobiles-cols_1 valign_middle type_default\" style=\"--gap:0rem;\"><div class=\"wpb_column vc_column_container us_custom_c13af3d5 has_text_color us_animate_this\"><div class=\"vc_column-overlay\" style=\"background:rgba(122,177,198,0.85)\"><\/div><div class=\"vc_column-inner\"><h2 class=\"w-text us_custom_bde1d67f\"><span class=\"w-text-h\"><span class=\"w-text-value\">Collaboration<\/span><\/span><\/h2><p class=\"w-text\"><span class=\"w-text-h\"><span class=\"w-text-value\">Learn how we take projects step by step to achieve success together.<\/span><\/span><\/p><div class=\"w-btn-wrapper align_none\"><a class=\"w-btn us-btn-style_1\" target=\"_blank\" href=\"https:\/\/alaptechnology.pl\/en\/wspolpraca\/\"><span class=\"w-btn-label\">Let's start working together<\/span><\/a><\/div><\/div><\/div><div class=\"wpb_column vc_column_container us_custom_55c9e6f8 has_text_color us_animate_this\"><div class=\"vc_column-overlay\" style=\"background:rgba(84,143,171,0.85)\"><\/div><div class=\"vc_column-inner\"><h2 class=\"w-text us_custom_bde1d67f\"><span class=\"w-text-h\"><span class=\"w-text-value\">Contact us<\/span><\/span><\/h2><p class=\"w-text\"><span class=\"w-text-h\"><span class=\"w-text-value\">Do you have questions or need help? We are here to answer your needs!<\/span><\/span><\/p><div class=\"w-btn-wrapper align_none\"><a class=\"w-btn us-btn-style_1 us_custom_db352830\" target=\"_blank\" href=\"https:\/\/alaptechnology.pl\/en\/kontakt\/\"><span class=\"w-btn-label\">Contact<\/span><\/a><\/div><\/div><\/div><div class=\"wpb_column vc_column_container us_custom_cc2b80f9 has_text_color us_animate_this\"><div class=\"vc_column-overlay\" style=\"background:rgba(46,59,82,0.85)\"><\/div><div class=\"vc_column-inner\"><h2 class=\"w-text us_custom_bde1d67f\"><span class=\"w-text-h\"><span class=\"w-text-value\">Inspiration and knowledge<\/span><\/span><\/h2><p class=\"w-text\"><span class=\"w-text-h\"><span class=\"w-text-value\">Visit our blog and discover interesting articles that can inspire you.<\/span><\/span><\/p><div class=\"w-btn-wrapper align_none\"><a class=\"w-btn us-btn-style_1\" target=\"_blank\" href=\"https:\/\/alaptechnology.pl\/en\/blog\/\"><span class=\"w-btn-label\">View entries<\/span><\/a><\/div><\/div><\/div><\/div><\/div><\/section>","protected":false},"excerpt":{"rendered":"","protected":false},"author":1,"featured_media":0,"parent":1899,"menu_order":0,"comment_status":"closed","ping_status":"closed","template":"","meta":{"footnotes":""},"class_list":["post-3073","page","type-page","status-publish","hentry"],"aioseo_notices":[],"_links":{"self":[{"href":"https:\/\/alaptechnology.pl\/en\/wp-json\/wp\/v2\/pages\/3073","targetHints":{"allow":["GET"]}}],"collection":[{"href":"https:\/\/alaptechnology.pl\/en\/wp-json\/wp\/v2\/pages"}],"about":[{"href":"https:\/\/alaptechnology.pl\/en\/wp-json\/wp\/v2\/types\/page"}],"author":[{"embeddable":true,"href":"https:\/\/alaptechnology.pl\/en\/wp-json\/wp\/v2\/users\/1"}],"replies":[{"embeddable":true,"href":"https:\/\/alaptechnology.pl\/en\/wp-json\/wp\/v2\/comments?post=3073"}],"version-history":[{"count":10,"href":"https:\/\/alaptechnology.pl\/en\/wp-json\/wp\/v2\/pages\/3073\/revisions"}],"predecessor-version":[{"id":3964,"href":"https:\/\/alaptechnology.pl\/en\/wp-json\/wp\/v2\/pages\/3073\/revisions\/3964"}],"up":[{"embeddable":true,"href":"https:\/\/alaptechnology.pl\/en\/wp-json\/wp\/v2\/pages\/1899"}],"wp:attachment":[{"href":"https:\/\/alaptechnology.pl\/en\/wp-json\/wp\/v2\/media?parent=3073"}],"curies":[{"name":"wp","href":"https:\/\/api.w.org\/{rel}","templated":true}]}}