{"id":3064,"date":"2025-01-12T18:47:51","date_gmt":"2025-01-12T17:47:51","guid":{"rendered":"https:\/\/alaptechnology.pl\/?page_id=3064"},"modified":"2025-06-27T10:31:52","modified_gmt":"2025-06-27T08:31:52","slug":"przenosniki","status":"publish","type":"page","link":"https:\/\/alaptechnology.pl\/en\/przemysl-spozywczy\/przenosniki\/","title":{"rendered":"Conveyors"},"content":{"rendered":"<section class=\"l-section wpb_row us_custom_103975eb height_large full_height valign_center color_footer-bottom\" id=\"section-03\"><div class=\"l-section-h i-cf\"><div class=\"g-cols vc_row via_grid cols_2-3 laptops-cols_inherit tablets-cols_1 mobiles-cols_1 valign_middle type_default stacking_default\" style=\"--gap:5vw;\"><div class=\"wpb_column vc_column_container\"><div class=\"vc_column-inner\"><div class=\"w-image us_custom_10d35ad7 has_height has_ratio align_none\"><div class=\"w-image-h\"><div style=\"padding-bottom:100%\"><\/div><img decoding=\"async\" width=\"728\" height=\"343\" src=\"https:\/\/alaptechnology.pl\/wp-content\/uploads\/2025\/02\/016-Linia-przenosnikow-tasmowych-removebg-preview.png\" class=\"attachment-large size-large\" alt=\"Niebieski ta\u015bmoci\u0105g z panelem steruj\u0105cym i czerwonym elementem\" loading=\"lazy\" \/><\/div><\/div><\/div><\/div><div class=\"wpb_column vc_column_container\"><div class=\"vc_column-inner\"><h1 class=\"w-text us_custom_2da24a5b has_text_color\"><span class=\"w-text-h\"><span class=\"w-text-value\">Przeno\u015bniki dla przemys\u0142u spo\u017cywczego<\/span><\/span><\/h1><div class=\"wpb_text_column us_custom_a5c88937\"><div class=\"wpb_wrapper\"><p>Conveyors are key infrastructure components in many industries, including food, logistics or manufacturing. We offer a wide range of conveyors that improve the transportation of materials, raw materials, semi-finished and finished products, ensuring fast, safe and efficient flow. Thanks to the use of modern technologies, our conveyors are characterized by reliability, ease of maintenance and adaptability to the specific requirements of each industry.<\/p>\n<\/div><\/div><div class=\"w-separator size_medium\"><\/div><div class=\"w-btn-wrapper align_none\"><a class=\"w-btn us-btn-style_1\" href=\"#przenosniki_info\"><span class=\"w-btn-label\">Learn more<\/span><\/a><\/div><\/div><\/div><\/div><\/div><\/section><section class=\"l-section wpb_row us_custom_4fb9e5a3 height_medium\" id=\"przenosniki_info\"><div class=\"l-section-overlay\" style=\"background:linear-gradient(0deg,rgba(0,0,0,0.00),rgba(0,0,0,0.05))\"><\/div><div class=\"l-section-h i-cf\"><div class=\"g-cols vc_row via_grid cols_1-2 laptops-cols_inherit tablets-cols_inherit mobiles-cols_1 valign_top type_default reversed stacking_default\"><div class=\"wpb_column vc_column_container us_custom_83820375 has_bg_color\"><div class=\"vc_column-inner\"><div class=\"w-vwrapper align_none valign_top\"><h4 class=\"w-text us_custom_770fb908 has_text_color\"><span class=\"w-text-h\"><span class=\"w-text-value\">Do you need help?<\/span><\/span><\/h4><\/div><div class=\"w-separator size_small\"><\/div><div class=\"wpb_text_column us_custom_6d1f0140 has_text_color\"><div class=\"wpb_wrapper\"><p>Get in touch with us!<br \/>We are ready to find the best solution for you.<\/p>\n<\/div><\/div><div class=\"w-separator size_small\"><\/div><div class=\"w-iconbox us_custom_d7166887 has_text_color iconpos_left style_default color_custom align_left no_text\"><a href=\"tel:+48575244770\" class=\"w-iconbox-link\" aria-label=\"+48 575 244 770\"><div class=\"w-iconbox-icon\" style=\"font-size:2rem;--icon-color:#ffffff;\"><i class=\"fas fa-phone\"><\/i><\/div><\/a><div class=\"w-iconbox-meta\"><a href=\"tel:+48575244770\" class=\"w-iconbox-link\" aria-label=\"+48 575 244 770\"><p class=\"w-iconbox-title\">+48 575 244 770<\/p><\/a><\/div><\/div><div class=\"w-iconbox us_custom_2b1ff3b7 has_text_color iconpos_left style_default color_custom align_left no_text\"><a href=\"mailto:info@alaptechnology.pl\" class=\"w-iconbox-link\" aria-label=\"info@alaptechnology.pl\"><div class=\"w-iconbox-icon\" style=\"font-size:2rem;--icon-color:#ffffff;\"><i class=\"fas fa-envelope\"><\/i><\/div><\/a><div class=\"w-iconbox-meta\"><a href=\"mailto:info@alaptechnology.pl\" class=\"w-iconbox-link\" aria-label=\"info@alaptechnology.pl\"><p class=\"w-iconbox-title\">info@alaptechnology.pl<\/p><\/a><\/div><\/div><div class=\"w-separator size_small\"><\/div><div class=\"w-hwrapper valign_top align_none\"><div class=\"w-btn-wrapper align_center\"><a class=\"w-btn us-btn-style_1 us_custom_f58a0cb9\" href=\"#\"><span class=\"w-btn-label\">Contact<\/span><\/a><\/div><\/div><\/div><\/div><div class=\"wpb_column vc_column_container\"><div class=\"vc_column-inner\"><div class=\"wpb_text_column us_custom_4076faf9 has_text_color\"><div class=\"wpb_wrapper\"><h2>Jakie wyr\u00f3\u017cniamy rodzaje przeno\u015bnik\u00f3w dla przemys\u0142u spo\u017cywczego?<\/h2>\n<p>Our range of conveyors includes a variety of solutions to suit different types of transportation in industrial plants. We offer roller conveyors, belt conveyors, chain conveyors, screw conveyors and many others that can be configured according to customer requirements.<\/p>\n<p><strong>Types of conveyors:<\/strong><\/p>\n<ol>\n<li>\n<p><strong>Roller conveyors:<\/strong><\/p>\n<ul>\n<li>Ideal for transporting unitized, medium-sized loads such as cartons, pallets or containers.<\/li>\n<li>Available in driven or gravity versions, with adjustable speed, width and length.<\/li>\n<\/ul>\n<\/li>\n<li>\n<p><strong>Belt conveyors:<\/strong><\/p>\n<ul>\n<li>Perfect for transporting bulk, fine materials, as well as irregularly shaped products.<\/li>\n<li>A flexible solution that allows you to customize the length, width and material of the belt to meet your specific production needs.<\/li>\n<\/ul>\n<\/li>\n<li>\n<p><strong>Chain conveyors:<\/strong><\/p>\n<ul>\n<li>Used for transporting heavy loads such as pallets, crates or metal parts.<\/li>\n<li>They are characterized by high carrying capacity and resistance to mechanical damage.<\/li>\n<\/ul>\n<\/li>\n<li>\n<p><strong>Screw conveyors:<\/strong><\/p>\n<ul>\n<li>Designed to transport bulk materials, powders, granules, as well as other low-viscosity substances.<\/li>\n<li>Simple in construction, resistant to contamination and easy to maintain.<\/li>\n<\/ul>\n<\/li>\n<\/ol>\n<h2>Integracja z automatyzacj\u0105 \u2013 p\u0142ynno\u015b\u0107 proces\u00f3w produkcyjnych<\/h2>\n<p>W dobie coraz bardziej zautomatyzowanych proces\u00f3w, przeno\u015bniki dla przemys\u0142u spo\u017cywczego stanowi\u0105 integralny element nowoczesnych linii produkcyjnych. Projektujemy urz\u0105dzenia, kt\u00f3re bez problemu wsp\u00f3\u0142pracuj\u0105 z systemami sterowania, robotami czy innymi mechanizmami transportowymi, zapewniaj\u0105c bezb\u0142\u0119dn\u0105 synchronizacj\u0119 ca\u0142ego procesu produkcji. Takie podej\u015bcie nie tylko zwi\u0119ksza efektywno\u015b\u0107, ale tak\u017ce zmniejsza ryzyko b\u0142\u0119d\u00f3w ludzkich oraz przyspiesza realizacj\u0119 zlece\u0144.<\/p>\n<h2>Wytrzyma\u0142o\u015b\u0107 i odporno\u015b\u0107 \u2013 niezawodno\u015b\u0107 w codziennej eksploatacji<\/h2>\n<p>Przeno\u015bniki do transportu produkt\u00f3w spo\u017cywczych wyr\u00f3\u017cniaj\u0105 si\u0119 wyj\u0105tkow\u0105 odporno\u015bci\u0105 na dzia\u0142anie agresywnych substancji, wilgoci oraz zmiennych temperatur. Konstrukcja urz\u0105dze\u0144 zosta\u0142a zaprojektowana z my\u015bl\u0105 o d\u0142ugotrwa\u0142ej eksploatacji w trudnych warunkach przemys\u0142owych, gdzie intensywne u\u017cytkowanie i cz\u0119ste zmiany produkt\u00f3w nie wp\u0142ywaj\u0105 na ich funkcjonowanie. Dzi\u0119ki zastosowaniu wysokiej jako\u015bci materia\u0142\u00f3w, przeno\u015bniki zachowuj\u0105 swoje w\u0142a\u015bciwo\u015bci przez d\u0142ugie lata, gwarantuj\u0105c niezawodno\u015b\u0107 i minimalizuj\u0105c konieczno\u015b\u0107 kosztownych napraw.<\/p>\n<\/div><\/div><\/div><\/div><\/div><\/div><\/section><section class=\"l-section wpb_row height_small width_custom\" style=\"--site-content-width:900px;\" id=\"section-03\"><div class=\"l-section-h i-cf\"><div class=\"g-cols vc_row via_grid cols_1 laptops-cols_inherit tablets-cols_inherit mobiles-cols_1 valign_top type_default stacking_default\"><div class=\"wpb_column vc_column_container\"><div class=\"vc_column-inner\"><h2 class=\"w-text us_custom_eb849559\"><span class=\"w-text-h\"><span class=\"w-text-value\">Benefits<\/span><\/span><\/h2><div class=\"w-separator size_small\"><\/div><div class=\"g-cols wpb_row via_grid cols_3 laptops-cols_inherit tablets-cols_inherit mobiles-cols_1 valign_top type_default stacking_default\" style=\"--gap:4rem;\"><div class=\"wpb_column vc_column_container\"><div class=\"vc_column-inner\"><div class=\"w-iconbox us_custom_ca43fddb has_text_color iconpos_top style_circle color_primary align_center no_text\"><div class=\"w-iconbox-icon\" style=\"font-size:1rem;\"><i class=\"fas fa-check\"><\/i><\/div><div class=\"w-iconbox-meta\"><p class=\"w-iconbox-title\">Versatility in product transportation<\/p><\/div><\/div><\/div><\/div><div class=\"wpb_column vc_column_container\"><div class=\"vc_column-inner\"><div class=\"w-iconbox us_custom_c316f3a6 has_text_color iconpos_top style_circle color_primary align_center no_text\"><div class=\"w-iconbox-icon\" style=\"font-size:1rem;\"><i class=\"fas fa-check\"><\/i><\/div><div class=\"w-iconbox-meta\"><p class=\"w-iconbox-title\">Reduce manual handling time<\/p><\/div><\/div><\/div><\/div><div class=\"wpb_column vc_column_container\"><div class=\"vc_column-inner\"><div class=\"w-iconbox us_custom_c316f3a6 has_text_color iconpos_top style_circle color_primary align_center no_text\"><div class=\"w-iconbox-icon\" style=\"font-size:1rem;\"><i class=\"fas fa-check\"><\/i><\/div><div class=\"w-iconbox-meta\"><p class=\"w-iconbox-title\">High reliability in continuous operation.<\/p><\/div><\/div><\/div><\/div><\/div><div class=\"w-separator size_medium\"><\/div><\/div><\/div><\/div><\/div><\/section><section class=\"l-section wpb_row us_custom_2dbf7b3f height_small\"><div class=\"l-section-h i-cf\"><div class=\"g-cols vc_row via_grid cols_1 laptops-cols_inherit tablets-cols_inherit mobiles-cols_1 valign_top type_default stacking_default\"><div class=\"wpb_column vc_column_container\"><div class=\"vc_column-inner\"><h3 class=\"w-text us_custom_eb849559\"><span class=\"w-text-h\"><span class=\"w-text-value\">Example Projects:<\/span><\/span><\/h3><div class=\"w-grid type_carousel layout_2720 cols_3 ratio_1x1\" id=\"us_grid_1\" style=\"--gap:30px;\"><style>.layout_2720 .w-grid-item-h:before{padding-bottom:100%}.layout_2720 .w-grid-item-h{}.layout_2720 .usg_post_image_1{transition-duration:0.3s;transform-origin:50% 50%;transform:scale(1) translate(0%,0%)}.layout_2720 .w-grid-item-h:hover .usg_post_image_1{transform:scale(1) translate(0%,0%);opacity:0.75;border-color:rgba(0,0,0,0.75)!important}.layout_2720 .usg_post_image_1{position:absolute!important;left:0!important;top:0!important;bottom:0!important;right:0!important}<\/style><div class=\"w-grid-list owl-carousel valign_stretch dotstyle_circle navstyle_circle navpos_outside owl-responsive-2000 with_dots with_arrows\" style=\"--transition-duration:350ms;--arrows-size:1.5rem;\">\t<article class=\"w-grid-item post-3824 attachment type-attachment status-inherit hentry\" data-id=\"3824\">\r\n\t\t<div class=\"w-grid-item-h\">\r\n\t\t\t\t\t\t\t<a ref=\"magnificPopupGrid\" href=\"https:\/\/alaptechnology.pl\/wp-content\/uploads\/2025\/05\/20240419_131537-removebg-preview.png\" class=\"w-grid-item-anchor\" aria-label=\"Conveyors\"><\/a>\r\n\t\t\t\t\t\t<div class=\"w-post-elm post_image usg_post_image_1 stretched\"><img loading=\"lazy\" decoding=\"async\" width=\"577\" height=\"433\" src=\"https:\/\/alaptechnology.pl\/wp-content\/uploads\/2025\/05\/20240419_131537-removebg-preview.png\" class=\"attachment-large size-large\" alt=\"Przeno\u015bniki\" srcset=\"https:\/\/alaptechnology.pl\/wp-content\/uploads\/2025\/05\/20240419_131537-removebg-preview.png 577w, https:\/\/alaptechnology.pl\/wp-content\/uploads\/2025\/05\/20240419_131537-removebg-preview-300x225.png 300w, https:\/\/alaptechnology.pl\/wp-content\/uploads\/2025\/05\/20240419_131537-removebg-preview-16x12.png 16w\" sizes=\"auto, (max-width: 577px) 100vw, 577px\" \/><\/div>\t\t<\/div>\r\n\t\t\t<\/article>\r\n\t<article class=\"w-grid-item post-3823 attachment type-attachment status-inherit hentry\" data-id=\"3823\">\r\n\t\t<div class=\"w-grid-item-h\">\r\n\t\t\t\t\t\t\t<a ref=\"magnificPopupGrid\" href=\"https:\/\/alaptechnology.pl\/wp-content\/uploads\/2025\/05\/20240314_115017-removebg-preview-1.png\" class=\"w-grid-item-anchor\" aria-label=\"Conveyors\"><\/a>\r\n\t\t\t\t\t\t<div class=\"w-post-elm post_image usg_post_image_1 stretched\"><img loading=\"lazy\" decoding=\"async\" width=\"577\" height=\"433\" src=\"https:\/\/alaptechnology.pl\/wp-content\/uploads\/2025\/05\/20240314_115017-removebg-preview-1.png\" class=\"attachment-large size-large\" alt=\"Przeno\u015bniki\" srcset=\"https:\/\/alaptechnology.pl\/wp-content\/uploads\/2025\/05\/20240314_115017-removebg-preview-1.png 577w, https:\/\/alaptechnology.pl\/wp-content\/uploads\/2025\/05\/20240314_115017-removebg-preview-1-300x225.png 300w, https:\/\/alaptechnology.pl\/wp-content\/uploads\/2025\/05\/20240314_115017-removebg-preview-1-16x12.png 16w\" sizes=\"auto, (max-width: 577px) 100vw, 577px\" \/><\/div>\t\t<\/div>\r\n\t\t\t<\/article>\r\n\t<article class=\"w-grid-item post-3825 attachment type-attachment status-inherit hentry\" data-id=\"3825\">\r\n\t\t<div class=\"w-grid-item-h\">\r\n\t\t\t\t\t\t\t<a ref=\"magnificPopupGrid\" href=\"https:\/\/alaptechnology.pl\/wp-content\/uploads\/2025\/05\/WhatsApp-Image-2022-11-04-at-12.31.35-2.jpeg\" class=\"w-grid-item-anchor\" aria-label=\"Conveyors\"><\/a>\r\n\t\t\t\t\t\t<div class=\"w-post-elm post_image usg_post_image_1 stretched\"><img loading=\"lazy\" decoding=\"async\" width=\"1024\" height=\"1024\" src=\"https:\/\/alaptechnology.pl\/wp-content\/uploads\/2025\/05\/WhatsApp-Image-2022-11-04-at-12.31.35-2-1024x1024.jpeg\" class=\"attachment-large size-large\" alt=\"Przeno\u015bniki\" srcset=\"https:\/\/alaptechnology.pl\/wp-content\/uploads\/2025\/05\/WhatsApp-Image-2022-11-04-at-12.31.35-2-1024x1024.jpeg 1024w, https:\/\/alaptechnology.pl\/wp-content\/uploads\/2025\/05\/WhatsApp-Image-2022-11-04-at-12.31.35-2-300x300.jpeg 300w, https:\/\/alaptechnology.pl\/wp-content\/uploads\/2025\/05\/WhatsApp-Image-2022-11-04-at-12.31.35-2-150x150.jpeg 150w, https:\/\/alaptechnology.pl\/wp-content\/uploads\/2025\/05\/WhatsApp-Image-2022-11-04-at-12.31.35-2-12x12.jpeg 12w, https:\/\/alaptechnology.pl\/wp-content\/uploads\/2025\/05\/WhatsApp-Image-2022-11-04-at-12.31.35-2.jpeg 1544w\" sizes=\"auto, (max-width: 1024px) 100vw, 1024px\" \/><\/div>\t\t<\/div>\r\n\t\t\t<\/article>\r\n\t<article class=\"w-grid-item post-3822 attachment type-attachment status-inherit hentry\" data-id=\"3822\">\r\n\t\t<div class=\"w-grid-item-h\">\r\n\t\t\t\t\t\t\t<a ref=\"magnificPopupGrid\" href=\"https:\/\/alaptechnology.pl\/wp-content\/uploads\/2025\/05\/016-Linia-przenosnikow-tasmowych-1.png\" class=\"w-grid-item-anchor\" aria-label=\"Conveyors\"><\/a>\r\n\t\t\t\t\t\t<div class=\"w-post-elm post_image usg_post_image_1 stretched\"><img loading=\"lazy\" decoding=\"async\" width=\"1024\" height=\"482\" src=\"https:\/\/alaptechnology.pl\/wp-content\/uploads\/2025\/05\/016-Linia-przenosnikow-tasmowych-1-1024x482.png\" class=\"attachment-large size-large\" alt=\"Przeno\u015bniki\" srcset=\"https:\/\/alaptechnology.pl\/wp-content\/uploads\/2025\/05\/016-Linia-przenosnikow-tasmowych-1-1024x482.png 1024w, https:\/\/alaptechnology.pl\/wp-content\/uploads\/2025\/05\/016-Linia-przenosnikow-tasmowych-1-300x141.png 300w, https:\/\/alaptechnology.pl\/wp-content\/uploads\/2025\/05\/016-Linia-przenosnikow-tasmowych-1-18x8.png 18w, https:\/\/alaptechnology.pl\/wp-content\/uploads\/2025\/05\/016-Linia-przenosnikow-tasmowych-1.png 1656w\" sizes=\"auto, (max-width: 1024px) 100vw, 1024px\" \/><\/div>\t\t<\/div>\r\n\t\t\t<\/article>\r\n<\/div>\t<div class=\"g-preloader type_1\">\r\n\t\t<div><\/div>\r\n\t<\/div>\r\n\t\t<div class=\"w-grid-json hidden\" onclick='return {&quot;action&quot;:&quot;us_ajax_grid&quot;,&quot;infinite_scroll&quot;:0,&quot;max_num_pages&quot;:1,&quot;pagination&quot;:&quot;none&quot;,&quot;template_vars&quot;:{&quot;columns&quot;:&quot;&quot;,&quot;exclude_items&quot;:&quot;none&quot;,&quot;img_size&quot;:&quot;default&quot;,&quot;ignore_items_size&quot;:0,&quot;items_layout&quot;:&quot;2720&quot;,&quot;items_offset&quot;:&quot;0px&quot;,&quot;load_animation&quot;:&quot;none&quot;,&quot;overriding_link&quot;:&quot;%7B%22type%22%3A%22popup_image%22%7D&quot;,&quot;post_id&quot;:0,&quot;query_args&quot;:{&quot;post_type&quot;:[&quot;attachment&quot;],&quot;post__in&quot;:[&quot;3824&quot;,&quot;3823&quot;,&quot;3825&quot;,&quot;3822&quot;],&quot;post_status&quot;:&quot;inherit&quot;,&quot;post_mime_type&quot;:&quot;image&quot;,&quot;posts_per_page&quot;:&quot;4&quot;},&quot;orderby_query_args&quot;:{&quot;orderby&quot;:{&quot;post__in&quot;:&quot;ASC&quot;},&quot;order&quot;:&quot;ASC&quot;},&quot;type&quot;:&quot;carousel&quot;,&quot;us_grid_post_type&quot;:&quot;attachment&quot;,&quot;us_grid_ajax_index&quot;:1,&quot;us_grid_filter_query_string&quot;:null,&quot;us_grid_index&quot;:1,&quot;page_args&quot;:[]},&quot;carousel_settings&quot;:{&quot;aria_labels&quot;:{&quot;prev&quot;:&quot;Previous&quot;,&quot;next&quot;:&quot;Next&quot;},&quot;autoplayContinual&quot;:false,&quot;autoplayHoverPause&quot;:false,&quot;autoplayTimeout&quot;:3000,&quot;smartSpeed&quot;:350,&quot;margin&quot;:0,&quot;mouseDrag&quot;:true,&quot;rtl&quot;:false,&quot;slideBy&quot;:&quot;1&quot;,&quot;touchDrag&quot;:true,&quot;slideTransition&quot;:&quot;&quot;,&quot;responsive&quot;:{&quot;0&quot;:{&quot;autoHeight&quot;:false,&quot;autoplay&quot;:false,&quot;autoWidth&quot;:false,&quot;center&quot;:false,&quot;dots&quot;:true,&quot;items&quot;:1,&quot;loop&quot;:false,&quot;nav&quot;:true,&quot;stagePadding&quot;:0},&quot;601&quot;:{&quot;items&quot;:3,&quot;autoplay&quot;:true,&quot;center&quot;:false,&quot;dots&quot;:true,&quot;nav&quot;:true,&quot;autoHeight&quot;:false,&quot;autoWidth&quot;:false,&quot;loop&quot;:true,&quot;stagePadding&quot;:0}}}}'><\/div>\r\n\t<\/div><\/div><\/div><\/div><\/div><\/section><section class=\"l-section wpb_row us_custom_50cc7d67 height_medium\" id=\"section-21\"><div class=\"l-section-h i-cf\"><div class=\"g-cols vc_row via_grid cols_1 laptops-cols_inherit tablets-cols_inherit mobiles-cols_1 valign_top type_default stacking_default\" style=\"--gap:5rem;\"><div class=\"wpb_column vc_column_container us_custom_ceb30492 has_text_color has_bg_color\"><div class=\"vc_column-inner\"><div class=\"g-cols wpb_row via_grid cols_2 laptops-cols_inherit tablets-cols_inherit mobiles-cols_1 valign_middle type_default stacking_default\" style=\"--gap:0px;\"><div class=\"wpb_column vc_column_container us_custom_62280b32\"><div class=\"vc_column-inner\"><div class=\"wpb_text_column\"><div class=\"wpb_wrapper\"><h2>Projects<\/h2>\n<p>See how our solutions are changing industries - check out our implementations!<\/p>\n<\/div><\/div><div class=\"w-separator size_small\"><\/div><div class=\"w-btn-wrapper align_none\"><a class=\"w-btn us-btn-style_1 icon_atright\" target=\"_blank\" href=\"https:\/\/alaptechnology.pl\/en\/nasze-realizacje\/\"><span class=\"w-btn-label\">Our realizations<\/span><i class=\"fas fa-arrow-right\"><\/i><\/a><\/div><\/div><\/div><div class=\"wpb_column vc_column_container us_custom_80fbe524\"><div class=\"vc_column-inner\"><div class=\"w-image us_custom_6d149020 has_ratio align_none\"><div class=\"w-image-h\"><div style=\"padding-bottom:66.6667%\"><\/div><img decoding=\"async\" width=\"1024\" height=\"683\" src=\"https:\/\/alaptechnology.pl\/wp-content\/uploads\/2025\/01\/4182-1024x683.jpg\" class=\"attachment-large size-large\" alt=\"M\u0119\u017cczyzna stoj\u0105cy przy maszynie\" loading=\"lazy\" \/><\/div><\/div><\/div><\/div><\/div><\/div><\/div><\/div><\/div><\/section><section class=\"l-section wpb_row height_auto width_full\" id=\"bcols\"><div class=\"l-section-h i-cf\"><div class=\"g-cols vc_row via_grid cols_3 laptops-cols_inherit tablets-cols_1 mobiles-cols_1 valign_middle type_default\" style=\"--gap:0rem;\"><div class=\"wpb_column vc_column_container us_custom_c13af3d5 has_text_color us_animate_this\"><div class=\"vc_column-overlay\" style=\"background:rgba(122,177,198,0.85)\"><\/div><div class=\"vc_column-inner\"><h2 class=\"w-text us_custom_bde1d67f\"><span class=\"w-text-h\"><span class=\"w-text-value\">Collaboration<\/span><\/span><\/h2><p class=\"w-text\"><span class=\"w-text-h\"><span class=\"w-text-value\">Learn how we take projects step by step to achieve success together.<\/span><\/span><\/p><div class=\"w-btn-wrapper align_none\"><a class=\"w-btn us-btn-style_1\" target=\"_blank\" href=\"https:\/\/alaptechnology.pl\/en\/wspolpraca\/\"><span class=\"w-btn-label\">Let's start working together<\/span><\/a><\/div><\/div><\/div><div class=\"wpb_column vc_column_container us_custom_55c9e6f8 has_text_color us_animate_this\"><div class=\"vc_column-overlay\" style=\"background:rgba(84,143,171,0.85)\"><\/div><div class=\"vc_column-inner\"><h2 class=\"w-text us_custom_bde1d67f\"><span class=\"w-text-h\"><span class=\"w-text-value\">Contact us<\/span><\/span><\/h2><p class=\"w-text\"><span class=\"w-text-h\"><span class=\"w-text-value\">Do you have questions or need help? We are here to answer your needs!<\/span><\/span><\/p><div class=\"w-btn-wrapper align_none\"><a class=\"w-btn us-btn-style_1 us_custom_db352830\" target=\"_blank\" href=\"https:\/\/alaptechnology.pl\/en\/kontakt\/\"><span class=\"w-btn-label\">Contact<\/span><\/a><\/div><\/div><\/div><div class=\"wpb_column vc_column_container us_custom_cc2b80f9 has_text_color us_animate_this\"><div class=\"vc_column-overlay\" style=\"background:rgba(46,59,82,0.85)\"><\/div><div class=\"vc_column-inner\"><h2 class=\"w-text us_custom_bde1d67f\"><span class=\"w-text-h\"><span class=\"w-text-value\">Inspiration and knowledge<\/span><\/span><\/h2><p class=\"w-text\"><span class=\"w-text-h\"><span class=\"w-text-value\">Visit our blog and discover interesting articles that can inspire you.<\/span><\/span><\/p><div class=\"w-btn-wrapper align_none\"><a class=\"w-btn us-btn-style_1\" target=\"_blank\" href=\"https:\/\/alaptechnology.pl\/en\/blog\/\"><span class=\"w-btn-label\">View entries<\/span><\/a><\/div><\/div><\/div><\/div><\/div><\/section>","protected":false},"excerpt":{"rendered":"","protected":false},"author":1,"featured_media":0,"parent":2083,"menu_order":0,"comment_status":"closed","ping_status":"closed","template":"","meta":{"footnotes":""},"class_list":["post-3064","page","type-page","status-publish","hentry"],"aioseo_notices":[],"_links":{"self":[{"href":"https:\/\/alaptechnology.pl\/en\/wp-json\/wp\/v2\/pages\/3064","targetHints":{"allow":["GET"]}}],"collection":[{"href":"https:\/\/alaptechnology.pl\/en\/wp-json\/wp\/v2\/pages"}],"about":[{"href":"https:\/\/alaptechnology.pl\/en\/wp-json\/wp\/v2\/types\/page"}],"author":[{"embeddable":true,"href":"https:\/\/alaptechnology.pl\/en\/wp-json\/wp\/v2\/users\/1"}],"replies":[{"embeddable":true,"href":"https:\/\/alaptechnology.pl\/en\/wp-json\/wp\/v2\/comments?post=3064"}],"version-history":[{"count":11,"href":"https:\/\/alaptechnology.pl\/en\/wp-json\/wp\/v2\/pages\/3064\/revisions"}],"predecessor-version":[{"id":3888,"href":"https:\/\/alaptechnology.pl\/en\/wp-json\/wp\/v2\/pages\/3064\/revisions\/3888"}],"up":[{"embeddable":true,"href":"https:\/\/alaptechnology.pl\/en\/wp-json\/wp\/v2\/pages\/2083"}],"wp:attachment":[{"href":"https:\/\/alaptechnology.pl\/en\/wp-json\/wp\/v2\/media?parent=3064"}],"curies":[{"name":"wp","href":"https:\/\/api.w.org\/{rel}","templated":true}]}}