{"id":3057,"date":"2025-01-12T18:42:12","date_gmt":"2025-01-12T17:42:12","guid":{"rendered":"https:\/\/alaptechnology.pl\/?page_id=3057"},"modified":"2025-06-18T12:19:55","modified_gmt":"2025-06-18T10:19:55","slug":"podesty-i-konstrukcje-stalowe","status":"publish","type":"page","link":"https:\/\/alaptechnology.pl\/en\/przemysl-spozywczy\/podesty-i-konstrukcje-stalowe\/","title":{"rendered":"Platforms and steel structures"},"content":{"rendered":"<section class=\"l-section wpb_row us_custom_103975eb height_large full_height valign_center color_footer-bottom\" id=\"section-03\"><div class=\"l-section-h i-cf\"><div class=\"g-cols vc_row via_grid cols_2-3 laptops-cols_inherit tablets-cols_1 mobiles-cols_1 valign_middle type_default stacking_default\" style=\"--gap:5vw;\"><div class=\"wpb_column vc_column_container\"><div class=\"vc_column-inner\"><div class=\"w-image us_custom_10d35ad7 has_height has_ratio align_none\"><div class=\"w-image-h\"><div style=\"padding-bottom:100%\"><\/div><img decoding=\"async\" width=\"720\" height=\"347\" src=\"https:\/\/alaptechnology.pl\/wp-content\/uploads\/2025\/02\/podest-removebg-preview.png\" class=\"attachment-large size-large\" alt=\"Metalowa platforma z por\u0119czami i schodkami na k\u00f3\u0142kach\" loading=\"lazy\" \/><\/div><\/div><\/div><\/div><div class=\"wpb_column vc_column_container\"><div class=\"vc_column-inner\"><h1 class=\"w-text us_custom_2eaa894e has_text_color\"><span class=\"w-text-h\"><span class=\"w-text-value\">Produkcja konstrukcji stalowych \u2013 schody, drabiny, podesty<\/span><\/span><\/h1><div class=\"wpb_text_column us_custom_a5c88937\"><div class=\"wpb_wrapper\"><p>Podesty do robot\u00f3w i konstrukcje stalowe stanowi\u0105 niezb\u0119dny element infrastruktury w wielu bran\u017cach, zapewniaj\u0105c stabilne i bezpieczne powierzchnie robocze oraz transportowe. W przemy\u015ble spo\u017cywczym, magazynach, zak\u0142adach produkcyjnych czy w logistyce, odpowiednia konstrukcja stalowa ma kluczowe znaczenie dla zapewnienia efektywno\u015bci pracy i bezpiecze\u0144stwa personelu.<\/p>\n<\/div><\/div><div class=\"w-separator size_medium\"><\/div><div class=\"w-btn-wrapper align_none\"><a class=\"w-btn us-btn-style_1\" href=\"#przenosniki_info\"><span class=\"w-btn-label\">Learn more<\/span><\/a><\/div><\/div><\/div><\/div><\/div><\/section><section class=\"l-section wpb_row us_custom_4fb9e5a3 height_medium\" id=\"przenosniki_info\"><div class=\"l-section-overlay\" style=\"background:linear-gradient(0deg,rgba(0,0,0,0.00),rgba(0,0,0,0.05))\"><\/div><div class=\"l-section-h i-cf\"><div class=\"g-cols vc_row via_grid cols_1-2 laptops-cols_inherit tablets-cols_inherit mobiles-cols_1 valign_top type_default reversed stacking_default\"><div class=\"wpb_column vc_column_container us_custom_83820375 has_bg_color\"><div class=\"vc_column-inner\"><div class=\"w-vwrapper align_none valign_top\"><h3 class=\"w-text us_custom_2a0c7628 has_text_color\"><span class=\"w-text-h\"><span class=\"w-text-value\">Do you need help?<\/span><\/span><\/h3><\/div><div class=\"w-separator size_small\"><\/div><div class=\"wpb_text_column us_custom_6d1f0140 has_text_color\"><div class=\"wpb_wrapper\"><p>Get in touch with us!<br \/>\nWe are ready to find the best solution for you.<\/p>\n<\/div><\/div><div class=\"w-separator size_small\"><\/div><div class=\"w-iconbox us_custom_d7166887 has_text_color iconpos_left style_default color_custom align_left no_text\"><a href=\"tel:+48575244770\" class=\"w-iconbox-link\" aria-label=\"+48 575 244 770\"><div class=\"w-iconbox-icon\" style=\"font-size:2rem;--icon-color:#ffffff;\"><i class=\"fas fa-phone\"><\/i><\/div><\/a><div class=\"w-iconbox-meta\"><a href=\"tel:+48575244770\" class=\"w-iconbox-link\" aria-label=\"+48 575 244 770\"><p class=\"w-iconbox-title\">+48 575 244 770<\/p><\/a><\/div><\/div><div class=\"w-iconbox us_custom_2b1ff3b7 has_text_color iconpos_left style_default color_custom align_left no_text\"><a href=\"mailto:info@alaptechnology.pl\" class=\"w-iconbox-link\" aria-label=\"info@alaptechnology.pl\"><div class=\"w-iconbox-icon\" style=\"font-size:2rem;--icon-color:#ffffff;\"><i class=\"fas fa-envelope\"><\/i><\/div><\/a><div class=\"w-iconbox-meta\"><a href=\"mailto:info@alaptechnology.pl\" class=\"w-iconbox-link\" aria-label=\"info@alaptechnology.pl\"><p class=\"w-iconbox-title\">info@alaptechnology.pl<\/p><\/a><\/div><\/div><div class=\"w-separator size_small\"><\/div><div class=\"w-hwrapper valign_top align_none\"><div class=\"w-btn-wrapper align_center\"><a class=\"w-btn us-btn-style_1 us_custom_f58a0cb9\" href=\"#\"><span class=\"w-btn-label\">Contact<\/span><\/a><\/div><\/div><\/div><\/div><div class=\"wpb_column vc_column_container\"><div class=\"vc_column-inner\"><div class=\"wpb_text_column us_custom_4076faf9 has_text_color\"><div class=\"wpb_wrapper\"><h2>Konstrukcje stalowe \u2013 projektowanie, tworzenie, budowa<\/h2>\n<p>Nasza oferta obejmuje projektowanie, produkcj\u0119 i monta\u017c podest\u00f3w oraz konstrukcji stalowych, dostosowanych do indywidualnych potrzeb klienta. Dzi\u0119ki wieloletniemu do\u015bwiadczeniu w bran\u017cy tworzymy trwa\u0142e i bezpieczne rozwi\u0105zania, kt\u00f3re spe\u0142niaj\u0105 wymagania zar\u00f3wno pod wzgl\u0119dem wytrzyma\u0142o\u015bci, jak i estetyki. Wykorzystuje si\u0119 je w r\u00f3\u017cnych miejscach pracy np. w zak\u0142adach produkcyjnych, gdzie codziennie wykonuje si\u0119 zadania monta\u017cowe na wysoko\u015bciach i innych trudno dost\u0119pnych punktach. Budowa konstrukcji stalowych dla przemys\u0142u pozwala nam odda\u0107 do u\u017cytku firm praktyczne narz\u0119dzia usprawniaj\u0105ce podstawowe obowi\u0105zki. Ka\u017cdy nasz podest techniczny i pozosta\u0142e platformy s\u0105 dok\u0142adnie sprawdzane pod k\u0105tem stabilno\u015bci i obs\u0142ugi z du\u017cym ud\u017awigiem.<\/p>\n<hr \/>\n<h3><strong>Applications of platforms and steel structures:<\/strong><\/h3>\n<ol>\n<li><strong>Work platforms:<\/strong>\n<ul>\n<li>Used in manufacturing plants, warehouses, distribution centers, where they provide a safe place to work at heights.<\/li>\n<li>We offer a variety of solutions, including fixed and mobile platforms, tailored to specific industry requirements.<\/li>\n<\/ul>\n<\/li>\n<li><strong>Transportation platforms:<\/strong>\n<ul>\n<li>Steel structures that make it possible to move heavy loads in warehouses, production halls or logistics centers.<\/li>\n<li>We provide structures tailored to load requirements, with security systems.<\/li>\n<\/ul>\n<\/li>\n<li><strong>Frames and frames:.<\/strong>\n<ul>\n<li>Steel frames that serve as a support for technical equipment, machines, electrical devices or other production systems.<\/li>\n<li>The sturdy construction ensures stability and durability.<\/li>\n<\/ul>\n<\/li>\n<li><strong>Steel stairs and ladders:<\/strong>\n<ul>\n<li>Steel constructions used to access higher levels, ensuring safe use thanks to appropriate railings and platforms.<\/li>\n<\/ul>\n<\/li>\n<li><strong>Warehouse constructions:<\/strong>\n<ul>\n<li>We provide comprehensive solutions for warehouse construction that optimize storage space and facilitate access to goods.<\/li>\n<\/ul>\n<\/li>\n<\/ol>\n<\/div><\/div><\/div><\/div><\/div><\/div><\/section><section class=\"l-section wpb_row height_small width_custom\" style=\"--site-content-width:900px;\" id=\"section-03\"><div class=\"l-section-h i-cf\"><div class=\"g-cols vc_row via_grid cols_1 laptops-cols_inherit tablets-cols_inherit mobiles-cols_1 valign_top type_default stacking_default\"><div class=\"wpb_column vc_column_container\"><div class=\"vc_column-inner\"><h3 class=\"w-text us_custom_eb849559\"><span class=\"w-text-h\"><span class=\"w-text-value\">Benefits<\/span><\/span><\/h3><div class=\"w-separator size_small\"><\/div><div class=\"g-cols wpb_row via_grid cols_3 laptops-cols_inherit tablets-cols_inherit mobiles-cols_1 valign_top type_default stacking_default\" style=\"--gap:4rem;\"><div class=\"wpb_column vc_column_container\"><div class=\"vc_column-inner\"><div class=\"w-iconbox us_custom_ca43fddb has_text_color iconpos_top style_circle color_primary align_center no_text\"><div class=\"w-iconbox-icon\" style=\"font-size:1rem;\"><i class=\"fas fa-check\"><\/i><\/div><div class=\"w-iconbox-meta\"><p class=\"w-iconbox-title\">Secure access to machines and equipment<\/p><\/div><\/div><\/div><\/div><div class=\"wpb_column vc_column_container\"><div class=\"vc_column-inner\"><div class=\"w-iconbox us_custom_c316f3a6 has_text_color iconpos_top style_circle color_primary align_center no_text\"><div class=\"w-iconbox-icon\" style=\"font-size:1rem;\"><i class=\"fas fa-check\"><\/i><\/div><div class=\"w-iconbox-meta\"><p class=\"w-iconbox-title\">Durability and resilience<\/p><\/div><\/div><\/div><\/div><div class=\"wpb_column vc_column_container\"><div class=\"vc_column-inner\"><div class=\"w-iconbox us_custom_c316f3a6 has_text_color iconpos_top style_circle color_primary align_center no_text\"><div class=\"w-iconbox-icon\" style=\"font-size:1rem;\"><i class=\"fas fa-check\"><\/i><\/div><div class=\"w-iconbox-meta\"><p class=\"w-iconbox-title\">Tailored to the specific needs of the plant<\/p><\/div><\/div><\/div><\/div><\/div><div class=\"w-separator size_medium\"><\/div><\/div><\/div><\/div><\/div><\/section><section class=\"l-section wpb_row us_custom_2dbf7b3f height_small\"><div class=\"l-section-h i-cf\"><div class=\"g-cols vc_row via_grid cols_1 laptops-cols_inherit tablets-cols_inherit mobiles-cols_1 valign_top type_default stacking_default\"><div class=\"wpb_column vc_column_container\"><div class=\"vc_column-inner\"><h3 class=\"w-text us_custom_eb849559\"><span class=\"w-text-h\"><span class=\"w-text-value\">Example Projects:<\/span><\/span><\/h3><div class=\"w-grid type_carousel layout_2720 cols_3 ratio_1x1\" id=\"us_grid_1\" style=\"--gap:30px;\"><style>.layout_2720 .w-grid-item-h:before{padding-bottom:100%}.layout_2720 .w-grid-item-h{}.layout_2720 .usg_post_image_1{transition-duration:0.3s;transform-origin:50% 50%;transform:scale(1) translate(0%,0%)}.layout_2720 .w-grid-item-h:hover .usg_post_image_1{transform:scale(1) translate(0%,0%);opacity:0.75;border-color:rgba(0,0,0,0.75)!important}.layout_2720 .usg_post_image_1{position:absolute!important;left:0!important;top:0!important;bottom:0!important;right:0!important}<\/style><div class=\"w-grid-list owl-carousel valign_stretch dotstyle_circle navstyle_circle navpos_outside owl-responsive-2000 with_dots with_arrows\" style=\"--transition-duration:350ms;--arrows-size:1.5rem;\">\t<article class=\"w-grid-item post-3575 attachment type-attachment status-inherit hentry\" data-id=\"3575\">\r\n\t\t<div class=\"w-grid-item-h\">\r\n\t\t\t\t\t\t\t<a ref=\"magnificPopupGrid\" href=\"https:\/\/alaptechnology.pl\/wp-content\/uploads\/2025\/03\/S180201_R10.png\" class=\"w-grid-item-anchor\" aria-label=\"Metalowa platforma przemys\u0142owa z barierkami i schodami\"><\/a>\r\n\t\t\t\t\t\t<div class=\"w-post-elm post_image usg_post_image_1 stretched\"><img loading=\"lazy\" decoding=\"async\" width=\"1024\" height=\"492\" src=\"https:\/\/alaptechnology.pl\/wp-content\/uploads\/2025\/03\/S180201_R10-1024x492.png\" class=\"attachment-large size-large\" alt=\"Metalowa platforma przemys\u0142owa z barierkami i schodami\" srcset=\"https:\/\/alaptechnology.pl\/wp-content\/uploads\/2025\/03\/S180201_R10-1024x492.png 1024w, https:\/\/alaptechnology.pl\/wp-content\/uploads\/2025\/03\/S180201_R10-300x144.png 300w, https:\/\/alaptechnology.pl\/wp-content\/uploads\/2025\/03\/S180201_R10-18x9.png 18w, https:\/\/alaptechnology.pl\/wp-content\/uploads\/2025\/03\/S180201_R10.png 1624w\" sizes=\"auto, (max-width: 1024px) 100vw, 1024px\" \/><\/div>\t\t<\/div>\r\n\t\t\t<\/article>\r\n\t<article class=\"w-grid-item post-3574 attachment type-attachment status-inherit hentry\" data-id=\"3574\">\r\n\t\t<div class=\"w-grid-item-h\">\r\n\t\t\t\t\t\t\t<a ref=\"magnificPopupGrid\" href=\"https:\/\/alaptechnology.pl\/wp-content\/uploads\/2025\/03\/podest.png\" class=\"w-grid-item-anchor\" aria-label=\"Metalowa platforma z barierkami, schodami i k\u00f3\u0142kami.\"><\/a>\r\n\t\t\t\t\t\t<div class=\"w-post-elm post_image usg_post_image_1 stretched\"><img loading=\"lazy\" decoding=\"async\" width=\"1024\" height=\"493\" src=\"https:\/\/alaptechnology.pl\/wp-content\/uploads\/2025\/03\/podest-1024x493.png\" class=\"attachment-large size-large\" alt=\"Metalowa platforma z barierkami, schodami i k\u00f3\u0142kami.\" srcset=\"https:\/\/alaptechnology.pl\/wp-content\/uploads\/2025\/03\/podest-1024x493.png 1024w, https:\/\/alaptechnology.pl\/wp-content\/uploads\/2025\/03\/podest-300x145.png 300w, https:\/\/alaptechnology.pl\/wp-content\/uploads\/2025\/03\/podest-18x9.png 18w, https:\/\/alaptechnology.pl\/wp-content\/uploads\/2025\/03\/podest.png 1760w\" sizes=\"auto, (max-width: 1024px) 100vw, 1024px\" \/><\/div>\t\t<\/div>\r\n\t\t\t<\/article>\r\n\t<article class=\"w-grid-item post-3573 attachment type-attachment status-inherit hentry\" data-id=\"3573\">\r\n\t\t<div class=\"w-grid-item-h\">\r\n\t\t\t\t\t\t\t<a ref=\"magnificPopupGrid\" href=\"https:\/\/alaptechnology.pl\/wp-content\/uploads\/2025\/03\/Podest-pojedynczy.png\" class=\"w-grid-item-anchor\" aria-label=\"Metalowe schody z barierkami i k\u00f3\u0142kami\"><\/a>\r\n\t\t\t\t\t\t<div class=\"w-post-elm post_image usg_post_image_1 stretched\"><img loading=\"lazy\" decoding=\"async\" width=\"1024\" height=\"493\" src=\"https:\/\/alaptechnology.pl\/wp-content\/uploads\/2025\/03\/Podest-pojedynczy-1024x493.png\" class=\"attachment-large size-large\" alt=\"Metalowe schody z barierkami i k\u00f3\u0142kami\" srcset=\"https:\/\/alaptechnology.pl\/wp-content\/uploads\/2025\/03\/Podest-pojedynczy-1024x493.png 1024w, https:\/\/alaptechnology.pl\/wp-content\/uploads\/2025\/03\/Podest-pojedynczy-300x145.png 300w, https:\/\/alaptechnology.pl\/wp-content\/uploads\/2025\/03\/Podest-pojedynczy-18x9.png 18w, https:\/\/alaptechnology.pl\/wp-content\/uploads\/2025\/03\/Podest-pojedynczy.png 1760w\" sizes=\"auto, (max-width: 1024px) 100vw, 1024px\" \/><\/div>\t\t<\/div>\r\n\t\t\t<\/article>\r\n<\/div>\t<div class=\"g-preloader type_1\">\r\n\t\t<div><\/div>\r\n\t<\/div>\r\n\t\t<div class=\"w-grid-json hidden\" onclick='return {&quot;action&quot;:&quot;us_ajax_grid&quot;,&quot;infinite_scroll&quot;:0,&quot;max_num_pages&quot;:1,&quot;pagination&quot;:&quot;none&quot;,&quot;template_vars&quot;:{&quot;columns&quot;:&quot;&quot;,&quot;exclude_items&quot;:&quot;none&quot;,&quot;img_size&quot;:&quot;default&quot;,&quot;ignore_items_size&quot;:0,&quot;items_layout&quot;:&quot;2720&quot;,&quot;items_offset&quot;:&quot;0px&quot;,&quot;load_animation&quot;:&quot;none&quot;,&quot;overriding_link&quot;:&quot;%7B%22type%22%3A%22popup_image%22%7D&quot;,&quot;post_id&quot;:0,&quot;query_args&quot;:{&quot;post_type&quot;:[&quot;attachment&quot;],&quot;post__in&quot;:[&quot;3573&quot;,&quot;3574&quot;,&quot;3575&quot;],&quot;post_status&quot;:&quot;inherit&quot;,&quot;post_mime_type&quot;:&quot;image&quot;,&quot;posts_per_page&quot;:&quot;9&quot;},&quot;orderby_query_args&quot;:{&quot;orderby&quot;:{&quot;date&quot;:&quot;DESC&quot;}},&quot;type&quot;:&quot;carousel&quot;,&quot;us_grid_post_type&quot;:&quot;attachment&quot;,&quot;us_grid_ajax_index&quot;:1,&quot;us_grid_filter_query_string&quot;:null,&quot;us_grid_index&quot;:1,&quot;page_args&quot;:[]},&quot;carousel_settings&quot;:{&quot;aria_labels&quot;:{&quot;prev&quot;:&quot;Previous&quot;,&quot;next&quot;:&quot;Next&quot;},&quot;autoplayContinual&quot;:false,&quot;autoplayHoverPause&quot;:false,&quot;autoplayTimeout&quot;:3000,&quot;smartSpeed&quot;:350,&quot;margin&quot;:0,&quot;mouseDrag&quot;:true,&quot;rtl&quot;:false,&quot;slideBy&quot;:&quot;1&quot;,&quot;touchDrag&quot;:true,&quot;slideTransition&quot;:&quot;&quot;,&quot;responsive&quot;:{&quot;0&quot;:{&quot;autoHeight&quot;:false,&quot;autoplay&quot;:false,&quot;autoWidth&quot;:false,&quot;center&quot;:false,&quot;dots&quot;:true,&quot;items&quot;:1,&quot;loop&quot;:false,&quot;nav&quot;:true,&quot;stagePadding&quot;:0},&quot;601&quot;:{&quot;items&quot;:3,&quot;autoplay&quot;:true,&quot;center&quot;:false,&quot;dots&quot;:true,&quot;nav&quot;:true,&quot;autoHeight&quot;:false,&quot;autoWidth&quot;:false,&quot;loop&quot;:false,&quot;stagePadding&quot;:0}}}}'><\/div>\r\n\t<\/div><\/div><\/div><\/div><\/div><\/section><section class=\"l-section wpb_row us_custom_50cc7d67 height_medium\" id=\"section-21\"><div class=\"l-section-h i-cf\"><div class=\"g-cols vc_row via_grid cols_1 laptops-cols_inherit tablets-cols_inherit mobiles-cols_1 valign_top type_default stacking_default\" style=\"--gap:5rem;\"><div class=\"wpb_column vc_column_container us_custom_ceb30492 has_text_color has_bg_color\"><div class=\"vc_column-inner\"><div class=\"g-cols wpb_row via_grid cols_2 laptops-cols_inherit tablets-cols_inherit mobiles-cols_1 valign_middle type_default stacking_default\" style=\"--gap:0px;\"><div class=\"wpb_column vc_column_container us_custom_62280b32\"><div class=\"vc_column-inner\"><div class=\"wpb_text_column\"><div class=\"wpb_wrapper\"><h2>Projects<\/h2>\n<p>See how our solutions are changing industries - check out our implementations!<\/p>\n<\/div><\/div><div class=\"w-separator size_small\"><\/div><div class=\"w-btn-wrapper align_none\"><a class=\"w-btn us-btn-style_1 icon_atright\" target=\"_blank\" href=\"https:\/\/alaptechnology.pl\/en\/nasze-realizacje\/\"><span class=\"w-btn-label\">Our realizations<\/span><i class=\"fas fa-arrow-right\"><\/i><\/a><\/div><\/div><\/div><div class=\"wpb_column vc_column_container us_custom_80fbe524\"><div class=\"vc_column-inner\"><div class=\"w-image us_custom_6d149020 has_ratio align_none\"><div class=\"w-image-h\"><div style=\"padding-bottom:66.6667%\"><\/div><img decoding=\"async\" width=\"1024\" height=\"683\" src=\"https:\/\/alaptechnology.pl\/wp-content\/uploads\/2025\/01\/4182-1024x683.jpg\" class=\"attachment-large size-large\" alt=\"M\u0119\u017cczyzna stoj\u0105cy przy maszynie\" loading=\"lazy\" \/><\/div><\/div><\/div><\/div><\/div><\/div><\/div><\/div><\/div><\/section><section class=\"l-section wpb_row height_auto width_full\" id=\"bcols\"><div class=\"l-section-h i-cf\"><div class=\"g-cols vc_row via_grid cols_3 laptops-cols_inherit tablets-cols_1 mobiles-cols_1 valign_middle type_default\" style=\"--gap:0rem;\"><div class=\"wpb_column vc_column_container us_custom_c13af3d5 has_text_color us_animate_this\"><div class=\"vc_column-overlay\" style=\"background:rgba(122,177,198,0.85)\"><\/div><div class=\"vc_column-inner\"><h2 class=\"w-text us_custom_bde1d67f\"><span class=\"w-text-h\"><span class=\"w-text-value\">Collaboration<\/span><\/span><\/h2><p class=\"w-text\"><span class=\"w-text-h\"><span class=\"w-text-value\">Learn how we take projects step by step to achieve success together.<\/span><\/span><\/p><div class=\"w-btn-wrapper align_none\"><a class=\"w-btn us-btn-style_1\" target=\"_blank\" href=\"https:\/\/alaptechnology.pl\/en\/wspolpraca\/\"><span class=\"w-btn-label\">Let's start working together<\/span><\/a><\/div><\/div><\/div><div class=\"wpb_column vc_column_container us_custom_55c9e6f8 has_text_color us_animate_this\"><div class=\"vc_column-overlay\" style=\"background:rgba(84,143,171,0.85)\"><\/div><div class=\"vc_column-inner\"><h2 class=\"w-text us_custom_bde1d67f\"><span class=\"w-text-h\"><span class=\"w-text-value\">Contact us<\/span><\/span><\/h2><p class=\"w-text\"><span class=\"w-text-h\"><span class=\"w-text-value\">Do you have questions or need help? We are here to answer your needs!<\/span><\/span><\/p><div class=\"w-btn-wrapper align_none\"><a class=\"w-btn us-btn-style_1 us_custom_db352830\" target=\"_blank\" href=\"https:\/\/alaptechnology.pl\/en\/kontakt\/\"><span class=\"w-btn-label\">Contact<\/span><\/a><\/div><\/div><\/div><div class=\"wpb_column vc_column_container us_custom_cc2b80f9 has_text_color us_animate_this\"><div class=\"vc_column-overlay\" style=\"background:rgba(46,59,82,0.85)\"><\/div><div class=\"vc_column-inner\"><h2 class=\"w-text us_custom_bde1d67f\"><span class=\"w-text-h\"><span class=\"w-text-value\">Inspiration and knowledge<\/span><\/span><\/h2><p class=\"w-text\"><span class=\"w-text-h\"><span class=\"w-text-value\">Visit our blog and discover interesting articles that can inspire you.<\/span><\/span><\/p><div class=\"w-btn-wrapper align_none\"><a class=\"w-btn us-btn-style_1\" target=\"_blank\" href=\"https:\/\/alaptechnology.pl\/en\/blog\/\"><span class=\"w-btn-label\">View entries<\/span><\/a><\/div><\/div><\/div><\/div><\/div><\/section>","protected":false},"excerpt":{"rendered":"","protected":false},"author":1,"featured_media":0,"parent":2083,"menu_order":0,"comment_status":"closed","ping_status":"closed","template":"","meta":{"footnotes":""},"class_list":["post-3057","page","type-page","status-publish","hentry"],"aioseo_notices":[],"_links":{"self":[{"href":"https:\/\/alaptechnology.pl\/en\/wp-json\/wp\/v2\/pages\/3057","targetHints":{"allow":["GET"]}}],"collection":[{"href":"https:\/\/alaptechnology.pl\/en\/wp-json\/wp\/v2\/pages"}],"about":[{"href":"https:\/\/alaptechnology.pl\/en\/wp-json\/wp\/v2\/types\/page"}],"author":[{"embeddable":true,"href":"https:\/\/alaptechnology.pl\/en\/wp-json\/wp\/v2\/users\/1"}],"replies":[{"embeddable":true,"href":"https:\/\/alaptechnology.pl\/en\/wp-json\/wp\/v2\/comments?post=3057"}],"version-history":[{"count":17,"href":"https:\/\/alaptechnology.pl\/en\/wp-json\/wp\/v2\/pages\/3057\/revisions"}],"predecessor-version":[{"id":3877,"href":"https:\/\/alaptechnology.pl\/en\/wp-json\/wp\/v2\/pages\/3057\/revisions\/3877"}],"up":[{"embeddable":true,"href":"https:\/\/alaptechnology.pl\/en\/wp-json\/wp\/v2\/pages\/2083"}],"wp:attachment":[{"href":"https:\/\/alaptechnology.pl\/en\/wp-json\/wp\/v2\/media?parent=3057"}],"curies":[{"name":"wp","href":"https:\/\/api.w.org\/{rel}","templated":true}]}}