{"id":2978,"date":"2025-01-11T21:46:48","date_gmt":"2025-01-11T20:46:48","guid":{"rendered":"https:\/\/alaptechnology.pl\/?page_id=2978"},"modified":"2025-08-05T14:29:52","modified_gmt":"2025-08-05T12:29:52","slug":"przenosniki-tasmowe","status":"publish","type":"page","link":"https:\/\/alaptechnology.pl\/en\/paletyzacja\/przenosniki-tasmowe\/","title":{"rendered":"Conveyor belts"},"content":{"rendered":"<section class=\"l-section wpb_row us_custom_103975eb height_large full_height valign_center color_footer-bottom\" id=\"section-03\"><div class=\"l-section-h i-cf\"><div class=\"g-cols vc_row via_grid cols_2-3 laptops-cols_inherit tablets-cols_1 mobiles-cols_1 valign_middle type_default stacking_default\" style=\"--gap:5vw;\"><div class=\"wpb_column vc_column_container\"><div class=\"vc_column-inner\"><div class=\"w-image us_custom_10d35ad7 has_height has_ratio align_none\"><div class=\"w-image-h\"><div style=\"padding-bottom:100%\"><\/div><img decoding=\"async\" width=\"1024\" height=\"562\" src=\"https:\/\/alaptechnology.pl\/wp-content\/uploads\/2025\/08\/Tasmowy-1024x562.webp\" class=\"attachment-large size-large\" alt=\"Przeno\u015bniki ta\u015bmowe\" loading=\"lazy\" \/><\/div><\/div><\/div><\/div><div class=\"wpb_column vc_column_container\"><div class=\"vc_column-inner\"><h1 class=\"w-text us_custom_dc4ef1af has_text_color\"><span class=\"w-text-h\"><span class=\"w-text-value\">Przeno\u015bniki ta\u015bmowe dla linii monta\u017cowych<\/span><\/span><\/h1><div class=\"w-separator size_medium\"><\/div><div class=\"wpb_text_column us_custom_a5c88937\"><div class=\"wpb_wrapper\"><p>Przeno\u015bniki ta\u015bmowe dla produkcji to wszechstronne rozwi\u0105zanie do transportu r\u00f3\u017cnorodnych \u0142adunk\u00f3w na kr\u00f3tkie i \u015brednie odleg\u0142o\u015bci. Dzi\u0119ki zastosowaniu elastycznych ta\u015bm transportowych, przeno\u015bniki te idealnie sprawdzaj\u0105 si\u0119 w wielu bran\u017cach, zapewniaj\u0105c p\u0142ynno\u015b\u0107 i niezawodno\u015b\u0107 proces\u00f3w produkcyjnych oraz magazynowych.<\/p>\n<\/div><\/div><div class=\"w-separator size_medium\"><\/div><div class=\"w-btn-wrapper align_none\"><a class=\"w-btn us-btn-style_1\" href=\"#przenosniki_info\"><span class=\"w-btn-label\">Learn more<\/span><\/a><\/div><\/div><\/div><\/div><\/div><\/section><section class=\"l-section wpb_row us_custom_4fb9e5a3 height_medium\" id=\"przenosniki_info\"><div class=\"l-section-overlay\" style=\"background:linear-gradient(0deg,rgba(0,0,0,0.00),rgba(0,0,0,0.05))\"><\/div><div class=\"l-section-h i-cf\"><div class=\"g-cols vc_row via_grid cols_1-2 laptops-cols_inherit tablets-cols_inherit mobiles-cols_1 valign_top type_default reversed stacking_default\"><div class=\"wpb_column vc_column_container us_custom_83820375 has_bg_color\"><div class=\"vc_column-inner\"><div class=\"w-vwrapper align_none valign_top\"><h3 class=\"w-text us_custom_770fb908 has_text_color\"><span class=\"w-text-h\"><span class=\"w-text-value\">Do you need help?<\/span><\/span><\/h3><\/div><div class=\"w-separator size_small\"><\/div><div class=\"wpb_text_column us_custom_6d1f0140 has_text_color\"><div class=\"wpb_wrapper\"><p>Get in touch with us!<br \/>\nWe are ready to find the best solution for you.<\/p>\n<\/div><\/div><div class=\"w-separator size_small\"><\/div><div class=\"w-iconbox us_custom_d7166887 has_text_color iconpos_left style_default color_custom align_left no_text\"><a href=\"tel:+48575244770\" class=\"w-iconbox-link\" aria-label=\"+48 575 244 770\"><div class=\"w-iconbox-icon\" style=\"font-size:2rem;--icon-color:#ffffff;\"><i class=\"fas fa-phone\"><\/i><\/div><\/a><div class=\"w-iconbox-meta\"><a href=\"tel:+48575244770\" class=\"w-iconbox-link\" aria-label=\"+48 575 244 770\"><p class=\"w-iconbox-title\">+48 575 244 770<\/p><\/a><\/div><\/div><div class=\"w-iconbox us_custom_2b1ff3b7 has_text_color iconpos_left style_default color_custom align_left no_text\"><a href=\"mailto:info@alaptechnology.pl\" class=\"w-iconbox-link\" aria-label=\"info@alaptechnology.pl\"><div class=\"w-iconbox-icon\" style=\"font-size:2rem;--icon-color:#ffffff;\"><i class=\"fas fa-envelope\"><\/i><\/div><\/a><div class=\"w-iconbox-meta\"><a href=\"mailto:info@alaptechnology.pl\" class=\"w-iconbox-link\" aria-label=\"info@alaptechnology.pl\"><p class=\"w-iconbox-title\">info@alaptechnology.pl<\/p><\/a><\/div><\/div><div class=\"w-separator size_small\"><\/div><div class=\"w-hwrapper valign_top align_none\"><div class=\"w-btn-wrapper align_center\"><a class=\"w-btn us-btn-style_1 us_custom_f58a0cb9\" href=\"#\"><span class=\"w-btn-label\">Contact<\/span><\/a><\/div><\/div><\/div><\/div><div class=\"wpb_column vc_column_container\"><div class=\"vc_column-inner\"><div class=\"wpb_text_column us_custom_4076faf9 has_text_color\"><div class=\"wpb_wrapper\"><h2>Du\u017ce i ma\u0142e przeno\u015bniki ta\u015bmowe dla automatycznych linii monta\u017cowych<\/h2>\n<p>Przeno\u015bniki ta\u015bmowe to jeden z najbardziej popularnych system\u00f3w transportowych wykorzystywanych w r\u00f3\u017cnych ga\u0142\u0119ziach przemys\u0142u, takich jak produkcja, magazynowanie czy pakowanie. Dzi\u0119ki zastosowaniu ta\u015bm transportowych wykonanych z r\u00f3\u017cnych materia\u0142\u00f3w (np. gumy, PVC, materia\u0142\u00f3w antypo\u015blizgowych), przeno\u015bniki dla linii monta\u017cowych zapewniaj\u0105 bezpieczne i szybkie przemieszczanie \u0142adunk\u00f3w o r\u00f3\u017cnej wielko\u015bci i wadze.<\/p>\n<p>Opracowujemy kompleksowe propozycje sprz\u0119t\u00f3w przemys\u0142owych obejmuj\u0105ce koncepcj\u0119, projekt, produkcj\u0119 i wdro\u017cenie urz\u0105dze\u0144 mechanicznych. Zawiera si\u0119 w tym tak\u017ce przeszkolenie personelu: wyja\u015bnienie budowy transporter\u00f3w ta\u015bmowych, szczeg\u00f3\u0142y obs\u0142ugi i konserwacji. Dostarczamy zar\u00f3wno ma\u0142e, jak i du\u017ce jednostki transportowe do magazyn\u00f3w i fabryk. W ramach projektu uwzgl\u0119dniamy docelowe miejsce i funkcje wyposa\u017cenia. Za cel wyznaczyli\u015bmy sobie oddanie dok\u0142adnej konstrukcji, w kt\u00f3rej wszystkie elementy przeno\u015bnika ta\u015bmowego sprzyjaj\u0105 wykonywaniu okre\u015blonych dzia\u0142a\u0144. Pozostajemy otwarci na realizacje zam\u00f3wie\u0144 z nowych bran\u017c z niestandardowymi szczeg\u00f3\u0142ami.<\/p>\n<p>Our conveyor belts are highly flexible and can be customized to meet your specific needs. We offer models with different belt widths and lengths, with adjustable transport speeds. Belt conveyors are the ideal solution for transporting products on production lines, in warehouses, for sorting parcels or in packaging processes.<\/p>\n<p>W zale\u017cno\u015bci od wymaga\u0144 systemy mog\u0105 by\u0107 wyposa\u017cone w dodatkowe funkcje, takie jak podwy\u017cszone boki ta\u015bmy, nap\u0119dy elektryczne, oraz r\u00f3\u017cne opcje zasilania (230 V lub 400 V), co zapewnia ich du\u017c\u0105 wszechstronno\u015b\u0107. U\u017cywane s\u0105 przez firmy jako przeno\u015bniki do karton\u00f3w zawieraj\u0105ce produkty z licznych bran\u017c.<\/p>\n<p><strong>Parameters of a standard belt conveyor:<\/strong><\/p>\n<ul>\n<li><strong>Strap width<\/strong>: 100 to 1600 mm (customized)<\/li>\n<li><strong>Tape length<\/strong>: od 1 do 40 metr\u00f3w w jednym odcinku<\/li>\n<li><strong>Load:<\/strong> up to 100 kg per running meter<\/li>\n<li><strong>Transport speed:<\/strong> 0.1 to 1 m\/s (adjustable)<\/li>\n<li><strong>Type of tape<\/strong>: rubber, PVC, modular, anti-slip material.<\/li>\n<li><strong>Drive<\/strong> electrically powered, optional speed control<\/li>\n<li><strong>Power supply:<\/strong> 230 V \/ 400 V<\/li>\n<\/ul>\n<div class=\"mb-2 flex gap-3 empty:hidden -ml-2\">\n<div class=\"items-center justify-start rounded-xl p-1 flex\"><\/div>\n<\/div>\n<\/div><\/div><\/div><\/div><\/div><\/div><\/section><section class=\"l-section wpb_row height_small width_custom\" style=\"--site-content-width:900px;\" id=\"section-03\"><div class=\"l-section-h i-cf\"><div class=\"g-cols vc_row via_grid cols_1 laptops-cols_inherit tablets-cols_inherit mobiles-cols_1 valign_top type_default stacking_default\"><div class=\"wpb_column vc_column_container\"><div class=\"vc_column-inner\"><h2 class=\"w-text us_custom_eb849559\"><span class=\"w-text-h\"><span class=\"w-text-value\">Benefits<\/span><\/span><\/h2><div class=\"w-separator size_small\"><\/div><div class=\"g-cols wpb_row via_grid cols_3 laptops-cols_inherit tablets-cols_inherit mobiles-cols_1 valign_top type_default stacking_default\" style=\"--gap:4rem;\"><div class=\"wpb_column vc_column_container\"><div class=\"vc_column-inner\"><div class=\"w-iconbox us_custom_ca43fddb has_text_color iconpos_top style_circle color_primary align_center no_text\"><div class=\"w-iconbox-icon\" style=\"font-size:1rem;\"><i class=\"fas fa-check\"><\/i><\/div><div class=\"w-iconbox-meta\"><p class=\"w-iconbox-title\">Versatility of applications<\/p><\/div><\/div><\/div><\/div><div class=\"wpb_column vc_column_container\"><div class=\"vc_column-inner\"><div class=\"w-iconbox us_custom_c316f3a6 has_text_color iconpos_top style_circle color_primary align_center no_text\"><div class=\"w-iconbox-icon\" style=\"font-size:1rem;\"><i class=\"fas fa-check\"><\/i><\/div><div class=\"w-iconbox-meta\"><p class=\"w-iconbox-title\">Universality of applications<\/p><\/div><\/div><\/div><\/div><div class=\"wpb_column vc_column_container\"><div class=\"vc_column-inner\"><div class=\"w-iconbox us_custom_c316f3a6 has_text_color iconpos_top style_circle color_primary align_center no_text\"><div class=\"w-iconbox-icon\" style=\"font-size:1rem;\"><i class=\"fas fa-check\"><\/i><\/div><div class=\"w-iconbox-meta\"><p class=\"w-iconbox-title\">Easy operation and maintenance<\/p><\/div><\/div><\/div><\/div><\/div><div class=\"w-separator size_medium\"><\/div><\/div><\/div><\/div><\/div><\/section><section class=\"l-section wpb_row us_custom_2dbf7b3f height_small\"><div class=\"l-section-h i-cf\"><div class=\"g-cols vc_row via_grid cols_1 laptops-cols_inherit tablets-cols_inherit mobiles-cols_1 valign_top type_default stacking_default\"><div class=\"wpb_column vc_column_container\"><div class=\"vc_column-inner\"><h3 class=\"w-text us_custom_eb849559\"><span class=\"w-text-h\"><span class=\"w-text-value\">Example Projects:<\/span><\/span><\/h3><div class=\"w-grid type_carousel layout_2720 cols_3 ratio_1x1\" id=\"us_grid_1\" style=\"--gap:30px;\"><style>.layout_2720 .w-grid-item-h:before{padding-bottom:100%}.layout_2720 .w-grid-item-h{}.layout_2720 .usg_post_image_1{transition-duration:0.3s;transform-origin:50% 50%;transform:scale(1) translate(0%,0%)}.layout_2720 .w-grid-item-h:hover .usg_post_image_1{transform:scale(1) translate(0%,0%);opacity:0.75;border-color:rgba(0,0,0,0.75)!important}.layout_2720 .usg_post_image_1{position:absolute!important;left:0!important;top:0!important;bottom:0!important;right:0!important}<\/style><div class=\"w-grid-list owl-carousel valign_stretch dotstyle_circle navstyle_circle navpos_outside owl-responsive-2000 with_dots with_arrows\" style=\"--transition-duration:350ms;--arrows-size:1.5rem;\">\t<article class=\"w-grid-item post-3734 attachment type-attachment status-inherit hentry\" data-id=\"3734\">\r\n\t\t<div class=\"w-grid-item-h\">\r\n\t\t\t\t\t\t\t<a ref=\"magnificPopupGrid\" href=\"https:\/\/alaptechnology.pl\/wp-content\/uploads\/2025\/05\/016-05-03.png\" class=\"w-grid-item-anchor\" aria-label=\"Conveyor belts\"><\/a>\r\n\t\t\t\t\t\t<div class=\"w-post-elm post_image usg_post_image_1 stretched\"><img loading=\"lazy\" decoding=\"async\" width=\"1024\" height=\"493\" src=\"https:\/\/alaptechnology.pl\/wp-content\/uploads\/2025\/05\/016-05-03-1024x493.png\" class=\"attachment-large size-large\" alt=\"Przeno\u015bniki ta\u015bmowe\" srcset=\"https:\/\/alaptechnology.pl\/wp-content\/uploads\/2025\/05\/016-05-03-1024x493.png 1024w, https:\/\/alaptechnology.pl\/wp-content\/uploads\/2025\/05\/016-05-03-300x145.png 300w, https:\/\/alaptechnology.pl\/wp-content\/uploads\/2025\/05\/016-05-03-18x9.png 18w, https:\/\/alaptechnology.pl\/wp-content\/uploads\/2025\/05\/016-05-03.png 1760w\" sizes=\"auto, (max-width: 1024px) 100vw, 1024px\" \/><\/div>\t\t<\/div>\r\n\t\t\t<\/article>\r\n\t<article class=\"w-grid-item post-3735 attachment type-attachment status-inherit hentry\" data-id=\"3735\">\r\n\t\t<div class=\"w-grid-item-h\">\r\n\t\t\t\t\t\t\t<a ref=\"magnificPopupGrid\" href=\"https:\/\/alaptechnology.pl\/wp-content\/uploads\/2025\/05\/20250224_094501-removebg-preview.png\" class=\"w-grid-item-anchor\" aria-label=\"Conveyor belts\"><\/a>\r\n\t\t\t\t\t\t<div class=\"w-post-elm post_image usg_post_image_1 stretched\"><img loading=\"lazy\" decoding=\"async\" width=\"500\" height=\"500\" src=\"https:\/\/alaptechnology.pl\/wp-content\/uploads\/2025\/05\/20250224_094501-removebg-preview.png\" class=\"attachment-large size-large\" alt=\"Przeno\u015bniki ta\u015bmowe\" srcset=\"https:\/\/alaptechnology.pl\/wp-content\/uploads\/2025\/05\/20250224_094501-removebg-preview.png 500w, https:\/\/alaptechnology.pl\/wp-content\/uploads\/2025\/05\/20250224_094501-removebg-preview-300x300.png 300w, https:\/\/alaptechnology.pl\/wp-content\/uploads\/2025\/05\/20250224_094501-removebg-preview-150x150.png 150w, https:\/\/alaptechnology.pl\/wp-content\/uploads\/2025\/05\/20250224_094501-removebg-preview-12x12.png 12w\" sizes=\"auto, (max-width: 500px) 100vw, 500px\" \/><\/div>\t\t<\/div>\r\n\t\t\t<\/article>\r\n\t<article class=\"w-grid-item post-3736 attachment type-attachment status-inherit hentry\" data-id=\"3736\">\r\n\t\t<div class=\"w-grid-item-h\">\r\n\t\t\t\t\t\t\t<a ref=\"magnificPopupGrid\" href=\"https:\/\/alaptechnology.pl\/wp-content\/uploads\/2025\/05\/20250224_094511-removebg-preview.png\" class=\"w-grid-item-anchor\" aria-label=\"Conveyor belts\"><\/a>\r\n\t\t\t\t\t\t<div class=\"w-post-elm post_image usg_post_image_1 stretched\"><img loading=\"lazy\" decoding=\"async\" width=\"500\" height=\"500\" src=\"https:\/\/alaptechnology.pl\/wp-content\/uploads\/2025\/05\/20250224_094511-removebg-preview.png\" class=\"attachment-large size-large\" alt=\"Przeno\u015bniki ta\u015bmowe\" srcset=\"https:\/\/alaptechnology.pl\/wp-content\/uploads\/2025\/05\/20250224_094511-removebg-preview.png 500w, https:\/\/alaptechnology.pl\/wp-content\/uploads\/2025\/05\/20250224_094511-removebg-preview-300x300.png 300w, https:\/\/alaptechnology.pl\/wp-content\/uploads\/2025\/05\/20250224_094511-removebg-preview-150x150.png 150w, https:\/\/alaptechnology.pl\/wp-content\/uploads\/2025\/05\/20250224_094511-removebg-preview-12x12.png 12w\" sizes=\"auto, (max-width: 500px) 100vw, 500px\" \/><\/div>\t\t<\/div>\r\n\t\t\t<\/article>\r\n\t<article class=\"w-grid-item post-3737 attachment type-attachment status-inherit hentry\" data-id=\"3737\">\r\n\t\t<div class=\"w-grid-item-h\">\r\n\t\t\t\t\t\t\t<a ref=\"magnificPopupGrid\" href=\"https:\/\/alaptechnology.pl\/wp-content\/uploads\/2025\/05\/20250224_094526-removebg-preview.png\" class=\"w-grid-item-anchor\" aria-label=\"Conveyor belts\"><\/a>\r\n\t\t\t\t\t\t<div class=\"w-post-elm post_image usg_post_image_1 stretched\"><img loading=\"lazy\" decoding=\"async\" width=\"500\" height=\"500\" src=\"https:\/\/alaptechnology.pl\/wp-content\/uploads\/2025\/05\/20250224_094526-removebg-preview.png\" class=\"attachment-large size-large\" alt=\"Przeno\u015bniki ta\u015bmowe\" srcset=\"https:\/\/alaptechnology.pl\/wp-content\/uploads\/2025\/05\/20250224_094526-removebg-preview.png 500w, https:\/\/alaptechnology.pl\/wp-content\/uploads\/2025\/05\/20250224_094526-removebg-preview-300x300.png 300w, https:\/\/alaptechnology.pl\/wp-content\/uploads\/2025\/05\/20250224_094526-removebg-preview-150x150.png 150w, https:\/\/alaptechnology.pl\/wp-content\/uploads\/2025\/05\/20250224_094526-removebg-preview-12x12.png 12w\" sizes=\"auto, (max-width: 500px) 100vw, 500px\" \/><\/div>\t\t<\/div>\r\n\t\t\t<\/article>\r\n\t<article class=\"w-grid-item post-3738 attachment type-attachment status-inherit hentry\" data-id=\"3738\">\r\n\t\t<div class=\"w-grid-item-h\">\r\n\t\t\t\t\t\t\t<a ref=\"magnificPopupGrid\" href=\"https:\/\/alaptechnology.pl\/wp-content\/uploads\/2025\/05\/Przenosnik_tasmowy-removebg-preview.png\" class=\"w-grid-item-anchor\" aria-label=\"Przeno\u015bnik_ta\u015bmowy-removebg-preview\"><\/a>\r\n\t\t\t\t\t\t<div class=\"w-post-elm post_image usg_post_image_1 stretched\"><img loading=\"lazy\" decoding=\"async\" width=\"577\" height=\"433\" src=\"https:\/\/alaptechnology.pl\/wp-content\/uploads\/2025\/05\/Przenosnik_tasmowy-removebg-preview.png\" class=\"attachment-large size-large\" alt=\"\" srcset=\"https:\/\/alaptechnology.pl\/wp-content\/uploads\/2025\/05\/Przenosnik_tasmowy-removebg-preview.png 577w, https:\/\/alaptechnology.pl\/wp-content\/uploads\/2025\/05\/Przenosnik_tasmowy-removebg-preview-300x225.png 300w, https:\/\/alaptechnology.pl\/wp-content\/uploads\/2025\/05\/Przenosnik_tasmowy-removebg-preview-16x12.png 16w\" sizes=\"auto, (max-width: 577px) 100vw, 577px\" \/><\/div>\t\t<\/div>\r\n\t\t\t<\/article>\r\n<\/div>\t<div class=\"g-preloader type_1\">\r\n\t\t<div><\/div>\r\n\t<\/div>\r\n\t\t<div class=\"w-grid-json hidden\" onclick='return {&quot;action&quot;:&quot;us_ajax_grid&quot;,&quot;infinite_scroll&quot;:0,&quot;max_num_pages&quot;:1,&quot;pagination&quot;:&quot;none&quot;,&quot;template_vars&quot;:{&quot;columns&quot;:&quot;&quot;,&quot;exclude_items&quot;:&quot;none&quot;,&quot;img_size&quot;:&quot;default&quot;,&quot;ignore_items_size&quot;:0,&quot;items_layout&quot;:&quot;2720&quot;,&quot;items_offset&quot;:&quot;0px&quot;,&quot;load_animation&quot;:&quot;none&quot;,&quot;overriding_link&quot;:&quot;%7B%22type%22%3A%22popup_image%22%7D&quot;,&quot;post_id&quot;:0,&quot;query_args&quot;:{&quot;post_type&quot;:[&quot;attachment&quot;],&quot;post__in&quot;:[&quot;3734&quot;,&quot;3735&quot;,&quot;3736&quot;,&quot;3737&quot;,&quot;3738&quot;],&quot;post_status&quot;:&quot;inherit&quot;,&quot;post_mime_type&quot;:&quot;image&quot;,&quot;posts_per_page&quot;:&quot;5&quot;},&quot;orderby_query_args&quot;:{&quot;orderby&quot;:{&quot;post__in&quot;:&quot;ASC&quot;},&quot;order&quot;:&quot;ASC&quot;},&quot;type&quot;:&quot;carousel&quot;,&quot;us_grid_post_type&quot;:&quot;attachment&quot;,&quot;us_grid_ajax_index&quot;:1,&quot;us_grid_filter_query_string&quot;:null,&quot;us_grid_index&quot;:1,&quot;page_args&quot;:[]},&quot;carousel_settings&quot;:{&quot;aria_labels&quot;:{&quot;prev&quot;:&quot;Previous&quot;,&quot;next&quot;:&quot;Next&quot;},&quot;autoplayContinual&quot;:false,&quot;autoplayHoverPause&quot;:false,&quot;autoplayTimeout&quot;:3000,&quot;smartSpeed&quot;:350,&quot;margin&quot;:0,&quot;mouseDrag&quot;:true,&quot;rtl&quot;:false,&quot;slideBy&quot;:&quot;1&quot;,&quot;touchDrag&quot;:true,&quot;slideTransition&quot;:&quot;&quot;,&quot;responsive&quot;:{&quot;0&quot;:{&quot;autoHeight&quot;:false,&quot;autoplay&quot;:false,&quot;autoWidth&quot;:false,&quot;center&quot;:false,&quot;dots&quot;:true,&quot;items&quot;:1,&quot;loop&quot;:false,&quot;nav&quot;:true,&quot;stagePadding&quot;:0},&quot;601&quot;:{&quot;items&quot;:3,&quot;autoplay&quot;:true,&quot;center&quot;:false,&quot;dots&quot;:true,&quot;nav&quot;:true,&quot;autoHeight&quot;:false,&quot;autoWidth&quot;:false,&quot;loop&quot;:true,&quot;stagePadding&quot;:0}}}}'><\/div>\r\n\t<\/div><\/div><\/div><\/div><\/div><\/section><section class=\"l-section wpb_row us_custom_50cc7d67 height_medium\" id=\"section-21\"><div class=\"l-section-h i-cf\"><div class=\"g-cols vc_row via_grid cols_1 laptops-cols_inherit tablets-cols_inherit mobiles-cols_1 valign_top type_default stacking_default\" style=\"--gap:5rem;\"><div class=\"wpb_column vc_column_container us_custom_ceb30492 has_text_color has_bg_color\"><div class=\"vc_column-inner\"><div class=\"g-cols wpb_row via_grid cols_2 laptops-cols_inherit tablets-cols_inherit mobiles-cols_1 valign_middle type_default stacking_default\" style=\"--gap:0px;\"><div class=\"wpb_column vc_column_container us_custom_62280b32\"><div class=\"vc_column-inner\"><div class=\"wpb_text_column\"><div class=\"wpb_wrapper\"><h2>Projects<\/h2>\n<p>See how our solutions are changing industries - check out our implementations!<\/p>\n<\/div><\/div><div class=\"w-separator size_small\"><\/div><div class=\"w-btn-wrapper align_none\"><a class=\"w-btn us-btn-style_1 icon_atright\" target=\"_blank\" href=\"https:\/\/alaptechnology.pl\/en\/nasze-realizacje\/\"><span class=\"w-btn-label\">Our realizations<\/span><i class=\"fas fa-arrow-right\"><\/i><\/a><\/div><\/div><\/div><div class=\"wpb_column vc_column_container us_custom_80fbe524\"><div class=\"vc_column-inner\"><div class=\"w-image us_custom_6d149020 has_ratio align_none\"><div class=\"w-image-h\"><div style=\"padding-bottom:66.6667%\"><\/div><img decoding=\"async\" width=\"1024\" height=\"683\" src=\"https:\/\/alaptechnology.pl\/wp-content\/uploads\/2025\/01\/4182-1024x683.jpg\" class=\"attachment-large size-large\" alt=\"M\u0119\u017cczyzna stoj\u0105cy przy maszynie\" loading=\"lazy\" \/><\/div><\/div><\/div><\/div><\/div><\/div><\/div><\/div><\/div><\/section><section class=\"l-section wpb_row height_auto width_full\" id=\"bcols\"><div class=\"l-section-h i-cf\"><div class=\"g-cols vc_row via_grid cols_3 laptops-cols_inherit tablets-cols_1 mobiles-cols_1 valign_middle type_default\" style=\"--gap:0rem;\"><div class=\"wpb_column vc_column_container us_custom_c13af3d5 has_text_color us_animate_this\"><div class=\"vc_column-overlay\" style=\"background:rgba(122,177,198,0.85)\"><\/div><div class=\"vc_column-inner\"><h2 class=\"w-text us_custom_bde1d67f\"><span class=\"w-text-h\"><span class=\"w-text-value\">Collaboration<\/span><\/span><\/h2><p class=\"w-text\"><span class=\"w-text-h\"><span class=\"w-text-value\">Learn how we take projects step by step to achieve success together.<\/span><\/span><\/p><div class=\"w-btn-wrapper align_none\"><a class=\"w-btn us-btn-style_1\" target=\"_blank\" href=\"https:\/\/alaptechnology.pl\/en\/wspolpraca\/\"><span class=\"w-btn-label\">Let's start working together<\/span><\/a><\/div><\/div><\/div><div class=\"wpb_column vc_column_container us_custom_55c9e6f8 has_text_color us_animate_this\"><div class=\"vc_column-overlay\" style=\"background:rgba(84,143,171,0.85)\"><\/div><div class=\"vc_column-inner\"><h2 class=\"w-text us_custom_bde1d67f\"><span class=\"w-text-h\"><span class=\"w-text-value\">Contact us<\/span><\/span><\/h2><p class=\"w-text\"><span class=\"w-text-h\"><span class=\"w-text-value\">Do you have questions or need help? We are here to answer your needs!<\/span><\/span><\/p><div class=\"w-btn-wrapper align_none\"><a class=\"w-btn us-btn-style_1 us_custom_db352830\" target=\"_blank\" href=\"https:\/\/alaptechnology.pl\/en\/kontakt\/\"><span class=\"w-btn-label\">Contact<\/span><\/a><\/div><\/div><\/div><div class=\"wpb_column vc_column_container us_custom_cc2b80f9 has_text_color us_animate_this\"><div class=\"vc_column-overlay\" style=\"background:rgba(46,59,82,0.85)\"><\/div><div class=\"vc_column-inner\"><h2 class=\"w-text us_custom_bde1d67f\"><span class=\"w-text-h\"><span class=\"w-text-value\">Inspiration and knowledge<\/span><\/span><\/h2><p class=\"w-text\"><span class=\"w-text-h\"><span class=\"w-text-value\">Visit our blog and discover interesting articles that can inspire you.<\/span><\/span><\/p><div class=\"w-btn-wrapper align_none\"><a class=\"w-btn us-btn-style_1\" target=\"_blank\" href=\"https:\/\/alaptechnology.pl\/en\/blog\/\"><span class=\"w-btn-label\">View entries<\/span><\/a><\/div><\/div><\/div><\/div><\/div><\/section>","protected":false},"excerpt":{"rendered":"","protected":false},"author":1,"featured_media":0,"parent":1887,"menu_order":0,"comment_status":"closed","ping_status":"closed","template":"","meta":{"footnotes":""},"class_list":["post-2978","page","type-page","status-publish","hentry"],"aioseo_notices":[],"_links":{"self":[{"href":"https:\/\/alaptechnology.pl\/en\/wp-json\/wp\/v2\/pages\/2978","targetHints":{"allow":["GET"]}}],"collection":[{"href":"https:\/\/alaptechnology.pl\/en\/wp-json\/wp\/v2\/pages"}],"about":[{"href":"https:\/\/alaptechnology.pl\/en\/wp-json\/wp\/v2\/types\/page"}],"author":[{"embeddable":true,"href":"https:\/\/alaptechnology.pl\/en\/wp-json\/wp\/v2\/users\/1"}],"replies":[{"embeddable":true,"href":"https:\/\/alaptechnology.pl\/en\/wp-json\/wp\/v2\/comments?post=2978"}],"version-history":[{"count":14,"href":"https:\/\/alaptechnology.pl\/en\/wp-json\/wp\/v2\/pages\/2978\/revisions"}],"predecessor-version":[{"id":3915,"href":"https:\/\/alaptechnology.pl\/en\/wp-json\/wp\/v2\/pages\/2978\/revisions\/3915"}],"up":[{"embeddable":true,"href":"https:\/\/alaptechnology.pl\/en\/wp-json\/wp\/v2\/pages\/1887"}],"wp:attachment":[{"href":"https:\/\/alaptechnology.pl\/en\/wp-json\/wp\/v2\/media?parent=2978"}],"curies":[{"name":"wp","href":"https:\/\/api.w.org\/{rel}","templated":true}]}}