{"id":2703,"date":"2025-01-09T16:43:47","date_gmt":"2025-01-09T15:43:47","guid":{"rendered":"https:\/\/alaptechnology.pl\/?page_id=2703"},"modified":"2025-02-18T23:32:50","modified_gmt":"2025-02-18T22:32:50","slug":"zautomatyzowane-rozwiazanie-do-paletyzacji","status":"publish","type":"page","link":"https:\/\/alaptechnology.pl\/en\/nasze-realizacje\/zautomatyzowane-rozwiazanie-do-paletyzacji\/","title":{"rendered":"Automated palletizing solution"},"content":{"rendered":"<section class=\"l-section wpb_row height_huge\" id=\"about\"><div class=\"l-section-h i-cf\"><div class=\"g-cols vc_row via_grid cols_1-2 laptops-cols_inherit tablets-cols_1 mobiles-cols_1 valign_top type_default stacking_default\" style=\"--gap:8vh;\"><div class=\"wpb_column vc_column_container us_custom_12c42bfa has_bg_color\"><div class=\"vc_column-inner\"><\/div><\/div><div class=\"wpb_column vc_column_container\"><div class=\"vc_column-inner\"><h1 class=\"w-text us_custom_d021f280\"><span class=\"w-text-h\"><span class=\"w-text-value\">Automated palletizing solution<\/span><\/span><\/h1><\/div><\/div><\/div><\/div><\/section><section class=\"l-section wpb_row height_medium\" id=\"section-03\"><div class=\"l-section-overlay\" style=\"background:linear-gradient(0deg,rgba(0,0,0,0.00),rgba(0,0,0,0.05))\"><\/div><div class=\"l-section-h i-cf\"><div class=\"g-cols vc_row via_grid cols_1-2 laptops-cols_inherit tablets-cols_inherit mobiles-cols_1 valign_top type_default reversed stacking_default\"><div class=\"wpb_column vc_column_container us_custom_83820375 has_bg_color\"><div class=\"vc_column-inner\"><div class=\"w-vwrapper align_none valign_top\"><h4 class=\"w-text us_custom_770fb908 has_text_color\"><span class=\"w-text-h\"><span class=\"w-text-value\">Do you need help?<\/span><\/span><\/h4><\/div><div class=\"w-separator size_small\"><\/div><div class=\"wpb_text_column us_custom_6d1f0140 has_text_color\"><div class=\"wpb_wrapper\"><p>Get in touch with us!<br \/>We are ready to find the best solution for you.<\/p>\n<\/div><\/div><div class=\"w-separator size_small\"><\/div><div class=\"w-iconbox us_custom_d7166887 has_text_color iconpos_left style_default color_custom align_left no_text\"><a href=\"tel:+48575244770\" class=\"w-iconbox-link\" aria-label=\"+48 575 244 770\"><div class=\"w-iconbox-icon\" style=\"font-size:2rem;--icon-color:#ffffff;\"><i class=\"fas fa-phone\"><\/i><\/div><\/a><div class=\"w-iconbox-meta\"><a href=\"tel:+48575244770\" class=\"w-iconbox-link\" aria-label=\"+48 575 244 770\"><p class=\"w-iconbox-title\">+48 575 244 770<\/p><\/a><\/div><\/div><div class=\"w-iconbox us_custom_2b1ff3b7 has_text_color iconpos_left style_default color_custom align_left no_text\"><a href=\"mailto:info@alaptechnology.pl\" class=\"w-iconbox-link\" aria-label=\"info@alaptechnology.pl\"><div class=\"w-iconbox-icon\" style=\"font-size:2rem;--icon-color:#ffffff;\"><i class=\"fas fa-envelope\"><\/i><\/div><\/a><div class=\"w-iconbox-meta\"><a href=\"mailto:info@alaptechnology.pl\" class=\"w-iconbox-link\" aria-label=\"info@alaptechnology.pl\"><p class=\"w-iconbox-title\">info@alaptechnology.pl<\/p><\/a><\/div><\/div><div class=\"w-separator size_small\"><\/div><div class=\"w-hwrapper valign_top align_none\"><div class=\"w-btn-wrapper align_center\"><a class=\"w-btn us-btn-style_1 us_custom_f58a0cb9\" href=\"#\"><span class=\"w-btn-label\">Contact<\/span><\/a><\/div><\/div><\/div><\/div><div class=\"wpb_column vc_column_container\"><div class=\"vc_column-inner\"><h4 class=\"w-text us_custom_eb849559\"><span class=\"w-text-h\"><span class=\"w-text-value\">Project description<\/span><\/span><\/h4><div class=\"w-hwrapper valign_top align_none\"><div class=\"wpb_text_column with_collapsible_content\" data-content-height=\"300px\"><div class=\"wpb_wrapper\"><p><strong>Klient:<\/strong> Producent cukru ze znacznym udzia\u0142em w rynku w swoim regionie.<\/p>\n<p><strong>Wyzwanie:<\/strong><br \/>Klient zmaga\u0142 si\u0119 z wyzwaniami zwi\u0105zanymi z rosn\u0105cym zapotrzebowaniem na produkcj\u0119. R\u0119czne procesy pakowania i paletyzacji by\u0142y czasoch\u0142onne, nieefektywne i powodowa\u0142y niekonsekwencje, co utrudnia\u0142o realizacj\u0119 cel\u00f3w operacyjnych.<\/p>\n<p><strong>Rozwi\u0105zanie:<\/strong><br \/>ALAP Technology wdro\u017cy\u0142o zaawansowany, zautomatyzowany system paletyzacji. Rozwi\u0105zanie oparte by\u0142o na 5-osiowym robocie KUKA KR 120 R3200 PA, zaprojektowanym do optymalizacji proces\u00f3w paletyzacji. Kluczowe funkcje systemu to:<br \/>\u2981 Obs\u0142uga pakiet\u00f3w 10szt x 1kg cukru owini\u0119tych foli\u0105 termokurczliw\u0105 i ich efektywne uk\u0142adanie na europaletach.<br \/>\u2981 Umieszczanie przek\u0142adek ochronnych mi\u0119dzy warstwami w celu zapewnienia stabilno\u015bci.<br \/>\u2981 Owijanie w pe\u0142ni za\u0142adowanych palet foli\u0105 ochronn\u0105, przygotowuj\u0105c je do transportu.<\/p>\n<p><strong>Rezultaty:<\/strong><br \/>\u2981 Zwi\u0119kszona wydajno\u015b\u0107: System przetwarza prawie 5 ton cukru na godzin\u0119, znacznie zwi\u0119kszaj\u0105c przepustowo\u015b\u0107 w por\u00f3wnaniu z metodami manualnymi.<br \/>\u2981 Poprawa bezpiecze\u0144stwa w miejscu pracy: Pracownicy przeszli z wykonywania fizycznie wymagaj\u0105cych zada\u0144 do nadzorowania operacji automatycznych.<br \/>\u2981 Lepsza jako\u015b\u0107: Automatyzacja zredukowa\u0142a uszkodzenia opakowa\u0144 i zapewni\u0142a precyzyjne uk\u0142adanie.<br \/>\u2981 Gotowo\u015b\u0107 na przysz\u0142y rozw\u00f3j: Kompaktowy i elastyczny system z \u0142atwo\u015bci\u0105 zintegrowa\u0142 si\u0119 z istniej\u0105cymi procesami i umo\u017cliwia dalsz\u0105 rozbudow\u0119 produkcji.<\/p>\n<p><strong>Podsumowanie:<\/strong><br \/>Automatyzacja proces\u00f3w paletyzacji pozwoli\u0142a klientowi znacz\u0105co zwi\u0119kszy\u0107 produktywno\u015b\u0107, obni\u017cy\u0107 koszty operacyjne oraz stworzy\u0107 solidne fundamenty pod dalszy rozw\u00f3j. Dostosowane rozwi\u0105zanie dostarczone przez ALAP Technology zapewni\u0142o p\u0142ynn\u0105 integracj\u0119 i przekroczy\u0142o oczekiwania.<\/p>\n<\/div><div class=\"toggle-links align_none\"><button class=\"collapsible-content-more\">Show more<\/button><button class=\"collapsible-content-less\">Poka\u017c mniej<\/button><\/div><\/div><\/div><\/div><\/div><\/div><\/div><\/section><section class=\"l-section wpb_row hide_on_default hide_on_laptops hide_on_tablets hide_on_mobiles height_small\"><div class=\"l-section-h i-cf\"><div class=\"g-cols vc_row via_grid cols_1 laptops-cols_inherit tablets-cols_inherit mobiles-cols_1 valign_top type_default stacking_default\"><div class=\"wpb_column vc_column_container\"><div class=\"vc_column-inner\"><h3 class=\"w-text us_custom_eb849559\"><span class=\"w-text-h\"><span class=\"w-text-value\">Pe\u0142na galeria projektu:<\/span><\/span><\/h3><div class=\"w-grid type_carousel layout_2720 cols_3 ratio_1x1\" id=\"us_grid_1\" style=\"--gap:30px;\"><style>.layout_2720 .w-grid-item-h:before{padding-bottom:100%}.layout_2720 .w-grid-item-h{}.layout_2720 .usg_post_image_1{transition-duration:0.3s;transform-origin:50% 50%;transform:scale(1) translate(0%,0%)}.layout_2720 .w-grid-item-h:hover .usg_post_image_1{transform:scale(1) translate(0%,0%);opacity:0.75;border-color:rgba(0,0,0,0.75)!important}.layout_2720 .usg_post_image_1{position:absolute!important;left:0!important;top:0!important;bottom:0!important;right:0!important}<\/style><div class=\"w-grid-list owl-carousel valign_stretch dotstyle_circle navstyle_circle navpos_outside owl-responsive-2000 with_dots with_arrows\" style=\"--transition-duration:350ms;--arrows-size:1.5rem;\">\t<article class=\"w-grid-item post-2818 attachment type-attachment status-inherit hentry\" data-id=\"2818\">\r\n\t\t<div class=\"w-grid-item-h\">\r\n\t\t\t\t\t\t\t<a ref=\"magnificPopupGrid\" href=\"https:\/\/alaptechnology.pl\/wp-content\/uploads\/2025\/01\/us-placeholder-square-1-2.jpg\" class=\"w-grid-item-anchor\" aria-label><\/a>\r\n\t\t\t\t\t\t<div class=\"w-post-elm post_image usg_post_image_1 stretched\"><img loading=\"lazy\" decoding=\"async\" width=\"1024\" height=\"1024\" src=\"https:\/\/alaptechnology.pl\/wp-content\/uploads\/2025\/01\/us-placeholder-square-1-2-1024x1024.jpg\" class=\"attachment-large size-large\" alt=\"\" srcset=\"https:\/\/alaptechnology.pl\/wp-content\/uploads\/2025\/01\/us-placeholder-square-1-2-1024x1024.jpg 1024w, https:\/\/alaptechnology.pl\/wp-content\/uploads\/2025\/01\/us-placeholder-square-1-2-300x300.jpg 300w, https:\/\/alaptechnology.pl\/wp-content\/uploads\/2025\/01\/us-placeholder-square-1-2-150x150.jpg 150w, https:\/\/alaptechnology.pl\/wp-content\/uploads\/2025\/01\/us-placeholder-square-1-2.jpg 1600w\" sizes=\"auto, (max-width: 1024px) 100vw, 1024px\" \/><\/div>\t\t<\/div>\r\n\t\t\t<\/article>\r\n\t<article class=\"w-grid-item post-2817 attachment type-attachment status-inherit hentry\" data-id=\"2817\">\r\n\t\t<div class=\"w-grid-item-h\">\r\n\t\t\t\t\t\t\t<a ref=\"magnificPopupGrid\" href=\"https:\/\/alaptechnology.pl\/wp-content\/uploads\/2025\/01\/us-placeholder-landscape-1-2.jpg\" class=\"w-grid-item-anchor\" aria-label=\"us-placeholder-landscape (1)\"><\/a>\r\n\t\t\t\t\t\t<div class=\"w-post-elm post_image usg_post_image_1 stretched\"><img loading=\"lazy\" decoding=\"async\" width=\"1024\" height=\"1024\" src=\"https:\/\/alaptechnology.pl\/wp-content\/uploads\/2025\/01\/us-placeholder-landscape-1-2-1024x1024.jpg\" class=\"attachment-large size-large\" alt=\"\" srcset=\"https:\/\/alaptechnology.pl\/wp-content\/uploads\/2025\/01\/us-placeholder-landscape-1-2-1024x1024.jpg 1024w, https:\/\/alaptechnology.pl\/wp-content\/uploads\/2025\/01\/us-placeholder-landscape-1-2-300x300.jpg 300w, https:\/\/alaptechnology.pl\/wp-content\/uploads\/2025\/01\/us-placeholder-landscape-1-2-150x150.jpg 150w, https:\/\/alaptechnology.pl\/wp-content\/uploads\/2025\/01\/us-placeholder-landscape-1-2.jpg 1600w\" sizes=\"auto, (max-width: 1024px) 100vw, 1024px\" \/><\/div>\t\t<\/div>\r\n\t\t\t<\/article>\r\n\t<article class=\"w-grid-item post-2816 attachment type-attachment status-inherit hentry\" data-id=\"2816\">\r\n\t\t<div class=\"w-grid-item-h\">\r\n\t\t\t\t\t\t\t<a ref=\"magnificPopupGrid\" href=\"https:\/\/alaptechnology.pl\/wp-content\/uploads\/2025\/01\/us-placeholder-landscape-1-1.jpg\" class=\"w-grid-item-anchor\" aria-label=\"us-placeholder-landscape (1)\"><\/a>\r\n\t\t\t\t\t\t<div class=\"w-post-elm post_image usg_post_image_1 stretched\"><img loading=\"lazy\" decoding=\"async\" width=\"1024\" height=\"1024\" src=\"https:\/\/alaptechnology.pl\/wp-content\/uploads\/2025\/01\/us-placeholder-landscape-1-1-1024x1024.jpg\" class=\"attachment-large size-large\" alt=\"\" srcset=\"https:\/\/alaptechnology.pl\/wp-content\/uploads\/2025\/01\/us-placeholder-landscape-1-1-1024x1024.jpg 1024w, https:\/\/alaptechnology.pl\/wp-content\/uploads\/2025\/01\/us-placeholder-landscape-1-1-300x300.jpg 300w, https:\/\/alaptechnology.pl\/wp-content\/uploads\/2025\/01\/us-placeholder-landscape-1-1-150x150.jpg 150w, https:\/\/alaptechnology.pl\/wp-content\/uploads\/2025\/01\/us-placeholder-landscape-1-1.jpg 1600w\" sizes=\"auto, (max-width: 1024px) 100vw, 1024px\" \/><\/div>\t\t<\/div>\r\n\t\t\t<\/article>\r\n\t<article class=\"w-grid-item post-2815 attachment type-attachment status-inherit hentry\" data-id=\"2815\">\r\n\t\t<div class=\"w-grid-item-h\">\r\n\t\t\t\t\t\t\t<a ref=\"magnificPopupGrid\" href=\"https:\/\/alaptechnology.pl\/wp-content\/uploads\/2025\/01\/us-placeholder-landscape-1.jpg\" class=\"w-grid-item-anchor\" aria-label=\"us-placeholder-landscape (1)\"><\/a>\r\n\t\t\t\t\t\t<div class=\"w-post-elm post_image usg_post_image_1 stretched\"><img loading=\"lazy\" decoding=\"async\" width=\"1024\" height=\"1024\" src=\"https:\/\/alaptechnology.pl\/wp-content\/uploads\/2025\/01\/us-placeholder-landscape-1-1024x1024.jpg\" class=\"attachment-large size-large\" alt=\"\" srcset=\"https:\/\/alaptechnology.pl\/wp-content\/uploads\/2025\/01\/us-placeholder-landscape-1-1024x1024.jpg 1024w, https:\/\/alaptechnology.pl\/wp-content\/uploads\/2025\/01\/us-placeholder-landscape-1-300x300.jpg 300w, https:\/\/alaptechnology.pl\/wp-content\/uploads\/2025\/01\/us-placeholder-landscape-1-150x150.jpg 150w, https:\/\/alaptechnology.pl\/wp-content\/uploads\/2025\/01\/us-placeholder-landscape-1.jpg 1600w\" sizes=\"auto, (max-width: 1024px) 100vw, 1024px\" \/><\/div>\t\t<\/div>\r\n\t\t\t<\/article>\r\n\t<article class=\"w-grid-item post-2813 attachment type-attachment status-inherit hentry\" data-id=\"2813\">\r\n\t\t<div class=\"w-grid-item-h\">\r\n\t\t\t\t\t\t\t<a ref=\"magnificPopupGrid\" href=\"https:\/\/alaptechnology.pl\/wp-content\/uploads\/2025\/01\/us-placeholder-square-1-1.jpg\" class=\"w-grid-item-anchor\" aria-label=\"us-placeholder-square (1)\"><\/a>\r\n\t\t\t\t\t\t<div class=\"w-post-elm post_image usg_post_image_1 stretched\"><img loading=\"lazy\" decoding=\"async\" width=\"1024\" height=\"1024\" src=\"https:\/\/alaptechnology.pl\/wp-content\/uploads\/2025\/01\/us-placeholder-square-1-1-1024x1024.jpg\" class=\"attachment-large size-large\" alt=\"\" srcset=\"https:\/\/alaptechnology.pl\/wp-content\/uploads\/2025\/01\/us-placeholder-square-1-1-1024x1024.jpg 1024w, https:\/\/alaptechnology.pl\/wp-content\/uploads\/2025\/01\/us-placeholder-square-1-1-300x300.jpg 300w, https:\/\/alaptechnology.pl\/wp-content\/uploads\/2025\/01\/us-placeholder-square-1-1-150x150.jpg 150w, https:\/\/alaptechnology.pl\/wp-content\/uploads\/2025\/01\/us-placeholder-square-1-1.jpg 1600w\" sizes=\"auto, (max-width: 1024px) 100vw, 1024px\" \/><\/div>\t\t<\/div>\r\n\t\t\t<\/article>\r\n\t<article class=\"w-grid-item post-2812 attachment type-attachment status-inherit hentry\" data-id=\"2812\">\r\n\t\t<div class=\"w-grid-item-h\">\r\n\t\t\t\t\t\t\t<a ref=\"magnificPopupGrid\" href=\"https:\/\/alaptechnology.pl\/wp-content\/uploads\/2025\/01\/us-placeholder-square-1.jpg\" class=\"w-grid-item-anchor\" aria-label=\"us-placeholder-square (1)\"><\/a>\r\n\t\t\t\t\t\t<div class=\"w-post-elm post_image usg_post_image_1 stretched\"><img loading=\"lazy\" decoding=\"async\" width=\"1024\" height=\"1024\" src=\"https:\/\/alaptechnology.pl\/wp-content\/uploads\/2025\/01\/us-placeholder-square-1-1024x1024.jpg\" class=\"attachment-large size-large\" alt=\"\" srcset=\"https:\/\/alaptechnology.pl\/wp-content\/uploads\/2025\/01\/us-placeholder-square-1-1024x1024.jpg 1024w, https:\/\/alaptechnology.pl\/wp-content\/uploads\/2025\/01\/us-placeholder-square-1-300x300.jpg 300w, https:\/\/alaptechnology.pl\/wp-content\/uploads\/2025\/01\/us-placeholder-square-1-150x150.jpg 150w, https:\/\/alaptechnology.pl\/wp-content\/uploads\/2025\/01\/us-placeholder-square-1.jpg 1600w\" sizes=\"auto, (max-width: 1024px) 100vw, 1024px\" \/><\/div>\t\t<\/div>\r\n\t\t\t<\/article>\r\n\t<article class=\"w-grid-item post-1877 attachment type-attachment status-inherit hentry\" data-id=\"1877\">\r\n\t\t<div class=\"w-grid-item-h\">\r\n\t\t\t\t\t\t\t<a ref=\"magnificPopupGrid\" href=\"https:\/\/alaptechnology.pl\/wp-content\/uploads\/2021\/12\/us-placeholder-landscape.jpg\" class=\"w-grid-item-anchor\" aria-label><\/a>\r\n\t\t\t\t\t\t<div class=\"w-post-elm post_image usg_post_image_1 stretched\"><img loading=\"lazy\" decoding=\"async\" width=\"1024\" height=\"1024\" src=\"https:\/\/alaptechnology.pl\/wp-content\/uploads\/2021\/12\/us-placeholder-landscape-1024x1024.jpg\" class=\"attachment-large size-large\" alt=\"\" srcset=\"https:\/\/alaptechnology.pl\/wp-content\/uploads\/2021\/12\/us-placeholder-landscape-1024x1024.jpg 1024w, https:\/\/alaptechnology.pl\/wp-content\/uploads\/2021\/12\/us-placeholder-landscape-300x300.jpg 300w, https:\/\/alaptechnology.pl\/wp-content\/uploads\/2021\/12\/us-placeholder-landscape-150x150.jpg 150w, https:\/\/alaptechnology.pl\/wp-content\/uploads\/2021\/12\/us-placeholder-landscape.jpg 1600w\" sizes=\"auto, (max-width: 1024px) 100vw, 1024px\" \/><\/div>\t\t<\/div>\r\n\t\t\t<\/article>\r\n\t<article class=\"w-grid-item post-1851 attachment type-attachment status-inherit hentry\" data-id=\"1851\">\r\n\t\t<div class=\"w-grid-item-h\">\r\n\t\t\t\t\t\t\t<a ref=\"magnificPopupGrid\" href=\"https:\/\/alaptechnology.pl\/wp-content\/uploads\/2021\/12\/us-placeholder-square.jpg\" class=\"w-grid-item-anchor\" aria-label=\"Square image placeholder\"><\/a>\r\n\t\t\t\t\t\t<div class=\"w-post-elm post_image usg_post_image_1 stretched\"><img loading=\"lazy\" decoding=\"async\" width=\"1024\" height=\"1024\" src=\"https:\/\/alaptechnology.pl\/wp-content\/uploads\/2021\/12\/us-placeholder-square-1024x1024.jpg\" class=\"attachment-large size-large\" alt=\"\" srcset=\"https:\/\/alaptechnology.pl\/wp-content\/uploads\/2021\/12\/us-placeholder-square-1024x1024.jpg 1024w, https:\/\/alaptechnology.pl\/wp-content\/uploads\/2021\/12\/us-placeholder-square-300x300.jpg 300w, https:\/\/alaptechnology.pl\/wp-content\/uploads\/2021\/12\/us-placeholder-square-150x150.jpg 150w, https:\/\/alaptechnology.pl\/wp-content\/uploads\/2021\/12\/us-placeholder-square.jpg 1600w\" sizes=\"auto, (max-width: 1024px) 100vw, 1024px\" \/><\/div>\t\t<\/div>\r\n\t\t\t<\/article>\r\n<\/div>\t<div class=\"g-preloader type_1\">\r\n\t\t<div><\/div>\r\n\t<\/div>\r\n\t\t<div class=\"w-grid-json hidden\" onclick='return {&quot;action&quot;:&quot;us_ajax_grid&quot;,&quot;infinite_scroll&quot;:0,&quot;max_num_pages&quot;:1,&quot;pagination&quot;:&quot;none&quot;,&quot;template_vars&quot;:{&quot;columns&quot;:&quot;&quot;,&quot;exclude_items&quot;:&quot;none&quot;,&quot;img_size&quot;:&quot;default&quot;,&quot;ignore_items_size&quot;:0,&quot;items_layout&quot;:&quot;2720&quot;,&quot;items_offset&quot;:&quot;0px&quot;,&quot;load_animation&quot;:&quot;none&quot;,&quot;overriding_link&quot;:&quot;%7B%22type%22%3A%22popup_image%22%7D&quot;,&quot;post_id&quot;:0,&quot;query_args&quot;:{&quot;post_type&quot;:[&quot;attachment&quot;],&quot;post__in&quot;:[&quot;2818&quot;,&quot;2817&quot;,&quot;2816&quot;,&quot;2815&quot;,&quot;2813&quot;,&quot;2812&quot;,&quot;1877&quot;,&quot;1851&quot;],&quot;post_status&quot;:&quot;inherit&quot;,&quot;post_mime_type&quot;:&quot;image&quot;,&quot;posts_per_page&quot;:&quot;50&quot;},&quot;orderby_query_args&quot;:{&quot;orderby&quot;:{&quot;date&quot;:&quot;DESC&quot;}},&quot;type&quot;:&quot;carousel&quot;,&quot;us_grid_post_type&quot;:&quot;attachment&quot;,&quot;us_grid_ajax_index&quot;:1,&quot;us_grid_filter_query_string&quot;:null,&quot;us_grid_index&quot;:1,&quot;page_args&quot;:[]},&quot;carousel_settings&quot;:{&quot;aria_labels&quot;:{&quot;prev&quot;:&quot;Previous&quot;,&quot;next&quot;:&quot;Next&quot;},&quot;autoplayContinual&quot;:false,&quot;autoplayHoverPause&quot;:false,&quot;autoplayTimeout&quot;:3000,&quot;smartSpeed&quot;:350,&quot;margin&quot;:0,&quot;mouseDrag&quot;:true,&quot;rtl&quot;:false,&quot;slideBy&quot;:&quot;1&quot;,&quot;touchDrag&quot;:true,&quot;slideTransition&quot;:&quot;&quot;,&quot;responsive&quot;:{&quot;0&quot;:{&quot;autoHeight&quot;:false,&quot;autoplay&quot;:false,&quot;autoWidth&quot;:false,&quot;center&quot;:false,&quot;dots&quot;:false,&quot;items&quot;:1,&quot;loop&quot;:false,&quot;nav&quot;:false,&quot;stagePadding&quot;:0},&quot;601&quot;:{&quot;items&quot;:3,&quot;autoplay&quot;:false,&quot;center&quot;:false,&quot;dots&quot;:true,&quot;nav&quot;:true,&quot;autoHeight&quot;:false,&quot;autoWidth&quot;:false,&quot;loop&quot;:true,&quot;stagePadding&quot;:0}}}}'><\/div>\r\n\t<\/div><\/div><\/div><\/div><\/div><\/section><section class=\"l-section wpb_row height_auto width_full\" id=\"bcols\"><div class=\"l-section-h i-cf\"><div class=\"g-cols vc_row via_grid cols_3 laptops-cols_inherit tablets-cols_1 mobiles-cols_1 valign_middle type_default\" style=\"--gap:0rem;\"><div class=\"wpb_column vc_column_container us_custom_c13af3d5 has_text_color us_animate_this\"><div class=\"vc_column-overlay\" style=\"background:rgba(122,177,198,0.85)\"><\/div><div class=\"vc_column-inner\"><h2 class=\"w-text us_custom_bde1d67f\"><span class=\"w-text-h\"><span class=\"w-text-value\">Collaboration<\/span><\/span><\/h2><p class=\"w-text\"><span class=\"w-text-h\"><span class=\"w-text-value\">Learn how we take projects step by step to achieve success together.<\/span><\/span><\/p><div class=\"w-btn-wrapper align_none\"><a class=\"w-btn us-btn-style_1\" target=\"_blank\" href=\"https:\/\/alaptechnology.pl\/en\/wspolpraca\/\"><span class=\"w-btn-label\">Let's start working together<\/span><\/a><\/div><\/div><\/div><div class=\"wpb_column vc_column_container us_custom_55c9e6f8 has_text_color us_animate_this\"><div class=\"vc_column-overlay\" style=\"background:rgba(84,143,171,0.85)\"><\/div><div class=\"vc_column-inner\"><h2 class=\"w-text us_custom_bde1d67f\"><span class=\"w-text-h\"><span class=\"w-text-value\">Contact us<\/span><\/span><\/h2><p class=\"w-text\"><span class=\"w-text-h\"><span class=\"w-text-value\">Do you have questions or need help? We are here to answer your needs!<\/span><\/span><\/p><div class=\"w-btn-wrapper align_none\"><a class=\"w-btn us-btn-style_1 us_custom_db352830\" target=\"_blank\" href=\"https:\/\/alaptechnology.pl\/en\/kontakt\/\"><span class=\"w-btn-label\">Contact<\/span><\/a><\/div><\/div><\/div><div class=\"wpb_column vc_column_container us_custom_cc2b80f9 has_text_color us_animate_this\"><div class=\"vc_column-overlay\" style=\"background:rgba(46,59,82,0.85)\"><\/div><div class=\"vc_column-inner\"><h2 class=\"w-text us_custom_bde1d67f\"><span class=\"w-text-h\"><span class=\"w-text-value\">Inspiration and knowledge<\/span><\/span><\/h2><p class=\"w-text\"><span class=\"w-text-h\"><span class=\"w-text-value\">Visit our blog and discover interesting articles that can inspire you.<\/span><\/span><\/p><div class=\"w-btn-wrapper align_none\"><a class=\"w-btn us-btn-style_1\" target=\"_blank\" href=\"https:\/\/alaptechnology.pl\/en\/blog\/\"><span class=\"w-btn-label\">View entries<\/span><\/a><\/div><\/div><\/div><\/div><\/div><\/section>","protected":false},"excerpt":{"rendered":"","protected":false},"author":1,"featured_media":0,"parent":1901,"menu_order":0,"comment_status":"closed","ping_status":"closed","template":"","meta":{"footnotes":""},"class_list":["post-2703","page","type-page","status-publish","hentry"],"aioseo_notices":[],"_links":{"self":[{"href":"https:\/\/alaptechnology.pl\/en\/wp-json\/wp\/v2\/pages\/2703","targetHints":{"allow":["GET"]}}],"collection":[{"href":"https:\/\/alaptechnology.pl\/en\/wp-json\/wp\/v2\/pages"}],"about":[{"href":"https:\/\/alaptechnology.pl\/en\/wp-json\/wp\/v2\/types\/page"}],"author":[{"embeddable":true,"href":"https:\/\/alaptechnology.pl\/en\/wp-json\/wp\/v2\/users\/1"}],"replies":[{"embeddable":true,"href":"https:\/\/alaptechnology.pl\/en\/wp-json\/wp\/v2\/comments?post=2703"}],"version-history":[{"count":111,"href":"https:\/\/alaptechnology.pl\/en\/wp-json\/wp\/v2\/pages\/2703\/revisions"}],"predecessor-version":[{"id":3367,"href":"https:\/\/alaptechnology.pl\/en\/wp-json\/wp\/v2\/pages\/2703\/revisions\/3367"}],"up":[{"embeddable":true,"href":"https:\/\/alaptechnology.pl\/en\/wp-json\/wp\/v2\/pages\/1901"}],"wp:attachment":[{"href":"https:\/\/alaptechnology.pl\/en\/wp-json\/wp\/v2\/media?parent=2703"}],"curies":[{"name":"wp","href":"https:\/\/api.w.org\/{rel}","templated":true}]}}