{"id":2085,"date":"2025-01-05T16:45:52","date_gmt":"2025-01-05T15:45:52","guid":{"rendered":"https:\/\/alap.sorzechowski.pl\/?page_id=2085"},"modified":"2025-08-05T14:28:38","modified_gmt":"2025-08-05T12:28:38","slug":"przemysl-miesny","status":"publish","type":"page","link":"https:\/\/alaptechnology.pl\/en\/przemysl-miesny\/","title":{"rendered":"Meat industry"},"content":{"rendered":"<section class=\"l-section wpb_row us_custom_103975eb height_large full_height valign_center color_footer-bottom\"><div class=\"l-section-h i-cf\"><div class=\"g-cols vc_row via_grid cols_2-3 laptops-cols_inherit tablets-cols_1 mobiles-cols_1 valign_middle type_default stacking_default\" style=\"--gap:5vw;\"><div class=\"wpb_column vc_column_container\"><div class=\"vc_column-inner\"><div class=\"w-image us_custom_10d35ad7 style_shadow-2 has_height has_ratio align_none\"><div class=\"w-image-h\"><div style=\"padding-bottom:100%\"><\/div><div class=\"w-image-shadow\" style=\"background-image:url(https:\/\/alaptechnology.pl\/wp-content\/uploads\/2025\/08\/iStock-1140576892-1024x682.webp);\"><\/div><img decoding=\"async\" width=\"1024\" height=\"682\" src=\"https:\/\/alaptechnology.pl\/wp-content\/uploads\/2025\/08\/iStock-1140576892-1024x682.webp\" class=\"attachment-large size-large\" alt=\"przemys\u0142 mi\u0119sny\" loading=\"lazy\" \/><\/div><\/div><\/div><\/div><div class=\"wpb_column vc_column_container\"><div class=\"vc_column-inner\"><h1 class=\"w-text us_custom_2da24a5b has_text_color\"><span class=\"w-text-h\"><span class=\"w-text-value\">Roboty do przemys\u0142u mi\u0119snego<\/span><\/span><\/h1><div class=\"w-separator size_medium\"><\/div><div class=\"wpb_text_column us_custom_a5c88937\"><div class=\"wpb_wrapper\"><div class=\"wpb_text_column usb_custom_vc_column_text1\" data-=\"\">\n<div class=\"wpb_wrapper\">\n<p>Nasza firma dostarcza rozwi\u0105zania przemys\u0142owe zaprojektowane z my\u015bl\u0105 o utrzymaniu najwy\u017cszych standard\u00f3w pracy, r\u00f3wnie\u017c w \u015brodowiskach o zwi\u0119kszonej wra\u017cliwo\u015bci mikrobiologicznej. Projektowane przez nas roboty do przemys\u0142u mi\u0119snego nie tylko usprawniaj\u0105 przebieg operacji w ubojniach czy liniach porcjowania, lecz tak\u017ce u\u0142atwiaj\u0105 zachowanie re\u017cimu sanitarnego bez potrzeby przerywania cyklu produkcyjnego.<\/p>\n<\/div>\n<\/div>\n<\/div><\/div><\/div><\/div><\/div><\/div><\/section><section class=\"l-section wpb_row height_small\" id=\"section-08\"><div class=\"l-section-h i-cf\"><div class=\"g-cols vc_row via_grid cols_1 laptops-cols_inherit tablets-cols_inherit mobiles-cols_1 valign_top type_default stacking_default\"><div class=\"wpb_column vc_column_container\"><div class=\"vc_column-inner\"><div class=\"w-separator size_medium\"><\/div><div class=\"g-cols wpb_row via_grid cols_3 laptops-cols_2 tablets-cols_2 mobiles-cols_1 valign_top type_default\" style=\"--gap:3rem;\"><div class=\"wpb_column vc_column_container\"><div class=\"vc_column-inner\"><h3 class=\"w-text us_custom_4dbef7a8\"><span class=\"w-text-h\"><span class=\"w-text-value\">Slaughter lines \u2013 dirty section<\/span><\/span><\/h3><div class=\"w-separator size_small\"><\/div><div class=\"w-image style_shadow-2 has_ratio align_none\"><a target=\"_blank\" href=\"https:\/\/alaptechnology.pl\/en\/przemysl-miesny\/linia-brudna\/\" aria-label=\"the rare documented process of slaughtering in a german slaughtery\u2026\" class=\"w-image-h\"><div style=\"padding-bottom:66.6667%\"><\/div><div class=\"w-image-shadow\" style=\"background-image:url(https:\/\/alaptechnology.pl\/wp-content\/uploads\/2025\/05\/brudna.jpg);\"><\/div><img decoding=\"async\" width=\"725\" height=\"482\" src=\"https:\/\/alaptechnology.pl\/wp-content\/uploads\/2025\/05\/brudna.jpg\" class=\"attachment-large size-large\" alt=\"Cz\u0119\u015b\u0107 Brudna\" loading=\"lazy\" \/><\/a><\/div><div class=\"w-separator size_small\"><\/div><div class=\"wpb_text_column\"><div class=\"wpb_wrapper\"><p>Robust and hygienic slaughter lines designed for functionality and easy cleaning.<\/p>\n<\/div><\/div><div class=\"w-btn-wrapper align_center\"><a class=\"w-btn us-btn-style_1 us_custom_39013ea2\" target=\"_blank\" href=\"https:\/\/alaptechnology.pl\/en\/przemysl-miesny\/linia-brudna\/\"><span class=\"w-btn-label\">Check out the offer<\/span><\/a><\/div><\/div><\/div><div class=\"wpb_column vc_column_container us_custom_b3be410f\"><div class=\"vc_column-inner\"><h3 class=\"w-text us_custom_4dbef7a8\"><span class=\"w-text-h\"><span class=\"w-text-value\">Slaughter lines \u2013 clean area<\/span><\/span><\/h3><div class=\"w-separator size_small\"><\/div><div class=\"w-image style_shadow-2 has_ratio align_none\"><a target=\"_blank\" href=\"https:\/\/alaptechnology.pl\/en\/przemysl-miesny\/linie-czysta\/\" aria-label=\"Freshly slaughtered of cattle hanging on the hooks in a meat plant.\" class=\"w-image-h\"><div style=\"padding-bottom:66.6667%\"><\/div><div class=\"w-image-shadow\" style=\"background-image:url(https:\/\/alaptechnology.pl\/wp-content\/uploads\/2025\/05\/czysta.jpg);\"><\/div><img decoding=\"async\" width=\"724\" height=\"483\" src=\"https:\/\/alaptechnology.pl\/wp-content\/uploads\/2025\/05\/czysta.jpg\" class=\"attachment-large size-large\" alt=\"cz\u0119\u015b\u0107 czysta\" loading=\"lazy\" \/><\/a><\/div><div class=\"w-separator size_small\"><\/div><div class=\"wpb_text_column\"><div class=\"wpb_wrapper\"><p>Precisely designed lines for further processing, meeting the highest hygiene standards.<\/p>\n<\/div><\/div><div class=\"w-btn-wrapper align_center\"><a class=\"w-btn us-btn-style_1 us_custom_39013ea2\" target=\"_blank\" href=\"https:\/\/alaptechnology.pl\/en\/przemysl-miesny\/linie-czysta\/\"><span class=\"w-btn-label\">Check out the offer<\/span><\/a><\/div><\/div><\/div><div class=\"wpb_column vc_column_container\"><div class=\"vc_column-inner\"><h3 class=\"w-text us_custom_4dbef7a8\"><span class=\"w-text-h\"><span class=\"w-text-value\">Cutting and deboning lines<\/span><\/span><\/h3><div class=\"w-separator size_small\"><\/div><div class=\"w-image style_shadow-2 has_ratio align_none\"><a target=\"_blank\" href=\"https:\/\/alaptechnology.pl\/en\/przemysl-miesny\/linie-rozbiorowe-i-odkastniania\/\" aria-label=\"Pracownik kroi \u017cebra na stole w ubojni\" class=\"w-image-h\"><div style=\"padding-bottom:66.6667%\"><\/div><div class=\"w-image-shadow\" style=\"background-image:url(https:\/\/alaptechnology.pl\/wp-content\/uploads\/2025\/03\/iStock-1049948676-1024x683.jpg);\"><\/div><img decoding=\"async\" width=\"1024\" height=\"683\" src=\"https:\/\/alaptechnology.pl\/wp-content\/uploads\/2025\/03\/iStock-1049948676-1024x683.jpg\" class=\"attachment-large size-large\" alt=\"Pracownik kroi \u017cebra na stole w ubojni\" loading=\"lazy\" \/><\/a><\/div><div class=\"w-separator size_small\"><\/div><div class=\"wpb_text_column\"><div class=\"wpb_wrapper\"><p>Advanced systems supporting the process of cutting and removing bones, minimizing raw material waste.<\/p>\n<\/div><\/div><div class=\"w-btn-wrapper align_center\"><a class=\"w-btn us-btn-style_1 us_custom_39013ea2\" target=\"_blank\" href=\"https:\/\/alaptechnology.pl\/en\/przemysl-miesny\/linie-rozbiorowe-i-odkastniania\/\"><span class=\"w-btn-label\">Check out the offer<\/span><\/a><\/div><\/div><\/div><div class=\"wpb_column vc_column_container\"><div class=\"vc_column-inner\"><h3 class=\"w-text us_custom_4dbef7a8\"><span class=\"w-text-h\"><span class=\"w-text-value\">Overhead transportation<\/span><\/span><\/h3><div class=\"w-separator size_small\"><\/div><div class=\"w-image style_shadow-2 has_ratio align_none\"><a target=\"_blank\" href=\"https:\/\/alaptechnology.pl\/en\/przemysl-miesny\/transport-podwieszany\/\" aria-label=\"Tusze wieprzowe na hakach w ch\u0142odni przemys\u0142owej\" class=\"w-image-h\"><div style=\"padding-bottom:66.6667%\"><\/div><div class=\"w-image-shadow\" style=\"background-image:url(https:\/\/alaptechnology.pl\/wp-content\/uploads\/2025\/03\/iStock-1160714767-1024x683.jpg);\"><\/div><img decoding=\"async\" width=\"1024\" height=\"683\" src=\"https:\/\/alaptechnology.pl\/wp-content\/uploads\/2025\/03\/iStock-1160714767-1024x683.jpg\" class=\"attachment-large size-large\" alt=\"Tusze wieprzowe na hakach w ch\u0142odni przemys\u0142owej\" loading=\"lazy\" \/><\/a><\/div><div class=\"w-separator size_small\"><\/div><div class=\"wpb_text_column\"><div class=\"wpb_wrapper\"><p>Efficient transportation and storage systems for meat products in a controlled refrigerated environment.<\/p>\n<\/div><\/div><div class=\"w-btn-wrapper align_center\"><a class=\"w-btn us-btn-style_1 us_custom_39013ea2\" target=\"_blank\" href=\"https:\/\/alaptechnology.pl\/en\/przemysl-miesny\/transport-podwieszany\/\"><span class=\"w-btn-label\">Check out the offer<\/span><\/a><\/div><\/div><\/div><div class=\"wpb_column vc_column_container\"><div class=\"vc_column-inner\"><h3 class=\"w-text us_custom_4dbef7a8\"><span class=\"w-text-h\"><span class=\"w-text-value\">Vacuum transportation of waste<\/span><\/span><\/h3><div class=\"w-separator size_small\"><\/div><div class=\"w-image style_shadow-2 has_ratio align_none\"><a target=\"_blank\" href=\"https:\/\/alaptechnology.pl\/en\/przemysl-miesny\/transport-prozniowy-odpadow\/\" aria-label=\"pompa\" class=\"w-image-h\"><div style=\"padding-bottom:66.6667%\"><\/div><div class=\"w-image-shadow\" style=\"background-image:url(https:\/\/alaptechnology.pl\/wp-content\/uploads\/2025\/05\/pompa-1024x562.jpg);\"><\/div><img decoding=\"async\" width=\"1024\" height=\"562\" src=\"https:\/\/alaptechnology.pl\/wp-content\/uploads\/2025\/05\/pompa-1024x562.jpg\" class=\"attachment-large size-large\" alt=\"\" loading=\"lazy\" \/><\/a><\/div><div class=\"w-separator size_small\"><\/div><div class=\"wpb_text_column\"><div class=\"wpb_wrapper\"><p>Innovative solutions for the safe and hygienic management of production waste.<\/p>\n<\/div><\/div><div class=\"w-btn-wrapper align_center\"><a class=\"w-btn us-btn-style_1 us_custom_39013ea2\" target=\"_blank\" href=\"https:\/\/alaptechnology.pl\/en\/przemysl-miesny\/transport-prozniowy-odpadow\/\"><span class=\"w-btn-label\">Check out the offer<\/span><\/a><\/div><\/div><\/div><div class=\"wpb_column vc_column_container\"><div class=\"vc_column-inner\"><h3 class=\"w-text us_custom_4dbef7a8\"><span class=\"w-text-h\"><span class=\"w-text-value\">Technological line components<\/span><\/span><\/h3><div class=\"w-separator size_small\"><\/div><div class=\"w-image style_shadow-2 has_ratio align_none\"><a target=\"_blank\" href=\"https:\/\/alaptechnology.pl\/en\/przemysl-miesny\/technologiczne-elementy-linii\/\" aria-label=\"Zrzut_ekranu_2025-03-03_232253-removebg-preview\" class=\"w-image-h\"><div style=\"padding-bottom:66.6667%\"><\/div><div class=\"w-image-shadow\" style=\"background-image:url(https:\/\/alaptechnology.pl\/wp-content\/uploads\/2025\/03\/Zrzut_ekranu_2025-03-03_232253-removebg-preview.png);\"><\/div><img decoding=\"async\" width=\"655\" height=\"381\" src=\"https:\/\/alaptechnology.pl\/wp-content\/uploads\/2025\/03\/Zrzut_ekranu_2025-03-03_232253-removebg-preview.png\" class=\"attachment-large size-large\" alt=\"Technologiczny element linii\" loading=\"lazy\" \/><\/a><\/div><div class=\"w-separator size_small\"><\/div><div class=\"wpb_text_column\"><div class=\"wpb_wrapper\"><p>Efficiency and hygiene in the meat industry \u2013 our solutions improve the transportation and sorting of products.<\/p>\n<\/div><\/div><div class=\"w-btn-wrapper align_center\"><a class=\"w-btn us-btn-style_1 us_custom_39013ea2\" target=\"_blank\" href=\"https:\/\/alaptechnology.pl\/en\/przemysl-miesny\/technologiczne-elementy-linii\/\"><span class=\"w-btn-label\">Check out the offer<\/span><\/a><\/div><\/div><\/div><\/div><\/div><\/div><\/div><\/div><\/section><section class=\"l-section wpb_row height_medium\"><div class=\"l-section-h i-cf\"><div class=\"g-cols vc_row via_grid cols_1 laptops-cols_inherit tablets-cols_inherit mobiles-cols_1 valign_top type_default stacking_default\"><div class=\"wpb_column vc_column_container\"><div class=\"vc_column-inner\"><div class=\"wpb_text_column\"><div class=\"wpb_wrapper\"><h2>Automatyzacja proces\u00f3w obr\u00f3bki mi\u0119sa<\/h2>\n<p>Z\u0142o\u017cono\u015b\u0107 operacji przetw\u00f3rczych wymaga rozwi\u0105za\u0144 dopasowanych do rzeczywistych warunk\u00f3w zak\u0142adu. Automatyzacja proces\u00f3w obr\u00f3bki mi\u0119sa obejmuje oprzyrz\u0105dowanie umo\u017cliwiaj\u0105ce precyzyjne porcjowanie, rozbi\u00f3r i transport surowca przy jednoczesnym ograniczeniu bezpo\u015bredniego kontaktu cz\u0142owieka z produktem. Systemy wprowadzone do hal produkcyjnych zwi\u0119kszaj\u0105 powtarzalno\u015b\u0107 dzia\u0142a\u0144, a tym samym ograniczaj\u0105 liczb\u0119 b\u0142\u0119d\u00f3w ludzkich i strat materia\u0142owych.<\/p>\n<h2>Roboty do przemys\u0142u mi\u0119snego<\/h2>\n<p>Wsp\u00f3\u0142czesne linie produkcyjne w bran\u017cy mi\u0119snej coraz cz\u0119\u015bciej wspierane s\u0105 przez roboty do przemys\u0142u mi\u0119snego, kt\u00f3re realizuj\u0105 zadania z precyzj\u0105 trudn\u0105 do osi\u0105gni\u0119cia w warunkach manualnych. Nasze rozwi\u0105zania obejmuj\u0105 automatyczne systemy za\u0142adunku, pakowania czy paletyzacji \u2013 konstrukcyjnie przystosowane do pracy w \u015brodowisku o podwy\u017cszonej wilgotno\u015bci i wymagaj\u0105cej regularnej dezynfekcji. Integracja robot\u00f3w pozwala nie tylko na redukcj\u0119 koszt\u00f3w operacyjnych, ale te\u017c na lepsze wykorzystanie dost\u0119pnej przestrzeni technologicznej.<\/p>\n<h2>Budowa transporter\u00f3w dla przemys\u0142u mi\u0119snego<\/h2>\n<p>Transport wewn\u0119trzny w zak\u0142adach mi\u0119snych stanowi nieodzowny element zachowania ci\u0105g\u0142o\u015bci procesu oraz kontroli nad strumieniem surowca. Budowa transporter\u00f3w dla przemys\u0142u mi\u0119snego, opiera si\u0119 na rozwi\u0105zaniach dostosowanych do intensywnej eksploatacji \u2013 w tym przeno\u015bnikach ta\u015bmowych, podwieszanych i systemach pr\u00f3\u017cniowego usuwania odpad\u00f3w. Modu\u0142owa konstrukcja pozwala precyzyjnie dopasowa\u0107 uk\u0142ad do architektury hali, a u\u017cycie materia\u0142\u00f3w nierdzewnych eliminuje problemy zwi\u0105zane z korozj\u0105 i zabrudzeniami technologicznymi.<\/p>\n<h2>Automatyzacja zak\u0142ad\u00f3w mi\u0119snych jako inwestycja w stabilno\u015b\u0107<\/h2>\n<p>Rozw\u00f3j technologiczny w bran\u017cy spo\u017cywczej wymaga partnerskiego podej\u015bcia do wdra\u017cania zmian. Automatyzacja zak\u0142ad\u00f3w mi\u0119snych, nie ogranicza si\u0119 do dostarczania pojedynczych urz\u0105dze\u0144 \u2013 to sp\u00f3jne systemy oparte na analizie warunk\u00f3w lokalnych oraz specyfiki produkcji. Dzi\u0119ki do\u015bwiadczeniu in\u017cynier\u00f3w i indywidualnemu podej\u015bciu do ka\u017cdego projektu, mo\u017cliwe staje si\u0119 wdro\u017cenie rozwi\u0105za\u0144, kt\u00f3re realnie poprawiaj\u0105 jako\u015b\u0107 pracy i odporno\u015b\u0107 proces\u00f3w na zmienno\u015b\u0107 rynkow\u0105.<\/p>\n<\/div><\/div><\/div><\/div><\/div><\/div><\/section><section class=\"l-section wpb_row us_custom_50cc7d67 height_medium\" id=\"section-21\"><div class=\"l-section-h i-cf\"><div class=\"g-cols vc_row via_grid cols_1 laptops-cols_inherit tablets-cols_inherit mobiles-cols_1 valign_top type_default stacking_default\" style=\"--gap:5rem;\"><div class=\"wpb_column vc_column_container us_custom_ceb30492 has_text_color has_bg_color\"><div class=\"vc_column-inner\"><div class=\"g-cols wpb_row via_grid cols_2 laptops-cols_inherit tablets-cols_inherit mobiles-cols_1 valign_middle type_default stacking_default\" style=\"--gap:0px;\"><div class=\"wpb_column vc_column_container us_custom_62280b32\"><div class=\"vc_column-inner\"><div class=\"wpb_text_column\"><div class=\"wpb_wrapper\"><h2>Projects<\/h2>\n<p>See how our solutions are changing industries - check out our implementations!<\/p>\n<\/div><\/div><div class=\"w-separator size_small\"><\/div><div class=\"w-btn-wrapper align_none\"><a class=\"w-btn us-btn-style_1 icon_atright\" href=\"https:\/\/alaptechnology.pl\/en\/nasze-realizacje\/\"><span class=\"w-btn-label\">Our realizations<\/span><i class=\"fas fa-arrow-right\"><\/i><\/a><\/div><\/div><\/div><div class=\"wpb_column vc_column_container us_custom_80fbe524\"><div class=\"vc_column-inner\"><div class=\"w-image us_custom_6d149020 has_ratio align_none\"><div class=\"w-image-h\"><div style=\"padding-bottom:66.6667%\"><\/div><img decoding=\"async\" width=\"1024\" height=\"683\" src=\"https:\/\/alaptechnology.pl\/wp-content\/uploads\/2025\/01\/4182-1024x683.jpg\" class=\"attachment-large size-large\" alt=\"M\u0119\u017cczyzna stoj\u0105cy przy maszynie\" loading=\"lazy\" \/><\/div><\/div><\/div><\/div><\/div><\/div><\/div><\/div><\/div><\/section><section class=\"l-section wpb_row height_auto width_full\" id=\"bcols\"><div class=\"l-section-h i-cf\"><div class=\"g-cols vc_row via_grid cols_3 laptops-cols_inherit tablets-cols_1 mobiles-cols_1 valign_middle type_default\" style=\"--gap:0rem;\"><div class=\"wpb_column vc_column_container us_custom_c13af3d5 has_text_color us_animate_this\"><div class=\"vc_column-overlay\" style=\"background:rgba(122,177,198,0.85)\"><\/div><div class=\"vc_column-inner\"><h2 class=\"w-text us_custom_bde1d67f\"><span class=\"w-text-h\"><span class=\"w-text-value\">Collaboration<\/span><\/span><\/h2><p class=\"w-text\"><span class=\"w-text-h\"><span class=\"w-text-value\">Learn how we take projects step by step to achieve success together.<\/span><\/span><\/p><div class=\"w-btn-wrapper align_none\"><a class=\"w-btn us-btn-style_1\" target=\"_blank\" href=\"https:\/\/alaptechnology.pl\/en\/wspolpraca\/\"><span class=\"w-btn-label\">Let's start working together<\/span><\/a><\/div><\/div><\/div><div class=\"wpb_column vc_column_container us_custom_55c9e6f8 has_text_color us_animate_this\"><div class=\"vc_column-overlay\" style=\"background:rgba(84,143,171,0.85)\"><\/div><div class=\"vc_column-inner\"><h2 class=\"w-text us_custom_bde1d67f\"><span class=\"w-text-h\"><span class=\"w-text-value\">Contact us<\/span><\/span><\/h2><p class=\"w-text\"><span class=\"w-text-h\"><span class=\"w-text-value\">Do you have questions or need help? We are here to answer your needs!<\/span><\/span><\/p><div class=\"w-btn-wrapper align_none\"><a class=\"w-btn us-btn-style_1 us_custom_db352830\" target=\"_blank\" href=\"https:\/\/alaptechnology.pl\/en\/kontakt\/\"><span class=\"w-btn-label\">Contact<\/span><\/a><\/div><\/div><\/div><div class=\"wpb_column vc_column_container us_custom_cc2b80f9 has_text_color us_animate_this\"><div class=\"vc_column-overlay\" style=\"background:rgba(46,59,82,0.85)\"><\/div><div class=\"vc_column-inner\"><h2 class=\"w-text us_custom_bde1d67f\"><span class=\"w-text-h\"><span class=\"w-text-value\">Inspiration and knowledge<\/span><\/span><\/h2><p class=\"w-text\"><span class=\"w-text-h\"><span class=\"w-text-value\">Visit our blog and discover interesting articles that can inspire you.<\/span><\/span><\/p><div class=\"w-btn-wrapper align_none\"><a class=\"w-btn us-btn-style_1\" target=\"_blank\" href=\"https:\/\/alaptechnology.pl\/en\/blog\/\"><span class=\"w-btn-label\">View entries<\/span><\/a><\/div><\/div><\/div><\/div><\/div><\/section>","protected":false},"excerpt":{"rendered":"","protected":false},"author":1,"featured_media":0,"parent":0,"menu_order":0,"comment_status":"closed","ping_status":"closed","template":"","meta":{"footnotes":""},"class_list":["post-2085","page","type-page","status-publish","hentry"],"aioseo_notices":[],"_links":{"self":[{"href":"https:\/\/alaptechnology.pl\/en\/wp-json\/wp\/v2\/pages\/2085","targetHints":{"allow":["GET"]}}],"collection":[{"href":"https:\/\/alaptechnology.pl\/en\/wp-json\/wp\/v2\/pages"}],"about":[{"href":"https:\/\/alaptechnology.pl\/en\/wp-json\/wp\/v2\/types\/page"}],"author":[{"embeddable":true,"href":"https:\/\/alaptechnology.pl\/en\/wp-json\/wp\/v2\/users\/1"}],"replies":[{"embeddable":true,"href":"https:\/\/alaptechnology.pl\/en\/wp-json\/wp\/v2\/comments?post=2085"}],"version-history":[{"count":39,"href":"https:\/\/alaptechnology.pl\/en\/wp-json\/wp\/v2\/pages\/2085\/revisions"}],"predecessor-version":[{"id":3913,"href":"https:\/\/alaptechnology.pl\/en\/wp-json\/wp\/v2\/pages\/2085\/revisions\/3913"}],"wp:attachment":[{"href":"https:\/\/alaptechnology.pl\/en\/wp-json\/wp\/v2\/media?parent=2085"}],"curies":[{"name":"wp","href":"https:\/\/api.w.org\/{rel}","templated":true}]}}