{"id":1901,"date":"2025-01-03T20:32:54","date_gmt":"2025-01-03T19:32:54","guid":{"rendered":"https:\/\/alap.sorzechowski.pl\/?page_id=1901"},"modified":"2025-02-17T00:15:15","modified_gmt":"2025-02-16T23:15:15","slug":"nasze-realizacje","status":"publish","type":"page","link":"https:\/\/alaptechnology.pl\/en\/nasze-realizacje\/","title":{"rendered":"Our realizations"},"content":{"rendered":"<section class=\"l-section wpb_row us_custom_81f21468 height_small\" id=\"section-08\"><div class=\"l-section-h i-cf\"><div class=\"g-cols vc_row via_grid cols_1 laptops-cols_inherit tablets-cols_inherit mobiles-cols_1 valign_top type_default stacking_default\"><div class=\"wpb_column vc_column_container\"><div class=\"vc_column-inner\"><div class=\"wpb_text_column us_custom_9b04bdf4\"><div class=\"wpb_wrapper\"><h2 style=\"text-align: center;\">Our realizations<\/h2>\n<p style=\"text-align: center;\">Our projects are proof that we treat every project with the utmost attention. See how our ideas bring our customers' visions to life.<\/p>\n<\/div><\/div><div class=\"w-separator size_large\"><\/div><div class=\"g-cols wpb_row via_grid cols_3 laptops-cols_2 tablets-cols_2 mobiles-cols_1 valign_top type_default\" style=\"--gap:3rem;\"><div class=\"wpb_column vc_column_container\"><div class=\"vc_column-inner\"><h3 class=\"w-text us_custom_4dbef7a8\"><span class=\"w-text-h\"><span class=\"w-text-value\">Automated palletizing solution<\/span><\/span><\/h3><div class=\"w-separator size_small\"><\/div><div class=\"w-image style_shadow-2 has_ratio align_none\"><a target=\"_blank\" href=\"https:\/\/alaptechnology.pl\/en\/nasze-realizacje\/zautomatyzowane-rozwiazanie-do-paletyzacji\/\" aria-label=\"Wysoka maszyna w zak\u0142adzie\" class=\"w-image-h\"><div style=\"padding-bottom:66.6667%\"><\/div><div class=\"w-image-shadow\" style=\"background-image:url(https:\/\/alaptechnology.pl\/wp-content\/uploads\/2025\/02\/Zrzut-ekranu-2025-02-16-233843.png);\"><\/div><img decoding=\"async\" width=\"866\" height=\"471\" src=\"https:\/\/alaptechnology.pl\/wp-content\/uploads\/2025\/02\/Zrzut-ekranu-2025-02-16-233843.png\" class=\"attachment-large size-large\" alt=\"Wysoka maszyna w zak\u0142adzie\" loading=\"lazy\" \/><\/a><\/div><div class=\"w-separator size_small\"><\/div><div class=\"wpb_text_column\"><div class=\"wpb_wrapper\"><p>Learn about a palletizing automation project for a sugar producer! Increased productivity, better quality and readiness for growth.<\/p>\n<\/div><\/div><div class=\"w-btn-wrapper align_center\"><a class=\"w-btn us-btn-style_1 us_custom_39013ea2\" target=\"_blank\" href=\"https:\/\/alaptechnology.pl\/en\/nasze-realizacje\/zautomatyzowane-rozwiazanie-do-paletyzacji\/\"><span class=\"w-btn-label\">Check out the project<\/span><\/a><\/div><\/div><\/div><div class=\"wpb_column vc_column_container\"><div class=\"vc_column-inner\"><h3 class=\"w-text us_custom_4dbef7a8\"><span class=\"w-text-h\"><span class=\"w-text-value\">Adaptation of systems to fire protection requirements<\/span><\/span><\/h3><div class=\"w-separator size_small\"><\/div><div class=\"w-image style_shadow-2 has_ratio align_none\"><a target=\"_blank\" href=\"https:\/\/alaptechnology.pl\/en\/nasze-realizacje\/dostosowanie-systemow-do-wymogow-przeciwpozarowych\/\" aria-label=\"Szare urz\u0105dzenia u\u0142o\u017cone w rz\u0119dzie\" class=\"w-image-h\"><div style=\"padding-bottom:66.6667%\"><\/div><div class=\"w-image-shadow\" style=\"background-image:url(https:\/\/alaptechnology.pl\/wp-content\/uploads\/2025\/02\/Zrzut-ekranu-2025-02-17-000612.png);\"><\/div><img decoding=\"async\" width=\"493\" height=\"656\" src=\"https:\/\/alaptechnology.pl\/wp-content\/uploads\/2025\/02\/Zrzut-ekranu-2025-02-17-000612.png\" class=\"attachment-large size-large\" alt=\"Szare urz\u0105dzenia u\u0142o\u017cone w rz\u0119dzie\" loading=\"lazy\" \/><\/a><\/div><div class=\"w-separator size_small\"><\/div><div class=\"wpb_text_column\"><div class=\"wpb_wrapper\"><p>New, safe and mobile dust bins \u2013 compliant with fire protection requirements and streamlining work.<\/p>\n<\/div><\/div><div class=\"w-btn-wrapper align_center\"><a class=\"w-btn us-btn-style_1 us_custom_39013ea2\" target=\"_blank\" href=\"https:\/\/alaptechnology.pl\/en\/nasze-realizacje\/dostosowanie-systemow-do-wymogow-przeciwpozarowych\/\"><span class=\"w-btn-label\">Check out the project<\/span><\/a><\/div><\/div><\/div><div class=\"wpb_column vc_column_container hide_on_default hide_on_laptops hide_on_tablets hide_on_mobiles\"><div class=\"vc_column-inner\"><h3 class=\"w-text us_custom_4dbef7a8\"><span class=\"w-text-h\"><span class=\"w-text-value\">Projekt numer 3<\/span><\/span><\/h3><div class=\"w-separator size_small\"><\/div><div class=\"w-image style_shadow-2 has_ratio align_none\"><div class=\"w-image-h\"><div style=\"padding-bottom:66.6667%\"><\/div><div class=\"w-image-shadow\" style=\"background-image:url(https:\/\/alaptechnology.pl\/wp-content\/plugins\/us-core\/assets\/images\/placeholder.svg);\"><\/div><img loading=\"lazy\" decoding=\"async\" class=\"g-placeholder\" src=\"https:\/\/alaptechnology.pl\/wp-content\/plugins\/us-core\/assets\/images\/placeholder.svg\" width=\"1024\" height=\"1024\" alt><\/div><\/div><div class=\"w-separator size_small\"><\/div><div class=\"wpb_text_column\"><div class=\"wpb_wrapper\"><p><strong>Lorem Ipsum<\/strong><span>\u00a0is simply dummy text of the printing and typesetting industry. Lorem Ipsum has been the industry&#8217;s standard<\/span><\/p>\n<\/div><\/div><div class=\"w-btn-wrapper align_center\"><a class=\"w-btn us-btn-style_1 us_custom_39013ea2\" href=\"#\"><span class=\"w-btn-label\">Check out the project<\/span><\/a><\/div><\/div><\/div><div class=\"wpb_column vc_column_container hide_on_default hide_on_laptops hide_on_tablets hide_on_mobiles\"><div class=\"vc_column-inner\"><h3 class=\"w-text us_custom_4dbef7a8\"><span class=\"w-text-h\"><span class=\"w-text-value\">Projekt numer 4<\/span><\/span><\/h3><div class=\"w-separator size_small\"><\/div><div class=\"w-image style_shadow-2 has_ratio align_none\"><div class=\"w-image-h\"><div style=\"padding-bottom:66.6667%\"><\/div><div class=\"w-image-shadow\" style=\"background-image:url(https:\/\/alaptechnology.pl\/wp-content\/plugins\/us-core\/assets\/images\/placeholder.svg);\"><\/div><img loading=\"lazy\" decoding=\"async\" class=\"g-placeholder\" src=\"https:\/\/alaptechnology.pl\/wp-content\/plugins\/us-core\/assets\/images\/placeholder.svg\" width=\"1024\" height=\"1024\" alt><\/div><\/div><div class=\"w-separator size_small\"><\/div><div class=\"wpb_text_column\"><div class=\"wpb_wrapper\"><p><strong>Lorem Ipsum<\/strong><span>\u00a0is simply dummy text of the printing and typesetting industry. Lorem Ipsum has been the industry&#8217;s standard<\/span><\/p>\n<\/div><\/div><div class=\"w-btn-wrapper align_center\"><a class=\"w-btn us-btn-style_1 us_custom_39013ea2\" href=\"#\"><span class=\"w-btn-label\">Check out the project<\/span><\/a><\/div><\/div><\/div><div class=\"wpb_column vc_column_container hide_on_default hide_on_laptops hide_on_tablets hide_on_mobiles\"><div class=\"vc_column-inner\"><h3 class=\"w-text us_custom_4dbef7a8\"><span class=\"w-text-h\"><span class=\"w-text-value\">Projekt numer 5<\/span><\/span><\/h3><div class=\"w-separator size_small\"><\/div><div class=\"w-image style_shadow-2 has_ratio align_none\"><div class=\"w-image-h\"><div style=\"padding-bottom:66.6667%\"><\/div><div class=\"w-image-shadow\" style=\"background-image:url(https:\/\/alaptechnology.pl\/wp-content\/plugins\/us-core\/assets\/images\/placeholder.svg);\"><\/div><img loading=\"lazy\" decoding=\"async\" class=\"g-placeholder\" src=\"https:\/\/alaptechnology.pl\/wp-content\/plugins\/us-core\/assets\/images\/placeholder.svg\" width=\"1024\" height=\"1024\" alt><\/div><\/div><div class=\"w-separator size_small\"><\/div><div class=\"wpb_text_column\"><div class=\"wpb_wrapper\"><p><strong>Lorem Ipsum<\/strong><span>\u00a0is simply dummy text of the printing and typesetting industry. Lorem Ipsum has been the industry&#8217;s standard<\/span><\/p>\n<\/div><\/div><div class=\"w-btn-wrapper align_center\"><a class=\"w-btn us-btn-style_1 us_custom_39013ea2\" href=\"#\"><span class=\"w-btn-label\">Check out the project<\/span><\/a><\/div><\/div><\/div><div class=\"wpb_column vc_column_container hide_on_default hide_on_laptops hide_on_tablets hide_on_mobiles\"><div class=\"vc_column-inner\"><h3 class=\"w-text us_custom_4dbef7a8\"><span class=\"w-text-h\"><span class=\"w-text-value\">Projekt numer 6<\/span><\/span><\/h3><div class=\"w-separator size_small\"><\/div><div class=\"w-image style_shadow-2 has_ratio align_none\"><div class=\"w-image-h\"><div style=\"padding-bottom:66.6667%\"><\/div><div class=\"w-image-shadow\" style=\"background-image:url(https:\/\/alaptechnology.pl\/wp-content\/plugins\/us-core\/assets\/images\/placeholder.svg);\"><\/div><img loading=\"lazy\" decoding=\"async\" class=\"g-placeholder\" src=\"https:\/\/alaptechnology.pl\/wp-content\/plugins\/us-core\/assets\/images\/placeholder.svg\" width=\"1024\" height=\"1024\" alt><\/div><\/div><div class=\"w-separator size_small\"><\/div><div class=\"wpb_text_column\"><div class=\"wpb_wrapper\"><p><strong>Lorem Ipsum<\/strong><span>\u00a0is simply dummy text of the printing and typesetting industry. Lorem Ipsum has been the industry&#8217;s standard<\/span>.<\/p>\n<\/div><\/div><div class=\"w-btn-wrapper align_center\"><a class=\"w-btn us-btn-style_1 us_custom_39013ea2\" href=\"#\"><span class=\"w-btn-label\">Check out the project<\/span><\/a><\/div><\/div><\/div><\/div><\/div><\/div><\/div><\/div><\/section><section class=\"l-section wpb_row height_auto width_full\" id=\"bcols\"><div class=\"l-section-h i-cf\"><div class=\"g-cols vc_row via_grid cols_3 laptops-cols_inherit tablets-cols_1 mobiles-cols_1 valign_middle type_default\" style=\"--gap:0rem;\"><div class=\"wpb_column vc_column_container us_custom_c13af3d5 has_text_color us_animate_this\"><div class=\"vc_column-overlay\" style=\"background:rgba(122,177,198,0.85)\"><\/div><div class=\"vc_column-inner\"><h2 class=\"w-text us_custom_bde1d67f\"><span class=\"w-text-h\"><span class=\"w-text-value\">Get to know us better<\/span><\/span><\/h2><p class=\"w-text\"><span class=\"w-text-h\"><span class=\"w-text-value\">Discover our passion for creating solutions that meet your needs and challenges!<\/span><\/span><\/p><div class=\"w-btn-wrapper align_none\"><a class=\"w-btn us-btn-style_1 us_custom_f58a0cb9\" target=\"_blank\" href=\"https:\/\/alaptechnology.pl\/en\/o-nas\/\"><span class=\"w-btn-label\">About us<\/span><\/a><\/div><\/div><\/div><div class=\"wpb_column vc_column_container us_custom_55c9e6f8 has_text_color us_animate_this\"><div class=\"vc_column-overlay\" style=\"background:rgba(84,143,171,0.85)\"><\/div><div class=\"vc_column-inner\"><h2 class=\"w-text us_custom_bde1d67f\"><span class=\"w-text-h\"><span class=\"w-text-value\">Contact us<\/span><\/span><\/h2><p class=\"w-text\"><span class=\"w-text-h\"><span class=\"w-text-value\">Do you have questions or need help? We are here to answer your needs!<\/span><\/span><\/p><div class=\"w-btn-wrapper align_none\"><a class=\"w-btn us-btn-style_1 us_custom_db352830\" target=\"_blank\" href=\"https:\/\/alaptechnology.pl\/en\/kontakt\/\"><span class=\"w-btn-label\">Contact<\/span><\/a><\/div><\/div><\/div><div class=\"wpb_column vc_column_container us_custom_cc2b80f9 has_text_color us_animate_this\"><div class=\"vc_column-overlay\" style=\"background:rgba(46,59,82,0.85)\"><\/div><div class=\"vc_column-inner\"><h2 class=\"w-text us_custom_bde1d67f\"><span class=\"w-text-h\"><span class=\"w-text-value\">Inspiration and knowledge<\/span><\/span><\/h2><p class=\"w-text\"><span class=\"w-text-h\"><span class=\"w-text-value\">Visit our blog and discover interesting articles that can inspire you.<\/span><\/span><\/p><div class=\"w-btn-wrapper align_none\"><a class=\"w-btn us-btn-style_1\" target=\"_blank\" href=\"https:\/\/alaptechnology.pl\/en\/blog\/\"><span class=\"w-btn-label\">View entries<\/span><\/a><\/div><\/div><\/div><\/div><\/div><\/section>","protected":false},"excerpt":{"rendered":"","protected":false},"author":1,"featured_media":0,"parent":0,"menu_order":0,"comment_status":"closed","ping_status":"closed","template":"","meta":{"footnotes":""},"class_list":["post-1901","page","type-page","status-publish","hentry"],"aioseo_notices":[],"_links":{"self":[{"href":"https:\/\/alaptechnology.pl\/en\/wp-json\/wp\/v2\/pages\/1901","targetHints":{"allow":["GET"]}}],"collection":[{"href":"https:\/\/alaptechnology.pl\/en\/wp-json\/wp\/v2\/pages"}],"about":[{"href":"https:\/\/alaptechnology.pl\/en\/wp-json\/wp\/v2\/types\/page"}],"author":[{"embeddable":true,"href":"https:\/\/alaptechnology.pl\/en\/wp-json\/wp\/v2\/users\/1"}],"replies":[{"embeddable":true,"href":"https:\/\/alaptechnology.pl\/en\/wp-json\/wp\/v2\/comments?post=1901"}],"version-history":[{"count":17,"href":"https:\/\/alaptechnology.pl\/en\/wp-json\/wp\/v2\/pages\/1901\/revisions"}],"predecessor-version":[{"id":3314,"href":"https:\/\/alaptechnology.pl\/en\/wp-json\/wp\/v2\/pages\/1901\/revisions\/3314"}],"wp:attachment":[{"href":"https:\/\/alaptechnology.pl\/en\/wp-json\/wp\/v2\/media?parent=1901"}],"curies":[{"name":"wp","href":"https:\/\/api.w.org\/{rel}","templated":true}]}}