{"id":1899,"date":"2025-01-03T20:32:19","date_gmt":"2025-01-03T19:32:19","guid":{"rendered":"https:\/\/alap.sorzechowski.pl\/?page_id=1899"},"modified":"2025-12-19T09:36:17","modified_gmt":"2025-12-19T08:36:17","slug":"uslugi","status":"publish","type":"page","link":"https:\/\/alaptechnology.pl\/en\/uslugi\/","title":{"rendered":"Services"},"content":{"rendered":"<section class=\"l-section wpb_row height_small\" id=\"section-08\"><div class=\"l-section-h i-cf\"><div class=\"g-cols vc_row via_grid cols_1 laptops-cols_inherit tablets-cols_inherit mobiles-cols_1 valign_top type_default stacking_default\"><div class=\"wpb_column vc_column_container\"><div class=\"vc_column-inner\"><div class=\"w-html\"><script>\ndocument.addEventListener(\"DOMContentLoaded\", function() {\n\n  const blocks = document.querySelectorAll(\".readmore-block\");\n\n  blocks.forEach((block) => {\n    const paragraph = block.querySelector(\".readmore-text\");\n    const btn = block.querySelector(\".readmore-btn\");\n\n    btn.addEventListener(\"click\", () => {\n      paragraph.classList.toggle(\"expanded\");\n\n      btn.innerText = paragraph.classList.contains(\"expanded\")\n        ? \"Czytaj mniej\"\n        : \"Czytaj wi\u0119cej\";\n    });\n  });\n\n});\n<\/script>\n\n<style>\n.readmore-text {\n  overflow: hidden;\n  display: -webkit-box;\n  -webkit-line-clamp: 4; \/* liczba linijek *\/\n  -webkit-box-orient: vertical;\n  transition: .3s;\n}\n\n.readmore-text.expanded {\n  -webkit-line-clamp: unset;\n  max-height: none;\n}\n\n.readmore-btn {\n  cursor: pointer;\n  margin-top: 8px;\n  display: inline-block;\n  background: none;\n  border: none;\n  color: #0066cc;\n  font-size: 17px;\n  padding: 0;\n}\n<\/style><\/div><div class=\"wpb_text_column us_custom_9b04bdf4\"><div class=\"wpb_wrapper\"><h2 style=\"text-align: center;\">Professional Technical Services<\/h2>\n<p style=\"text-align: center;\">Zapewniamy szeroki zakres us\u0142ug dostosowanych do Twoich potrzeb. Od precyzyjnego spawania, przez realizacj\u0119 prototyp\u00f3w, a\u017c po kompleksow\u0105 obr\u00f3bk\u0119 i monta\u017c mechaniczny oraz elektryczny. ALAP Technology dostarcza technologie przemys\u0142owe charakteryzuj\u0105ce si\u0119 niezawodno\u015bci\u0105, precyzj\u0105 i trwa\u0142o\u015bci\u0105.<\/p>\n<h2 style=\"text-align: center;\"><span style=\"font-weight: 400;\">Us\u0142ugi przemys\u0142owe<\/span><\/h2>\n<p style=\"text-align: center;\">Nasze us\u0142ugi przemys\u0142owe realizowane s\u0105 zawsze przez certyfikowanych specjalist\u00f3w z uwzgl\u0119dnieniem indywidualnych wymaga\u0144 klienta.<\/p>\n<\/div><\/div><div class=\"w-separator size_medium\"><\/div><div class=\"g-cols wpb_row via_grid cols_3 laptops-cols_2 tablets-cols_2 mobiles-cols_1 valign_top type_default\" style=\"--gap:3rem;\"><div class=\"wpb_column vc_column_container\"><div class=\"vc_column-inner\"><h3 class=\"w-text us_custom_4dbef7a8\"><span class=\"w-text-h\"><span class=\"w-text-value\">Welding of stainless steel<\/span><\/span><\/h3><div class=\"w-separator hide_on_tablets hide_on_mobiles size_small\"><\/div><div class=\"w-image style_shadow-2 has_ratio align_none\"><a target=\"_blank\" href=\"https:\/\/alaptechnology.pl\/en\/uslugi\/spawanie-stali-nierdzewnej\/\" aria-label=\"M\u0119\u017cczyzna spawaj\u0105cy w pe\u0142nym kostiumie ochronnym\" class=\"w-image-h\"><div style=\"padding-bottom:66.6667%\"><\/div><div class=\"w-image-shadow\" style=\"background-image:url(https:\/\/alaptechnology.pl\/wp-content\/uploads\/2025\/01\/welding-67640_1280-907x1024.jpg);\"><\/div><img decoding=\"async\" width=\"907\" height=\"1024\" src=\"https:\/\/alaptechnology.pl\/wp-content\/uploads\/2025\/01\/welding-67640_1280-907x1024.jpg\" class=\"attachment-large size-large\" alt=\"M\u0119\u017cczyzna spawaj\u0105cy w pe\u0142nym kostiumie ochronnym\" loading=\"lazy\" \/><\/a><\/div><div class=\"w-separator size_small\"><\/div><div class=\"wpb_text_column\"><div class=\"wpb_wrapper\"><div class=\"readmore-block\">\n<div class=\"readmore-text\">\nPrecyzyjne spawanie stali nierdzewnej stanowi podstaw\u0119 budowania zaawansowanych instalacji i maszyn dla przemys\u0142u produkcyjnego, zw\u0142aszcza w sektorach o rygorystycznych wymaganiach higienicznych, jak bran\u017ca spo\u017cywcza, farmaceutyczna i chemiczna. Spawamy spoiny, kt\u00f3re gwarantuj\u0105 trwa\u0142o\u015b\u0107, estetyk\u0119 oraz, co najwa\u017cniejsze, spe\u0142niaj\u0105 restrykcyjne normy sanitarne.<\/p>\n<p>Stosujemy nowoczesne technologie przemys\u0142owe, w tym spawanie metodami TIG i MIG\/MAG, ze szczeg\u00f3lnym uwzgl\u0119dnieniem spawania orbitalnego w przypadku instalacji rurowych. Dzi\u0119ki temu zapewniamy nienaganne po\u0142\u0105czenia, kt\u00f3re wytrzymuj\u0105 intensywn\u0105 eksploatacj\u0119 oraz procesy czyszczenia CIP. Dzia\u0142amy zar\u00f3wno w naszym warsztacie, jak i u klienta, oferuj\u0105c szybk\u0105 i efektywn\u0105 reakcj\u0119 na potrzeby modernizacji lub napraw.<\/p>\n<\/div>\n<p>  <button class=\"readmore-btn\">Czytaj wi\u0119cej<\/button>\n<\/div>\n<\/div><\/div><div class=\"w-btn-wrapper align_center\"><a class=\"w-btn us-btn-style_1 us_custom_39013ea2\" target=\"_blank\" href=\"https:\/\/alaptechnology.pl\/en\/uslugi\/spawanie-stali-nierdzewnej\/\"><span class=\"w-btn-label\">Check out the offer<\/span><\/a><\/div><\/div><\/div><div class=\"wpb_column vc_column_container\"><div class=\"vc_column-inner\"><h3 class=\"w-text us_custom_4dbef7a8\"><span class=\"w-text-h\"><span class=\"w-text-value\">Prototypy maszyn i urz\u0105dzenia specjalne<\/span><\/span><\/h3><div class=\"w-separator size_small\"><\/div><div class=\"w-image style_shadow-2 has_ratio align_none\"><a target=\"_blank\" href=\"https:\/\/alaptechnology.pl\/en\/uslugi\/prototypy\/\" aria-label=\"Przemys\u0142owa drukarka 3D z metalow\u0105 obudow\u0105\" class=\"w-image-h\"><div style=\"padding-bottom:66.6667%\"><\/div><div class=\"w-image-shadow\" style=\"background-image:url(https:\/\/alaptechnology.pl\/wp-content\/uploads\/2025\/01\/3d-printer-1024x853.jpg);\"><\/div><img decoding=\"async\" width=\"1024\" height=\"853\" src=\"https:\/\/alaptechnology.pl\/wp-content\/uploads\/2025\/01\/3d-printer-1024x853.jpg\" class=\"attachment-large size-large\" alt=\"Przemys\u0142owa drukarka 3D z metalow\u0105 obudow\u0105\" loading=\"lazy\" \/><\/a><\/div><div class=\"w-separator size_small\"><\/div><div class=\"wpb_text_column\"><div class=\"wpb_wrapper\"><div class=\"readmore-block\">\n<div class=\"readmore-text\">\n<p>Projektujemy i budujemy unikalne prototypy oraz urz\u0105dzenia specjalne idealnie dostosowane do Twoich niestandardowych wymaga\u0144 technologicznych. To tu zaczyna si\u0119 Twoja przewaga konkurencyjna \u2013 przekszta\u0142camy pomys\u0142y w dzia\u0142aj\u0105ce maszyny.<\/p>\n<p>Realizuj\u0105c prototypy, wykorzystujemy zaawansowane technologie przemys\u0142owe i specjalistyczn\u0105 wiedz\u0119 in\u017cyniersk\u0105. Od koncepcji 3D, przez dob\u00f3r materia\u0142\u00f3w, a\u017c po pierwsze testy operacyjne \u2013 czuwamy nad ka\u017cdym etapem. Budujemy maszyny i systemy, kt\u00f3re nie maj\u0105 swoich odpowiednik\u00f3w na rynku, ale s\u0105 absolutnie niezb\u0119dne dla optymalizacji specyficznych proces\u00f3w w Twojej fabryce. Nasze urz\u0105dzenia specjalne s\u0105 projektowane z my\u015bl\u0105 o pe\u0142nej integracji z istniej\u0105cymi liniami, zwi\u0119kszaj\u0105c ich efektywno\u015b\u0107 i automatyzacj\u0119.<\/p>\n<\/div>\n<p><button class=\"readmore-btn\">Czytaj wi\u0119cej<\/button><\/p>\n<\/div>\n<\/div><\/div><div class=\"w-btn-wrapper align_center\"><a class=\"w-btn us-btn-style_1 us_custom_39013ea2\" target=\"_blank\" href=\"https:\/\/alaptechnology.pl\/en\/uslugi\/prototypy\/\"><span class=\"w-btn-label\">Check out the offer<\/span><\/a><\/div><\/div><\/div><div class=\"wpb_column vc_column_container\"><div class=\"vc_column-inner\"><h3 class=\"w-text us_custom_4dbef7a8\"><span class=\"w-text-h\"><span class=\"w-text-value\">Comprehensive metalworking<\/span><\/span><\/h3><div class=\"w-separator size_small\"><\/div><div class=\"w-image style_shadow-2 has_ratio align_none\"><a target=\"_blank\" href=\"https:\/\/alaptechnology.pl\/en\/uslugi\/obrobka\/\" aria-label=\"M\u0119zczyzna tn\u0105cy przedmiot szlifierk\u0105\" class=\"w-image-h\"><div style=\"padding-bottom:66.6667%\"><\/div><div class=\"w-image-shadow\" style=\"background-image:url(https:\/\/alaptechnology.pl\/wp-content\/uploads\/2025\/01\/695-1024x683.jpg);\"><\/div><img decoding=\"async\" width=\"1024\" height=\"683\" src=\"https:\/\/alaptechnology.pl\/wp-content\/uploads\/2025\/01\/695-1024x683.jpg\" class=\"attachment-large size-large\" alt=\"M\u0119zczyzna tn\u0105cy przedmiot szlifierk\u0105\" loading=\"lazy\" \/><\/a><\/div><div class=\"w-separator size_small\"><\/div><div class=\"wpb_text_column\"><div class=\"wpb_wrapper\"><div class=\"readmore-block\">\n<div class=\"readmore-text\">\n<p>\u015awiadczymy zaawansowane us\u0142ugi przemys\u0142owe obejmuj\u0105ce ci\u0119cie, gi\u0119cie, frezowanie, toczenie, szlifowanie i wyka\u0144czanie z zachowaniem najwy\u017cszej precyzji wymiarowej. Nasze komponenty s\u0105 gotowe do pracy w najbardziej wymagaj\u0105cym przemy\u015ble produkcyjnym.<\/p>\n<p>Stosujemy najnowsze technologie przemys\u0142owe obr\u00f3bki CNC, co gwarantuje powtarzalno\u015b\u0107 i dok\u0142adno\u015b\u0107 niezale\u017cnie od wielko\u015bci serii. Pracujemy z r\u00f3\u017cnorodnymi materia\u0142ami \u2013 stal\u0105 nierdzewn\u0105, stal\u0105 w\u0119glow\u0105, aluminium i metalami kolorowymi. Zapewniamy, \u017ce ka\u017cdy element, od najmniejszego detalu po du\u017c\u0105 konstrukcj\u0119 wsporcz\u0105, jest wykonany zgodnie ze specyfikacj\u0105 i gotowy do monta\u017cu w ramach Twojego projektu. Nasza kompleksowa obr\u00f3bka eliminuje potrzeb\u0119 anga\u017cowania wielu podwykonawc\u00f3w, skracaj\u0105c czas realizacji i optymalizuje koszty.<\/p>\n<\/div>\n<p><button class=\"readmore-btn\">Czytaj wi\u0119cej<\/button><\/p>\n<\/div>\n<\/div><\/div><div class=\"w-btn-wrapper align_center\"><a class=\"w-btn us-btn-style_1 us_custom_39013ea2\" target=\"_blank\" href=\"https:\/\/alaptechnology.pl\/en\/uslugi\/obrobka\/\"><span class=\"w-btn-label\">Check out the offer<\/span><\/a><\/div><\/div><\/div><div class=\"wpb_column vc_column_container\"><div class=\"vc_column-inner\"><h3 class=\"w-text us_custom_4dbef7a8\"><span class=\"w-text-h\"><span class=\"w-text-value\">Mechanical and electrical assembly<\/span><\/span><\/h3><div class=\"w-separator size_small\"><\/div><div class=\"w-image style_shadow-2 has_ratio align_none\"><a target=\"_blank\" href=\"https:\/\/alaptechnology.pl\/en\/uslugi\/montaz\/\" aria-label=\"Mechanik w niebieskim kombinezonie naprawiaj\u0105cy maszyne\" class=\"w-image-h\"><div style=\"padding-bottom:66.6667%\"><\/div><div class=\"w-image-shadow\" style=\"background-image:url(https:\/\/alaptechnology.pl\/wp-content\/uploads\/2025\/01\/Focused-Mechanic-at-Work-1024x1024.jpeg);\"><\/div><img decoding=\"async\" width=\"1024\" height=\"1024\" src=\"https:\/\/alaptechnology.pl\/wp-content\/uploads\/2025\/01\/Focused-Mechanic-at-Work-1024x1024.jpeg\" class=\"attachment-large size-large\" alt=\"Mechanik w niebieskim kombinezonie naprawiaj\u0105cy maszyne\" loading=\"lazy\" \/><\/a><\/div><div class=\"w-separator size_small\"><\/div><div class=\"wpb_text_column\"><div class=\"wpb_wrapper\"><div class=\"readmore-block\">\n<div class=\"readmore-text\">\nOstatni i najwa\u017cniejszy etap realizacji \u2013 integracja wszystkich technologii przemys\u0142owych w sp\u00f3jn\u0105 i dzia\u0142aj\u0105c\u0105 ca\u0142o\u015b\u0107. Oferujemy kompleksowe us\u0142ugi przemys\u0142owe monta\u017cu mechanicznego i elektrycznego maszyn, linii produkcyjnych oraz ca\u0142ych instalacji.<\/p>\n<div><\/div>\n<p>Nasze do\u015bwiadczone zespo\u0142y monta\u017cowe s\u0105 przygotowane do pracy w z\u0142o\u017conym \u015brodowisku przemys\u0142u produkcyjnego. Dbamy o ka\u017cdy aspekt wdro\u017cenia: od prawid\u0142owego posadowienia konstrukcji mechanicznych, przez precyzyjne \u0142\u0105czenie element\u00f3w, po profesjonaln\u0105 instalacj\u0119 elektryczn\u0105 i pneumatyczn\u0105. Monta\u017c obejmuje pod\u0142\u0105czenie i uruchomienie system\u00f3w sterowania, czujnik\u00f3w oraz zabezpiecze\u0144. Gwarantujemy, \u017ce po zako\u0144czeniu prac Twoje nowe lub zmodernizowane linie technologiczne b\u0119d\u0105 dzia\u0142a\u0107 z maksymaln\u0105 wydajno\u015bci\u0105, zapewniaj\u0105c bezpieczn\u0105 i nieprzerwan\u0105 produkcj\u0119.<\/p>\n<\/div>\n<p><button class=\"readmore-btn\">Czytaj wi\u0119cej<\/button><\/p>\n<\/div>\n<\/div><\/div><div class=\"w-btn-wrapper align_center\"><a class=\"w-btn us-btn-style_1 us_custom_39013ea2\" target=\"_blank\" href=\"https:\/\/alaptechnology.pl\/en\/uslugi\/montaz\/\"><span class=\"w-btn-label\">Check out the offer<\/span><\/a><\/div><\/div><\/div><\/div><div class=\"wpb_text_column us_custom_9b04bdf4\"><div class=\"wpb_wrapper\"><div style=\"height: 1rem;\"><\/div>\n<h2 style=\"text-align: center;\">Przenie\u015b sw\u00f3j przemys\u0142 produkcyjny na wy\u017cszy poziom!<\/h2>\n<p style=\"text-align: center;\">ALAP Technology dostarcza kompletne, profesjonalne us\u0142ugi przemys\u0142owe, kt\u00f3re nap\u0119dzaj\u0105 innowacje. Skontaktuj si\u0119 z nami. Masz pytania lub potrzebujesz pomocy? Jeste\u015bmy tutaj, aby odpowiedzie\u0107 na Twoje potrzeby!<\/p>\n<p style=\"text-align: center;\">Przekonaj si\u0119, jak nasze us\u0142ugi techniczne przek\u0142adaj\u0105 si\u0119 na wydajno\u015b\u0107 Twojego przemys\u0142u produkcyjnego!<\/p>\n<\/div><\/div><\/div><\/div><\/div><\/div><\/section><section class=\"l-section wpb_row us_custom_50cc7d67 height_medium\" id=\"section-21\"><div class=\"l-section-h i-cf\"><div class=\"g-cols vc_row via_grid cols_1 laptops-cols_inherit tablets-cols_inherit mobiles-cols_1 valign_top type_default stacking_default\" style=\"--gap:5rem;\"><div class=\"wpb_column vc_column_container us_custom_ceb30492 has_text_color has_bg_color\"><div class=\"vc_column-inner\"><div class=\"g-cols wpb_row via_grid cols_2 laptops-cols_inherit tablets-cols_inherit mobiles-cols_1 valign_middle type_default stacking_default\" style=\"--gap:0px;\"><div class=\"wpb_column vc_column_container us_custom_62280b32\"><div class=\"vc_column-inner\"><div class=\"wpb_text_column\"><div class=\"wpb_wrapper\"><h2>Projects<\/h2>\n<p>See how our solutions are changing industries - check out our implementations!<\/p>\n<\/div><\/div><div class=\"w-separator size_small\"><\/div><div class=\"w-btn-wrapper align_none\"><a class=\"w-btn us-btn-style_1 icon_atright\" href=\"https:\/\/alaptechnology.pl\/en\/nasze-realizacje\/\"><span class=\"w-btn-label\">Our realizations<\/span><i class=\"fas fa-arrow-right\"><\/i><\/a><\/div><\/div><\/div><div class=\"wpb_column vc_column_container us_custom_80fbe524\"><div class=\"vc_column-inner\"><div class=\"w-image us_custom_6d149020 has_ratio align_none\"><div class=\"w-image-h\"><div style=\"padding-bottom:66.6667%\"><\/div><img decoding=\"async\" width=\"1024\" height=\"683\" src=\"https:\/\/alaptechnology.pl\/wp-content\/uploads\/2025\/01\/4182-1024x683.jpg\" class=\"attachment-large size-large\" alt=\"M\u0119\u017cczyzna stoj\u0105cy przy maszynie\" loading=\"lazy\" \/><\/div><\/div><\/div><\/div><\/div><\/div><\/div><\/div><\/div><\/section><section class=\"l-section wpb_row height_auto width_full\" id=\"bcols\"><div class=\"l-section-h i-cf\"><div class=\"g-cols vc_row via_grid cols_3 laptops-cols_inherit tablets-cols_1 mobiles-cols_1 valign_middle type_default\" style=\"--gap:0rem;\"><div class=\"wpb_column vc_column_container us_custom_c13af3d5 has_text_color us_animate_this\"><div class=\"vc_column-overlay\" style=\"background:rgba(122,177,198,0.85)\"><\/div><div class=\"vc_column-inner\"><h2 class=\"w-text us_custom_bde1d67f\"><span class=\"w-text-h\"><span class=\"w-text-value\">Collaboration<\/span><\/span><\/h2><p class=\"w-text\"><span class=\"w-text-h\"><span class=\"w-text-value\">Learn how we take projects step by step to achieve success together.<\/span><\/span><\/p><div class=\"w-btn-wrapper align_none\"><a class=\"w-btn us-btn-style_1\" target=\"_blank\" href=\"https:\/\/alaptechnology.pl\/en\/wspolpraca\/\"><span class=\"w-btn-label\">Let's start working together<\/span><\/a><\/div><\/div><\/div><div class=\"wpb_column vc_column_container us_custom_55c9e6f8 has_text_color us_animate_this\"><div class=\"vc_column-overlay\" style=\"background:rgba(84,143,171,0.85)\"><\/div><div class=\"vc_column-inner\"><h2 class=\"w-text us_custom_bde1d67f\"><span class=\"w-text-h\"><span class=\"w-text-value\">Contact us<\/span><\/span><\/h2><p class=\"w-text\"><span class=\"w-text-h\"><span class=\"w-text-value\">Do you have questions or need help? We are here to answer your needs!<\/span><\/span><\/p><div class=\"w-btn-wrapper align_none\"><a class=\"w-btn us-btn-style_1 us_custom_db352830\" target=\"_blank\" href=\"https:\/\/alaptechnology.pl\/en\/kontakt\/\"><span class=\"w-btn-label\">Contact<\/span><\/a><\/div><\/div><\/div><div class=\"wpb_column vc_column_container us_custom_cc2b80f9 has_text_color us_animate_this\"><div class=\"vc_column-overlay\" style=\"background:rgba(46,59,82,0.85)\"><\/div><div class=\"vc_column-inner\"><h2 class=\"w-text us_custom_bde1d67f\"><span class=\"w-text-h\"><span class=\"w-text-value\">Inspiration and knowledge<\/span><\/span><\/h2><p class=\"w-text\"><span class=\"w-text-h\"><span class=\"w-text-value\">Visit our blog and discover interesting articles that can inspire you.<\/span><\/span><\/p><div class=\"w-btn-wrapper align_none\"><a class=\"w-btn us-btn-style_1\" target=\"_blank\" href=\"https:\/\/alaptechnology.pl\/en\/blog\/\"><span class=\"w-btn-label\">View entries<\/span><\/a><\/div><\/div><\/div><\/div><\/div><\/section>","protected":false},"excerpt":{"rendered":"","protected":false},"author":1,"featured_media":0,"parent":0,"menu_order":0,"comment_status":"closed","ping_status":"closed","template":"","meta":{"footnotes":""},"class_list":["post-1899","page","type-page","status-publish","hentry"],"aioseo_notices":[],"_links":{"self":[{"href":"https:\/\/alaptechnology.pl\/en\/wp-json\/wp\/v2\/pages\/1899","targetHints":{"allow":["GET"]}}],"collection":[{"href":"https:\/\/alaptechnology.pl\/en\/wp-json\/wp\/v2\/pages"}],"about":[{"href":"https:\/\/alaptechnology.pl\/en\/wp-json\/wp\/v2\/types\/page"}],"author":[{"embeddable":true,"href":"https:\/\/alaptechnology.pl\/en\/wp-json\/wp\/v2\/users\/1"}],"replies":[{"embeddable":true,"href":"https:\/\/alaptechnology.pl\/en\/wp-json\/wp\/v2\/comments?post=1899"}],"version-history":[{"count":40,"href":"https:\/\/alaptechnology.pl\/en\/wp-json\/wp\/v2\/pages\/1899\/revisions"}],"predecessor-version":[{"id":4157,"href":"https:\/\/alaptechnology.pl\/en\/wp-json\/wp\/v2\/pages\/1899\/revisions\/4157"}],"wp:attachment":[{"href":"https:\/\/alaptechnology.pl\/en\/wp-json\/wp\/v2\/media?parent=1899"}],"curies":[{"name":"wp","href":"https:\/\/api.w.org\/{rel}","templated":true}]}}