{"id":1887,"date":"2025-01-03T20:28:07","date_gmt":"2025-01-03T19:28:07","guid":{"rendered":"https:\/\/alap.sorzechowski.pl\/?page_id=1887"},"modified":"2025-09-10T14:35:30","modified_gmt":"2025-09-10T12:35:30","slug":"paletyzacja","status":"publish","type":"page","link":"https:\/\/alaptechnology.pl\/en\/paletyzacja\/","title":{"rendered":"Palletizing"},"content":{"rendered":"<section class=\"l-section wpb_row us_custom_103975eb height_large full_height valign_center color_footer-bottom\"><div class=\"l-section-h i-cf\"><div class=\"g-cols vc_row via_grid cols_2-3 laptops-cols_inherit tablets-cols_1 mobiles-cols_1 valign_middle type_default stacking_default\" style=\"--gap:5vw;\"><div class=\"wpb_column vc_column_container\"><div class=\"vc_column-inner\"><div class=\"w-image us_custom_10d35ad7 style_shadow-2 has_height has_ratio align_none\"><div class=\"w-image-h\"><div style=\"padding-bottom:100%\"><\/div><div class=\"w-image-shadow\" style=\"background-image:url(https:\/\/alaptechnology.pl\/wp-content\/uploads\/2025\/08\/pal-1024x684.webp);\"><\/div><img decoding=\"async\" width=\"1024\" height=\"684\" src=\"https:\/\/alaptechnology.pl\/wp-content\/uploads\/2025\/08\/pal-1024x684.webp\" class=\"attachment-large size-large\" alt=\"paletyzacja i robotyzacja - alaptechnology.pl\" loading=\"lazy\" \/><\/div><\/div><\/div><\/div><div class=\"wpb_column vc_column_container\"><div class=\"vc_column-inner\"><h1 class=\"w-text us_custom_2da24a5b has_text_color\"><span class=\"w-text-h\"><span class=\"w-text-value\">Efektywna automatyzacja magazynowania palet<\/span><\/span><\/h1><div class=\"w-separator size_medium\"><\/div><div class=\"wpb_text_column us_custom_a5c88937\"><div class=\"wpb_wrapper\"><div class=\"wpb_text_column usb_custom_vc_column_text1\" data-=\"\">\n<div class=\"wpb_wrapper\">\n<p>Zrobotyzowana paletyzacja to wa\u017cny element automatyzacji proces\u00f3w logistycznych, kt\u00f3re znacz\u0105co zwi\u0119kszaj\u0105 efektywno\u015b\u0107 produkcji i magazynowania. W ALAP Technology oferujemy zar\u00f3wno kompleksowe linie oraz pojedyncze roboty do automatycznej paletyzacji w przemy\u015ble, jak i zaawansowane systemy przeznaczone bran\u017cy spo\u017cywczej. Zajmujemy si\u0119 budow\u0105 urz\u0105dze\u0144 do za\u0142adunku palet \u2013 od linii paletyzacji blok\u00f3w mro\u017conego mi\u0119sa, przez paletyzacj\u0119 karton\u00f3w i work\u00f3w, a\u017c po automatyczne linie do transportu palet.<\/p>\n<\/div>\n<\/div>\n<\/div><\/div><\/div><\/div><\/div><\/div><\/section><section class=\"l-section wpb_row height_small\" id=\"section-08\"><div class=\"l-section-h i-cf\"><div class=\"g-cols vc_row via_grid cols_1 laptops-cols_inherit tablets-cols_inherit mobiles-cols_1 valign_top type_default stacking_default\"><div class=\"wpb_column vc_column_container\"><div class=\"vc_column-inner\"><div class=\"wpb_text_column\"><div class=\"wpb_wrapper\"><p>Odkryj nasz\u0105 kompleksow\u0105 ofert\u0119 rozwi\u0105za\u0144 \u2013 od przeno\u015bnik\u00f3w po depaletyzatory, w tym specjalistyczne uk\u0142ady paletyzacji i depaletyzacji ze stali nierdzewnej. Wybierz najlepsze rozwi\u0105zanie dla swojego biznesu!<\/p>\n<\/div><\/div><div class=\"w-separator size_medium\"><\/div><div class=\"g-cols wpb_row via_grid cols_3 laptops-cols_2 tablets-cols_2 mobiles-cols_1 valign_top type_default\" style=\"--gap:3rem;\"><div class=\"wpb_column vc_column_container\"><div class=\"vc_column-inner\"><h2 class=\"w-text us_custom_4dbef7a8\"><span class=\"w-text-h\"><span class=\"w-text-value\">Roller conveyors<\/span><\/span><\/h2><div class=\"w-separator size_small\"><\/div><div class=\"w-image style_shadow-2 has_ratio align_none\"><a target=\"_blank\" href=\"https:\/\/alaptechnology.pl\/en\/paletyzacja\/przenosniki-rolkowe\/\" aria-label=\"Metalowy ta\u015bmoci\u0105g rolkowy z bia\u0142\u0105 skrzynk\u0105 steruj\u0105c\u0105\" class=\"w-image-h\"><div style=\"padding-bottom:66.6667%\"><\/div><div class=\"w-image-shadow\" style=\"background-image:url(https:\/\/alaptechnology.pl\/wp-content\/uploads\/2025\/02\/gola-removebg-preview.png);\"><\/div><img decoding=\"async\" width=\"720\" height=\"347\" src=\"https:\/\/alaptechnology.pl\/wp-content\/uploads\/2025\/02\/gola-removebg-preview.png\" class=\"attachment-large size-large\" alt=\"Metalowy ta\u015bmoci\u0105g rolkowy z bia\u0142\u0105 skrzynk\u0105 steruj\u0105c\u0105\" loading=\"lazy\" \/><\/a><\/div><div class=\"w-separator size_small\"><\/div><div class=\"wpb_text_column\"><div class=\"wpb_wrapper\"><p>Niezawodne systemy do transportu r\u00f3\u017cnorodnych \u0142adunk\u00f3w, kt\u00f3re zwi\u0119kszaj\u0105 wydajno\u015b\u0107 i automatyzacj\u0119 magazynowania palet w zak\u0142adzie produkcyjnym.<\/p>\n<\/div><\/div><div class=\"w-btn-wrapper align_center\"><a class=\"w-btn us-btn-style_1 us_custom_39013ea2\" target=\"_blank\" href=\"https:\/\/alaptechnology.pl\/en\/paletyzacja\/przenosniki-rolkowe\/\"><span class=\"w-btn-label\">Sprawd\u017a ofert\u0119<\/span><\/a><\/div><\/div><\/div><div class=\"wpb_column vc_column_container\"><div class=\"vc_column-inner\"><h2 class=\"w-text us_custom_4dbef7a8\"><span class=\"w-text-h\"><span class=\"w-text-value\">Chain conveyors<\/span><\/span><\/h2><div class=\"w-separator size_small\"><\/div><div class=\"w-image style_shadow-2 has_ratio align_none\"><a target=\"_blank\" href=\"https:\/\/alaptechnology.pl\/en\/paletyzacja\/przenosniki-lancuchowe\/\" aria-label=\"Przemys\u0142owy przeno\u015bnik ta\u015bmowy z nap\u0119dem elektrycznym\" class=\"w-image-h\"><div style=\"padding-bottom:66.6667%\"><\/div><div class=\"w-image-shadow\" style=\"background-image:url(https:\/\/alaptechnology.pl\/wp-content\/uploads\/2025\/02\/016-14-00-00-removebg-preview.png);\"><\/div><img decoding=\"async\" width=\"720\" height=\"347\" src=\"https:\/\/alaptechnology.pl\/wp-content\/uploads\/2025\/02\/016-14-00-00-removebg-preview.png\" class=\"attachment-large size-large\" alt=\"Przemys\u0142owy przeno\u015bnik ta\u015bmowy z nap\u0119dem elektrycznym\" loading=\"lazy\" \/><\/a><\/div><div class=\"w-separator size_small\"><\/div><div class=\"wpb_text_column\"><div class=\"wpb_wrapper\"><p>Solid and durable solutions designed for moving heavy materials in demanding conditions.<\/p>\n<\/div><\/div><div class=\"w-btn-wrapper align_center\"><a class=\"w-btn us-btn-style_1 us_custom_39013ea2\" target=\"_blank\" href=\"https:\/\/alaptechnology.pl\/en\/paletyzacja\/przenosniki-lancuchowe\/\"><span class=\"w-btn-label\">Sprawd\u017a ofert\u0119<\/span><\/a><\/div><\/div><\/div><div class=\"wpb_column vc_column_container\"><div class=\"vc_column-inner\"><h2 class=\"w-text us_custom_4dbef7a8\"><span class=\"w-text-h\"><span class=\"w-text-value\">Conveyor belts<\/span><\/span><\/h2><div class=\"w-separator size_small\"><\/div><div class=\"w-image style_shadow-2 has_ratio align_none\"><a target=\"_blank\" href=\"https:\/\/alaptechnology.pl\/en\/paletyzacja\/przenosniki-tasmowe\/\" aria-label=\"Ta\u015bmowy\" class=\"w-image-h\"><div style=\"padding-bottom:66.6667%\"><\/div><div class=\"w-image-shadow\" style=\"background-image:url(https:\/\/alaptechnology.pl\/wp-content\/uploads\/2025\/05\/Tasmowy-1024x562.png);\"><\/div><img decoding=\"async\" width=\"1024\" height=\"562\" src=\"https:\/\/alaptechnology.pl\/wp-content\/uploads\/2025\/05\/Tasmowy-1024x562.png\" class=\"attachment-large size-large\" alt=\"Paletyzacja ta\u015bmowa\" loading=\"lazy\" \/><\/a><\/div><div class=\"w-separator size_small\"><\/div><div class=\"wpb_text_column\"><div class=\"wpb_wrapper\"><p>Wszechstronne przeno\u015bniki, kt\u00f3re sprawdz\u0105 si\u0119 w transporcie zar\u00f3wno lekkich, jak i ci\u0119\u017ckich produkt\u00f3w w nowoczesnych liniach do paletyzacji, np. mro\u017conek.<\/p>\n<\/div><\/div><div class=\"w-btn-wrapper align_center\"><a class=\"w-btn us-btn-style_1 us_custom_39013ea2\" target=\"_blank\" href=\"https:\/\/alaptechnology.pl\/en\/paletyzacja\/przenosniki-tasmowe\/\"><span class=\"w-btn-label\">Sprawd\u017a ofert\u0119<\/span><\/a><\/div><\/div><\/div><div class=\"wpb_column vc_column_container\"><div class=\"vc_column-inner\"><h2 class=\"w-text us_custom_4dbef7a8\"><span class=\"w-text-h\"><span class=\"w-text-value\">Turntables<\/span><\/span><\/h2><div class=\"w-separator size_small\"><\/div><div class=\"w-image style_shadow-2 has_ratio align_none\"><a target=\"_blank\" href=\"https:\/\/alaptechnology.pl\/en\/paletyzacja\/obrotnice\/\" aria-label=\"Metalowa obrotnica\" class=\"w-image-h\"><div style=\"padding-bottom:66.6667%\"><\/div><div class=\"w-image-shadow\" style=\"background-image:url(https:\/\/alaptechnology.pl\/wp-content\/uploads\/2025\/02\/016-10-00-00--1024x547.png);\"><\/div><img decoding=\"async\" width=\"1024\" height=\"547\" src=\"https:\/\/alaptechnology.pl\/wp-content\/uploads\/2025\/02\/016-10-00-00--1024x547.png\" class=\"attachment-large size-large\" alt=\"Metalowa obrotnica\" loading=\"lazy\" \/><\/a><\/div><div class=\"w-separator size_small\"><\/div><div class=\"wpb_text_column\"><div class=\"wpb_wrapper\"><p>Advanced equipment for precise load rotation, ensuring efficiency and accuracy.<\/p>\n<\/div><\/div><div class=\"w-btn-wrapper align_center\"><a class=\"w-btn us-btn-style_1 us_custom_39013ea2\" target=\"_blank\" href=\"https:\/\/alaptechnology.pl\/en\/paletyzacja\/obrotnice\/\"><span class=\"w-btn-label\">Sprawd\u017a ofert\u0119<\/span><\/a><\/div><\/div><\/div><div class=\"wpb_column vc_column_container\"><div class=\"vc_column-inner\"><h2 class=\"w-text us_custom_4dbef7a8\"><span class=\"w-text-h\"><span class=\"w-text-value\">Automatic warehouse\/pallet dispenser<\/span><\/span><\/h2><div class=\"w-separator size_small\"><\/div><div class=\"w-image style_shadow-2 has_ratio align_none\"><a target=\"_blank\" href=\"https:\/\/alaptechnology.pl\/en\/paletyzacja\/automatyczny-podajnik-palet\/\" aria-label=\"Niebieski manipulator palet z drewnianymi paletami\" class=\"w-image-h\"><div style=\"padding-bottom:66.6667%\"><\/div><div class=\"w-image-shadow\" style=\"background-image:url(https:\/\/alaptechnology.pl\/wp-content\/uploads\/2025\/02\/MAgazyn_kaczory-removebg-preview.png);\"><\/div><img decoding=\"async\" width=\"634\" height=\"394\" src=\"https:\/\/alaptechnology.pl\/wp-content\/uploads\/2025\/02\/MAgazyn_kaczory-removebg-preview.png\" class=\"attachment-large size-large\" alt=\"Niebieski manipulator palet z drewnianymi paletami\" loading=\"lazy\" \/><\/a><\/div><div class=\"w-separator size_small\"><\/div><div class=\"wpb_text_column\"><div class=\"wpb_wrapper\"><p>Podajniki do stacji paletyzacji, kt\u00f3re automatyzuj\u0105 proces za\u0142adunku i roz\u0142adunku palet, usprawniaj\u0105c procesy logistyczne.<\/p>\n<\/div><\/div><div class=\"w-btn-wrapper align_center\"><a class=\"w-btn us-btn-style_1 us_custom_39013ea2\" target=\"_blank\" href=\"https:\/\/alaptechnology.pl\/en\/paletyzacja\/automatyczny-podajnik-palet\/\"><span class=\"w-btn-label\">Sprawd\u017a ofert\u0119<\/span><\/a><\/div><\/div><\/div><div class=\"wpb_column vc_column_container\"><div class=\"vc_column-inner\"><h2 class=\"w-text us_custom_4dbef7a8\"><span class=\"w-text-h\"><span class=\"w-text-value\">Positioners\/stoppers<\/span><\/span><\/h2><div class=\"w-separator size_small\"><\/div><div class=\"w-image style_shadow-2 has_ratio align_none\"><a target=\"_blank\" href=\"https:\/\/alaptechnology.pl\/en\/paletyzacja\/pozycjonery-stopery\/\" aria-label=\"Poz karton\" class=\"w-image-h\"><div style=\"padding-bottom:66.6667%\"><\/div><div class=\"w-image-shadow\" style=\"background-image:url(https:\/\/alaptechnology.pl\/wp-content\/uploads\/2025\/05\/Poz-karton.jpg);\"><\/div><img decoding=\"async\" width=\"712\" height=\"460\" src=\"https:\/\/alaptechnology.pl\/wp-content\/uploads\/2025\/05\/Poz-karton.jpg\" class=\"attachment-large size-large\" alt=\"Pozycjoner karton\u00f3w\" loading=\"lazy\" \/><\/a><\/div><div class=\"w-separator size_small\"><\/div><div class=\"wpb_text_column\"><div class=\"wpb_wrapper\"><p>Precise components for the control and positioning of loads in automated processes.<\/p>\n<\/div><\/div><div class=\"w-btn-wrapper align_center\"><a class=\"w-btn us-btn-style_1 us_custom_39013ea2\" target=\"_blank\" href=\"https:\/\/alaptechnology.pl\/en\/paletyzacja\/pozycjonery-stopery\/\"><span class=\"w-btn-label\">Sprawd\u017a ofert\u0119<\/span><\/a><\/div><\/div><\/div><div class=\"wpb_column vc_column_container\"><div class=\"vc_column-inner\"><h2 class=\"w-text us_custom_9e2a92a9\"><span class=\"w-text-h\"><span class=\"w-text-value\">Depalletizer<\/span><\/span><\/h2><div class=\"w-separator size_small\"><\/div><div class=\"w-image style_shadow-2 has_ratio align_none\"><a target=\"_blank\" href=\"https:\/\/alaptechnology.pl\/en\/paletyzacja\/depaletyzatory\/\" aria-label=\"Bia\u0142a maszyna depaletyzuj\u0105ca z czerwon\u0105 palet\u0105 i niebieskimi elementami na konstrukcji\" class=\"w-image-h\"><div style=\"padding-bottom:66.6667%\"><\/div><div class=\"w-image-shadow\" style=\"background-image:url(https:\/\/alaptechnology.pl\/wp-content\/uploads\/2025\/03\/Zrzut-ekranu-2025-03-03-105641-1024x611.png);\"><\/div><img decoding=\"async\" width=\"1024\" height=\"611\" src=\"https:\/\/alaptechnology.pl\/wp-content\/uploads\/2025\/03\/Zrzut-ekranu-2025-03-03-105641-1024x611.png\" class=\"attachment-large size-large\" alt=\"Bia\u0142a maszyna depaletyzuj\u0105ca z czerwon\u0105 palet\u0105 i niebieskimi elementami na konstrukcji\" loading=\"lazy\" \/><\/a><\/div><div class=\"w-separator size_small\"><\/div><div class=\"wpb_text_column\"><div class=\"wpb_wrapper\"><p>Solutions for the automated unloading of products from pallets, optimizing processes in warehouses and production halls.<\/p>\n<\/div><\/div><div class=\"w-btn-wrapper align_center\"><a class=\"w-btn us-btn-style_1 us_custom_39013ea2\" target=\"_blank\" href=\"https:\/\/alaptechnology.pl\/en\/paletyzacja\/depaletyzatory\/\"><span class=\"w-btn-label\">Sprawd\u017a ofert\u0119<\/span><\/a><\/div><\/div><\/div><div class=\"wpb_column vc_column_container\"><div class=\"vc_column-inner\"><h2 class=\"w-text us_custom_4dbef7a8\"><span class=\"w-text-h\"><span class=\"w-text-value\">Transfer rolkowy\/\u0142a\u0144cuchowy<\/span><\/span><\/h2><div class=\"w-separator size_small\"><\/div><div class=\"w-image style_shadow-2 has_ratio align_none\"><a target=\"_blank\" href=\"https:\/\/alaptechnology.pl\/en\/paletyzacja\/transfer-rolkowy-lancuchowy\/\" aria-label=\"Metalowy ta\u015bmoci\u0105g rolkowy z podw\u00f3jn\u0105 sekcj\u0105 i skrzynk\u0105 steruj\u0105c\u0105\" class=\"w-image-h\"><div style=\"padding-bottom:66.6667%\"><\/div><div class=\"w-image-shadow\" style=\"background-image:url(https:\/\/alaptechnology.pl\/wp-content\/uploads\/2025\/02\/016-17-00-002-removebg-preview.png);\"><\/div><img decoding=\"async\" width=\"712\" height=\"351\" src=\"https:\/\/alaptechnology.pl\/wp-content\/uploads\/2025\/02\/016-17-00-002-removebg-preview.png\" class=\"attachment-large size-large\" alt=\"Metalowy ta\u015bmoci\u0105g rolkowy z podw\u00f3jn\u0105 sekcj\u0105 i skrzynk\u0105 steruj\u0105c\u0105\" loading=\"lazy\" \/><\/a><\/div><div class=\"w-separator size_small\"><\/div><div class=\"wpb_text_column\"><div class=\"wpb_wrapper\"><p>Effective systems for transferring loads between production lines, ensuring the fluidity and reliability of internal transportation.<\/p>\n<\/div><\/div><div class=\"w-btn-wrapper align_center\"><a class=\"w-btn us-btn-style_1 us_custom_39013ea2\" target=\"_blank\" href=\"https:\/\/alaptechnology.pl\/en\/paletyzacja\/transfer-rolkowy-lancuchowy\/\"><span class=\"w-btn-label\">Sprawd\u017a ofert\u0119<\/span><\/a><\/div><\/div><\/div><div class=\"wpb_column vc_column_container\"><div class=\"vc_column-inner\"><h2 class=\"w-text us_custom_4dbef7a8\"><span class=\"w-text-h\"><span class=\"w-text-value\">Stainless steel palletizing for the food industry<\/span><\/span><\/h2><div class=\"w-separator size_small\"><\/div><div class=\"w-image style_shadow-2 has_ratio align_none\"><a target=\"_blank\" href=\"https:\/\/alaptechnology.pl\/en\/paletyzacja\/paletyzacji-ze-stali-nierdzewnej\/\" aria-label=\"pal nierdz\" class=\"w-image-h\"><div style=\"padding-bottom:66.6667%\"><\/div><div class=\"w-image-shadow\" style=\"background-image:url(https:\/\/alaptechnology.pl\/wp-content\/uploads\/2025\/05\/pal-nierdz.jpg);\"><\/div><img decoding=\"async\" width=\"767\" height=\"512\" src=\"https:\/\/alaptechnology.pl\/wp-content\/uploads\/2025\/05\/pal-nierdz.jpg\" class=\"attachment-large size-large\" alt=\"paletyzacja ze stali nierdzewnej\" loading=\"lazy\" \/><\/a><\/div><div class=\"w-separator size_small\"><\/div><div class=\"wpb_text_column\"><div class=\"wpb_wrapper\"><p>Stainless steel palletizing is a reliable solution for the food industry, ensuring hygienic and precise stacking of products in accordance with sanitary standards.<\/p>\n<\/div><\/div><div class=\"w-btn-wrapper align_center\"><a class=\"w-btn us-btn-style_1 us_custom_39013ea2\" target=\"_blank\" href=\"https:\/\/alaptechnology.pl\/en\/paletyzacja\/paletyzacji-ze-stali-nierdzewnej\/\"><span class=\"w-btn-label\">Sprawd\u017a ofert\u0119<\/span><\/a><\/div><\/div><\/div><div class=\"wpb_column vc_column_container\"><div class=\"vc_column-inner\"><h2 class=\"w-text us_custom_4dbef7a8\"><span class=\"w-text-h\"><span class=\"w-text-value\">Palletizing frozen blocks<\/span><\/span><\/h2><div class=\"w-separator size_custom\" style=\"height:11%\"><\/div><div class=\"w-image style_shadow-2 has_ratio align_none\"><a target=\"_blank\" href=\"https:\/\/alaptechnology.pl\/en\/paletyzacja\/paletyzacja-blokow-mrozonych\/\" aria-label=\"016-16-00-00 bez siatki\" class=\"w-image-h\"><div style=\"padding-bottom:66.6667%\"><\/div><div class=\"w-image-shadow\" style=\"background-image:url(https:\/\/alaptechnology.pl\/wp-content\/uploads\/2025\/05\/016-16-00-00-bez-siatki-1024x505.png);\"><\/div><img decoding=\"async\" width=\"1024\" height=\"505\" src=\"https:\/\/alaptechnology.pl\/wp-content\/uploads\/2025\/05\/016-16-00-00-bez-siatki-1024x505.png\" class=\"attachment-large size-large\" alt=\"Paletyzacja blok\u00f3w mro\u017conych\" loading=\"lazy\" \/><\/a><\/div><div class=\"w-separator size_small\"><\/div><div class=\"wpb_text_column\"><div class=\"wpb_wrapper\"><p>Automated palletizing of frozen blocks increases efficiency, minimizes the risk of damage and ensures load stability at every stage of the process.<\/p>\n<\/div><\/div><div class=\"w-btn-wrapper align_center\"><a class=\"w-btn us-btn-style_1 us_custom_39013ea2\" target=\"_blank\" href=\"https:\/\/alaptechnology.pl\/en\/paletyzacja\/paletyzacja-blokow-mrozonych\/\"><span class=\"w-btn-label\">Check out the offer<\/span><\/a><\/div><\/div><\/div><\/div><\/div><\/div><\/div><\/div><\/section><section class=\"l-section wpb_row us_custom_50cc7d67 height_medium\" id=\"section-21\"><div class=\"l-section-h i-cf\"><div class=\"g-cols vc_row via_grid cols_1 laptops-cols_inherit tablets-cols_inherit mobiles-cols_1 valign_top type_default stacking_default\" style=\"--gap:5rem;\"><div class=\"wpb_column vc_column_container us_custom_ceb30492 has_text_color has_bg_color\"><div class=\"vc_column-inner\"><div class=\"g-cols wpb_row via_grid cols_2 laptops-cols_inherit tablets-cols_inherit mobiles-cols_1 valign_middle type_default stacking_default\" style=\"--gap:0px;\"><div class=\"wpb_column vc_column_container us_custom_62280b32\"><div class=\"vc_column-inner\"><div class=\"wpb_text_column\"><div class=\"wpb_wrapper\"><h2>Projects<\/h2>\n<p>See how our solutions are changing industries - check out our implementations!<\/p>\n<\/div><\/div><div class=\"w-separator size_small\"><\/div><div class=\"w-btn-wrapper align_none\"><a class=\"w-btn us-btn-style_1 icon_atright\" href=\"https:\/\/alaptechnology.pl\/en\/nasze-realizacje\/\"><span class=\"w-btn-label\">Our realizations<\/span><i class=\"fas fa-arrow-right\"><\/i><\/a><\/div><\/div><\/div><div class=\"wpb_column vc_column_container us_custom_80fbe524\"><div class=\"vc_column-inner\"><div class=\"w-image us_custom_6d149020 has_ratio align_none\"><div class=\"w-image-h\"><div style=\"padding-bottom:66.6667%\"><\/div><img decoding=\"async\" width=\"1024\" height=\"683\" src=\"https:\/\/alaptechnology.pl\/wp-content\/uploads\/2025\/01\/4182-1024x683.jpg\" class=\"attachment-large size-large\" alt=\"M\u0119\u017cczyzna stoj\u0105cy przy maszynie\" loading=\"lazy\" \/><\/div><\/div><\/div><\/div><\/div><\/div><\/div><\/div><\/div><\/section><section class=\"l-section wpb_row height_auto width_full\" id=\"bcols\"><div class=\"l-section-h i-cf\"><div class=\"g-cols vc_row via_grid cols_3 laptops-cols_inherit tablets-cols_1 mobiles-cols_1 valign_middle type_default\" style=\"--gap:0rem;\"><div class=\"wpb_column vc_column_container us_custom_c13af3d5 has_text_color us_animate_this\"><div class=\"vc_column-overlay\" style=\"background:rgba(122,177,198,0.85)\"><\/div><div class=\"vc_column-inner\"><h2 class=\"w-text us_custom_bde1d67f\"><span class=\"w-text-h\"><span class=\"w-text-value\">Collaboration<\/span><\/span><\/h2><p class=\"w-text\"><span class=\"w-text-h\"><span class=\"w-text-value\">Learn how we take projects step by step to achieve success together.<\/span><\/span><\/p><div class=\"w-btn-wrapper align_none\"><a class=\"w-btn us-btn-style_1\" target=\"_blank\" href=\"https:\/\/alaptechnology.pl\/en\/wspolpraca\/\"><span class=\"w-btn-label\">Let's start working together<\/span><\/a><\/div><\/div><\/div><div class=\"wpb_column vc_column_container us_custom_55c9e6f8 has_text_color us_animate_this\"><div class=\"vc_column-overlay\" style=\"background:rgba(84,143,171,0.85)\"><\/div><div class=\"vc_column-inner\"><h2 class=\"w-text us_custom_bde1d67f\"><span class=\"w-text-h\"><span class=\"w-text-value\">Contact us<\/span><\/span><\/h2><p class=\"w-text\"><span class=\"w-text-h\"><span class=\"w-text-value\">Do you have questions or need help? We are here to answer your needs!<\/span><\/span><\/p><div class=\"w-btn-wrapper align_none\"><a class=\"w-btn us-btn-style_1 us_custom_db352830\" target=\"_blank\" href=\"https:\/\/alaptechnology.pl\/en\/kontakt\/\"><span class=\"w-btn-label\">Contact<\/span><\/a><\/div><\/div><\/div><div class=\"wpb_column vc_column_container us_custom_cc2b80f9 has_text_color us_animate_this\"><div class=\"vc_column-overlay\" style=\"background:rgba(46,59,82,0.85)\"><\/div><div class=\"vc_column-inner\"><h2 class=\"w-text us_custom_bde1d67f\"><span class=\"w-text-h\"><span class=\"w-text-value\">Inspiration and knowledge<\/span><\/span><\/h2><p class=\"w-text\"><span class=\"w-text-h\"><span class=\"w-text-value\">Visit our blog and discover interesting articles that can inspire you.<\/span><\/span><\/p><div class=\"w-btn-wrapper align_none\"><a class=\"w-btn us-btn-style_1\" target=\"_blank\" href=\"https:\/\/alaptechnology.pl\/en\/blog\/\"><span class=\"w-btn-label\">View entries<\/span><\/a><\/div><\/div><\/div><\/div><\/div><\/section>","protected":false},"excerpt":{"rendered":"","protected":false},"author":1,"featured_media":0,"parent":0,"menu_order":0,"comment_status":"closed","ping_status":"closed","template":"","meta":{"footnotes":""},"class_list":["post-1887","page","type-page","status-publish","hentry"],"aioseo_notices":[],"_links":{"self":[{"href":"https:\/\/alaptechnology.pl\/en\/wp-json\/wp\/v2\/pages\/1887","targetHints":{"allow":["GET"]}}],"collection":[{"href":"https:\/\/alaptechnology.pl\/en\/wp-json\/wp\/v2\/pages"}],"about":[{"href":"https:\/\/alaptechnology.pl\/en\/wp-json\/wp\/v2\/types\/page"}],"author":[{"embeddable":true,"href":"https:\/\/alaptechnology.pl\/en\/wp-json\/wp\/v2\/users\/1"}],"replies":[{"embeddable":true,"href":"https:\/\/alaptechnology.pl\/en\/wp-json\/wp\/v2\/comments?post=1887"}],"version-history":[{"count":219,"href":"https:\/\/alaptechnology.pl\/en\/wp-json\/wp\/v2\/pages\/1887\/revisions"}],"predecessor-version":[{"id":3947,"href":"https:\/\/alaptechnology.pl\/en\/wp-json\/wp\/v2\/pages\/1887\/revisions\/3947"}],"wp:attachment":[{"href":"https:\/\/alaptechnology.pl\/en\/wp-json\/wp\/v2\/media?parent=1887"}],"curies":[{"name":"wp","href":"https:\/\/api.w.org\/{rel}","templated":true}]}}