{"id":1475,"date":"2021-11-20T10:31:12","date_gmt":"2021-11-20T10:31:12","guid":{"rendered":"https:\/\/impreza28.us-themes.com\/?page_id=1475"},"modified":"2025-01-13T23:20:03","modified_gmt":"2025-01-13T22:20:03","slug":"kontakt","status":"publish","type":"page","link":"https:\/\/alaptechnology.pl\/en\/kontakt\/","title":{"rendered":"Contact"},"content":{"rendered":"<section class=\"l-section wpb_row height_medium\" id=\"section-21\"><div class=\"l-section-h i-cf\"><div class=\"g-cols vc_row via_grid cols_2 laptops-cols_inherit tablets-cols_inherit mobiles-cols_1 valign_top type_default stacking_default\" style=\"--gap:58px;\"><div class=\"wpb_column vc_column_container\"><div class=\"vc_column-inner\"><div class=\"wpb_text_column\"><div class=\"wpb_wrapper\"><h4>Dear Customer,<\/h4>\n<p>We encourage you to contact us about anything! If you have questions about our offerings, need additional information or would like to discuss a customized solution - we are here to help.<\/p>\n<\/div><\/div><div class=\"w-separator size_medium\"><\/div><form class=\"w-form  us-field-style_1 layout_ver for_cform us_form_1\" autocomplete=\"off\" action=\"https:\/\/alaptechnology.pl\/en\/en\/wp-json\/wp\/v2\/pages\/1475\" method=\"post\" data-trp-original-action=\"https:\/\/alaptechnology.pl\/en\/en\/wp-json\/wp\/v2\/pages\/1475\"><div class=\"w-form-h\"><div class=\"w-form-row for_text has_label move_label required with_icon\">\r\n\t\t\t<div class=\"w-form-row-label\">\r\n\t\t\t<span>Your name *<\/span>\r\n\t\t<\/div>\r\n\t\t<div class=\"w-form-row-field\">\r\n\t\t\t\t<i class=\"material-icons\">person<\/i>\t\t<input aria-label=\"Twoje imie\" type=\"text\" name=\"us_form_1_text_1\" value placeholder data-required=\"true\" aria-required=\"true\"\/>\r\n\t\t\t<\/div>\r\n\t\t<div class=\"w-form-row-state\">Fill out this field<\/div>\r\n<\/div>\r\n<div class=\"w-form-row for_text has_label move_label required with_icon\">\r\n\t\t\t<div class=\"w-form-row-label\">\r\n\t\t\t<span>Phone Number *<\/span>\r\n\t\t<\/div>\r\n\t\t<div class=\"w-form-row-field\">\r\n\t\t\t\t<i class=\"material-icons\">phone<\/i>\t\t<input aria-label=\"Numer telefonu\" inputmode=\"tel\" type=\"text\" name=\"us_form_1_text_2\" value placeholder data-required=\"true\" aria-required=\"true\"\/>\r\n\t\t\t<\/div>\r\n\t\t<div class=\"w-form-row-state\">Fill out this field<\/div>\r\n<\/div>\r\n<div class=\"w-form-row for_textarea has_label move_label required with_icon\">\r\n\t\t\t<div class=\"w-form-row-label\">\r\n\t\t\t<span>Message *<\/span>\r\n\t\t<\/div>\r\n\t\t<div class=\"w-form-row-field\">\r\n\t\t\t\t<i class=\"material-icons\">create<\/i>\t\t<textarea aria-label=\"Wiadomo\u015b\u0107\" name=\"us_form_1_textarea_1\" placeholder data-required=\"true\" aria-required=\"true\"><\/textarea>\r\n\t\t\t<\/div>\r\n\t\t<div class=\"w-form-row-state\">Fill out this field<\/div>\r\n<\/div>\r\n<input type=\"hidden\" name=\"action\" value=\"us_ajax_cform\" \/>\r\n<input type=\"hidden\" name=\"post_id\" value=\"0\" \/>\r\n<input type=\"hidden\" name=\"form_index\" value=\"1\" \/>\r\n<div class=\"w-form-row for_submit align_none\">\r\n\t<button class=\"w-btn  us-btn-style_1\" aria-label=\"Send a message\" type=\"submit\">\r\n\t\t<span class=\"g-preloader type_1\"><\/span>\r\n\t\t\t\t<span class=\"w-btn-label\">Send a message<\/span>\r\n\t\t\t<\/button>\r\n\t<\/div>\r\n<\/div><div class=\"w-form-message\"><\/div><div class=\"w-form-json hidden\" onclick='return {&quot;ajaxurl&quot;:&quot;https:\\\/\\\/alaptechnology.pl\\\/wp-admin\\\/admin-ajax.php&quot;,&quot;messages&quot;:{&quot;err_empty&quot;:&quot;Fill out this field&quot;,&quot;err_size&quot;:&quot;File size cannot exceed %s MB&quot;,&quot;err_extension&quot;:&quot;%s file type is not allowed&quot;}}'><\/div><input type=\"hidden\" name=\"trp-form-language\" value=\"en\"\/><\/form><\/div><\/div><div class=\"wpb_column vc_column_container\"><div class=\"vc_column-inner\"><div class=\"w-iconbox iconpos_left style_default color_primary align_left no_text\"><div class=\"w-iconbox-icon\" style=\"font-size:2rem;\"><i class=\"material-icons\">location_on<\/i><\/div><div class=\"w-iconbox-meta\"><h4 class=\"w-iconbox-title\">Pod D\u0119bow\u0105 G\u00f3r\u0105 Street 11-19 , 87-100 Toru\u0144<\/h4><\/div><\/div><div class=\"w-separator size_small\"><\/div><div class=\"w-iconbox iconpos_left style_default color_primary align_left no_text\"><a href=\"tel:+48575244770\" class=\"w-iconbox-link\" aria-label=\"+48 575 244 770\"><div class=\"w-iconbox-icon\" style=\"font-size:2rem;\"><i class=\"material-icons\">phone<\/i><\/div><\/a><div class=\"w-iconbox-meta\"><a href=\"tel:+48575244770\" class=\"w-iconbox-link\" aria-label=\"+48 575 244 770\"><h4 class=\"w-iconbox-title\">+48 575 244 770<\/h4><\/a><\/div><\/div><div class=\"w-separator size_small\"><\/div><div class=\"w-iconbox iconpos_left style_default color_primary align_left no_text\"><div class=\"w-iconbox-icon\" style=\"font-size:2rem;\"><i class=\"material-icons\">access_time<\/i><\/div><div class=\"w-iconbox-meta\"><h4 class=\"w-iconbox-title\">Mon-Fri : 8:00 a.m. - 4:00 p.m.<\/h4><\/div><\/div><div class=\"w-separator size_small\"><\/div><div class=\"w-html\"><iframe src=\"https:\/\/www.google.com\/maps\/embed?pb=!1m18!1m12!1m3!1d2399.310687228177!2d18.612011922446996!3d53.03275337970963!2m3!1f0!2f0!3f0!3m2!1i1024!2i768!4f13.1!3m3!1m2!1s0xa817781854f5b7d3%3A0xd05dd94d7d2a496!2sALAP%20Technology!5e0!3m2!1spl!2spl!4v1736038786642!5m2!1spl!2spl\" width=\"600\" height=\"450\" style=\"border:0;\" allowfullscreen=\"\" loading=\"lazy\" referrerpolicy=\"no-referrer-when-downgrade\"><\/iframe><\/div><\/div><\/div><\/div><\/div><\/section><section class=\"l-section wpb_row height_auto width_full\" id=\"bcols\"><div class=\"l-section-h i-cf\"><div class=\"g-cols vc_row via_grid cols_3 laptops-cols_inherit tablets-cols_1 mobiles-cols_1 valign_middle type_default\" style=\"--gap:0rem;\"><div class=\"wpb_column vc_column_container us_custom_c13af3d5 has_text_color us_animate_this\"><div class=\"vc_column-overlay\" style=\"background:rgba(122,177,198,0.85)\"><\/div><div class=\"vc_column-inner\"><h2 class=\"w-text us_custom_bde1d67f\"><span class=\"w-text-h\"><span class=\"w-text-value\">Get to know us better<\/span><\/span><\/h2><p class=\"w-text\"><span class=\"w-text-h\"><span class=\"w-text-value\">Discover our passion for creating solutions that meet your needs and challenges!<\/span><\/span><\/p><div class=\"w-btn-wrapper align_none\"><a class=\"w-btn us-btn-style_1 us_custom_f58a0cb9\" target=\"_blank\" href=\"https:\/\/alaptechnology.pl\/en\/o-nas\/\"><span class=\"w-btn-label\">About us<\/span><\/a><\/div><\/div><\/div><div class=\"wpb_column vc_column_container us_custom_55c9e6f8 has_text_color us_animate_this\"><div class=\"vc_column-overlay\" style=\"background:rgba(84,143,171,0.85)\"><\/div><div class=\"vc_column-inner\"><h2 class=\"w-text us_custom_bde1d67f\"><span class=\"w-text-h\"><span class=\"w-text-value\">Nasze projekty <\/span><\/span><\/h2><p class=\"w-text\"><span class=\"w-text-h\"><span class=\"w-text-value\">Zobacz, jak nasze realizacje przek\u0142adaj\u0105 si\u0119 na rzeczywiste efekty.<\/span><\/span><\/p><div class=\"w-btn-wrapper align_none\"><a class=\"w-btn us-btn-style_1 us_custom_db352830\" target=\"_blank\" href=\"https:\/\/alaptechnology.pl\/en\/nasze-realizacje\/\"><span class=\"w-btn-label\">Contact<\/span><\/a><\/div><\/div><\/div><div class=\"wpb_column vc_column_container us_custom_cc2b80f9 has_text_color us_animate_this\"><div class=\"vc_column-overlay\" style=\"background:rgba(46,59,82,0.85)\"><\/div><div class=\"vc_column-inner\"><h2 class=\"w-text us_custom_bde1d67f\"><span class=\"w-text-h\"><span class=\"w-text-value\">Inspiration and knowledge<\/span><\/span><\/h2><p class=\"w-text\"><span class=\"w-text-h\"><span class=\"w-text-value\">Visit our blog and discover interesting articles that can inspire you.<\/span><\/span><\/p><div class=\"w-btn-wrapper align_none\"><a class=\"w-btn us-btn-style_1\" target=\"_blank\" href=\"https:\/\/alaptechnology.pl\/en\/blog\/\"><span class=\"w-btn-label\">View entries<\/span><\/a><\/div><\/div><\/div><\/div><\/div><\/section>","protected":false},"excerpt":{"rendered":"","protected":false},"author":1,"featured_media":0,"parent":0,"menu_order":0,"comment_status":"closed","ping_status":"closed","template":"","meta":{"footnotes":""},"class_list":["post-1475","page","type-page","status-publish","hentry"],"aioseo_notices":[],"_links":{"self":[{"href":"https:\/\/alaptechnology.pl\/en\/wp-json\/wp\/v2\/pages\/1475","targetHints":{"allow":["GET"]}}],"collection":[{"href":"https:\/\/alaptechnology.pl\/en\/wp-json\/wp\/v2\/pages"}],"about":[{"href":"https:\/\/alaptechnology.pl\/en\/wp-json\/wp\/v2\/types\/page"}],"author":[{"embeddable":true,"href":"https:\/\/alaptechnology.pl\/en\/wp-json\/wp\/v2\/users\/1"}],"replies":[{"embeddable":true,"href":"https:\/\/alaptechnology.pl\/en\/wp-json\/wp\/v2\/comments?post=1475"}],"version-history":[{"count":35,"href":"https:\/\/alaptechnology.pl\/en\/wp-json\/wp\/v2\/pages\/1475\/revisions"}],"predecessor-version":[{"id":3281,"href":"https:\/\/alaptechnology.pl\/en\/wp-json\/wp\/v2\/pages\/1475\/revisions\/3281"}],"wp:attachment":[{"href":"https:\/\/alaptechnology.pl\/en\/wp-json\/wp\/v2\/media?parent=1475"}],"curies":[{"name":"wp","href":"https:\/\/api.w.org\/{rel}","templated":true}]}}